{"id":8906,"date":"2022-01-26T07:40:58","date_gmt":"2022-01-26T06:40:58","guid":{"rendered":"https:\/\/www.djm.nl\/?page_id=8906"},"modified":"2025-06-02T09:24:43","modified_gmt":"2025-06-02T08:24:43","slug":"toucan","status":"publish","type":"page","link":"https:\/\/www.djm.nl\/de\/produkte\/toucan\/","title":{"rendered":"Toucan"},"content":{"rendered":"<div id=\"pl-8906\"  class=\"panel-layout\" ><div id=\"pg-8906-0\"  class=\"panel-grid panel-no-style\" ><div id=\"pgc-8906-0-0\"  class=\"panel-grid-cell\" ><div id=\"panel-8906-0-0-0\" class=\"so-panel widget widget_sow-editor panel-first-child\" data-index=\"0\" ><div class=\"so-widget-sow-editor so-widget-sow-editor-base\">\n<div class=\"siteorigin-widget-tinymce textwidget\">\n\t<h3><strong>Das Toucan-Druckmodul ist ein Vollfarbdruckmodul und die perfekte L\u00f6sung f\u00fcr die Produktion von Kleinauflagen in der Verpackung<\/strong><\/h3>\n<h4><strong>Unterst\u00fctzt eine Vielzahl von Anwendungen<\/strong><\/h4>\n<div id=\"attachment_7268\" style=\"width: 210px\" class=\"wp-caption alignright\"><img aria-describedby=\"caption-attachment-7268\" loading=\"lazy\" decoding=\"async\" class=\"size-custom-size-200 wp-image-7268\" src=\"https:\/\/www.djm.nl\/wp-content\/uploads\/2021\/12\/Toucan-rond-200x200.png\" alt=\"\" width=\"200\" height=\"200\" srcset=\"https:\/\/www.djm.nl\/wp-content\/uploads\/2021\/12\/Toucan-rond-200x200.png 200w, https:\/\/www.djm.nl\/wp-content\/uploads\/2021\/12\/Toucan-rond-300x298.png 300w, https:\/\/www.djm.nl\/wp-content\/uploads\/2021\/12\/Toucan-rond-1024x1018.png 1024w, https:\/\/www.djm.nl\/wp-content\/uploads\/2021\/12\/Toucan-rond-150x150.png 150w, https:\/\/www.djm.nl\/wp-content\/uploads\/2021\/12\/Toucan-rond-768x764.png 768w, https:\/\/www.djm.nl\/wp-content\/uploads\/2021\/12\/Toucan-rond-250x250.png 250w, https:\/\/www.djm.nl\/wp-content\/uploads\/2021\/12\/Toucan-rond.png 1030w\" sizes=\"auto, (max-width: 200px) 100vw, 200px\" \/><p id=\"caption-attachment-7268\" class=\"wp-caption-text\">Toucan-Druckmodul auf Vakuumf\u00f6rderer montiert<\/p><\/div>\n<p>Das<strong> Toucan<\/strong> Druckmodul ist ein HP-basiertes Vollfarbdruckmodul und die perfekte L\u00f6sung f\u00fcr Kleinauflagen. Die Kombination aus Druckbreite und pigmentierter Tinte macht das <strong>Toucan<\/strong> Druckmodul perfekt f\u00fcr eine Vielzahl von Anwendungen. Aufgrund seiner kompakten Abmessungen l\u00e4sst sich das <strong>Toucan<\/strong> Druckmodul problemlos in bestehende Produktionslinien integrieren oder als Standalone-Ger\u00e4t verwenden.<\/p>\n<h4><strong>Druckkopf mit hoher Spezifikation<\/strong><\/h4>\n<p>Das <strong>Toucan<\/strong> Druckmodul nutzt HPs PageWide-Druckkopftechnologie und bietet eine hohe Aufl\u00f6sung von 1.200 dpi in Kombination mit einer Druckbreite von 297 mm und einer Bildl\u00e4nge von bis zu 914 mm.<\/p>\n<h4><strong>Langlebige lebendige Farben<\/strong><\/h4>\n<p>Das <strong>Toucan<\/strong> Druckmodul verwendet pigmentierte Tinten auf Wasserbasis und bietet Haltbarkeit auf einer Vielzahl por\u00f6ser Medientypen. Es wurde auf Lichtechtheit, Wasserfestigkeit und Kratzfestigkeit getestet.<\/p>\n<h4><strong>Einfach zu verwenden<\/strong><\/h4>\n<p>Das <strong>Toucan<\/strong> Druckmodul verf\u00fcgt \u00fcber eine integrierte Druckkopf-Wartungsstation und erm\u00f6glicht das Abdecken, Reinigen und Abwischen des Druckkopfs. Diese automatisierte Routine wird von der Software gesteuert, was maximale Benutzerfreundlichkeit und kurze R\u00fcstzeiten gew\u00e4hrleistet. Das <strong>Toucan <\/strong>Druckmodul verf\u00fcgt \u00fcber ein internes kartuschenbasiertes Tintensystem.<\/p>\n<h4><strong>Langfristige Nutzung<\/strong><\/h4>\n<p>Das <strong>Toucan<\/strong> Druckmodul basiert auf einem \u201eBar-in-Box\u201c-Prinzip und umfasst den Druckkopf und das Tintensystem. Der Druckkopf kann bis zu 12 Liter pro Farbe halten, dies h\u00e4ngt jedoch von der Farbnutzung und der Bildgr\u00f6\u00dfe ab. Wenn der Druckkopf das Ende seiner Lebensdauer erreicht hat, muss die komplette \u201eBar-in-Box\u201c-Einheit, zu der der Druckkopf geh\u00f6rt, ausgetauscht werden. Dies ist ein einfacher Vorgang und kann vom Bediener durchgef\u00fchrt werden.<\/p>\n<p><strong>Toucan Vorteile<\/strong><\/p>\n<ul>\n<li>Gro\u00dfe Druckbreite 297 mm<\/li>\n<li>Volle Farbe<\/li>\n<li>Langlebige pigmentierte Tinte<\/li>\n<li>Automatisierte Wartung<\/li>\n<\/ul>\n<\/div>\n<\/div><\/div><div id=\"panel-8906-0-0-1\" class=\"so-panel widget widget_sow-editor panel-last-child\" data-index=\"1\" ><div class=\"so-widget-sow-editor so-widget-sow-editor-base\">\n<div class=\"siteorigin-widget-tinymce textwidget\">\n\t<h3><strong>Bedruckt mit Toucan<\/strong><\/h3>\n<\/div>\n<\/div><\/div><\/div><\/div><div id=\"pg-8906-1\"  class=\"panel-grid panel-no-style\" ><div id=\"pgc-8906-1-0\"  class=\"panel-grid-cell\" ><div id=\"panel-8906-1-0-0\" class=\"so-panel widget widget_sow-editor panel-first-child panel-last-child\" data-index=\"2\" ><div class=\"so-widget-sow-editor so-widget-sow-editor-base\">\n<div class=\"siteorigin-widget-tinymce textwidget\">\n\t<p><img loading=\"lazy\" decoding=\"async\" class=\"alignnone wp-image-6077\" src=\"https:\/\/www.djm.nl\/wp-content\/uploads\/2020\/03\/4.png\" alt=\"\" width=\"246\" height=\"150\" \/><\/p>\n<\/div>\n<\/div><\/div><\/div><div id=\"pgc-8906-1-1\"  class=\"panel-grid-cell\" ><div id=\"panel-8906-1-1-0\" class=\"so-panel widget widget_sow-editor panel-first-child panel-last-child\" data-index=\"3\" ><div class=\"so-widget-sow-editor so-widget-sow-editor-base\">\n<div class=\"siteorigin-widget-tinymce textwidget\">\n\t<p><img loading=\"lazy\" decoding=\"async\" class=\"alignnone wp-image-6072\" src=\"https:\/\/www.djm.nl\/wp-content\/uploads\/2020\/03\/3.png\" alt=\"\" width=\"246\" height=\"150\" \/><\/p>\n<\/div>\n<\/div><\/div><\/div><div id=\"pgc-8906-1-2\"  class=\"panel-grid-cell\" ><div id=\"panel-8906-1-2-0\" class=\"so-panel widget widget_sow-editor panel-first-child panel-last-child\" data-index=\"4\" ><div class=\"so-widget-sow-editor so-widget-sow-editor-base\">\n<div class=\"siteorigin-widget-tinymce textwidget\">\n\t<p><img loading=\"lazy\" decoding=\"async\" class=\"alignnone wp-image-6062\" src=\"https:\/\/www.djm.nl\/wp-content\/uploads\/2020\/03\/1.png\" alt=\"\" width=\"246\" height=\"150\" \/><\/p>\n<\/div>\n<\/div><\/div><\/div><div id=\"pgc-8906-1-3\"  class=\"panel-grid-cell\" ><div id=\"panel-8906-1-3-0\" class=\"so-panel widget widget_sow-editor panel-first-child panel-last-child\" data-index=\"5\" ><div class=\"so-widget-sow-editor so-widget-sow-editor-base\">\n<div class=\"siteorigin-widget-tinymce textwidget\">\n\t<p><img loading=\"lazy\" decoding=\"async\" class=\"alignnone wp-image-6067\" src=\"https:\/\/www.djm.nl\/wp-content\/uploads\/2020\/03\/2.png\" alt=\"\" width=\"246\" height=\"150\" \/><\/p>\n<\/div>\n<\/div><\/div><\/div><\/div><div id=\"pg-8906-2\"  class=\"panel-grid panel-no-style\" ><div id=\"pgc-8906-2-0\"  class=\"panel-grid-cell\" ><div id=\"panel-8906-2-0-0\" class=\"so-panel widget widget_sow-cta panel-first-child panel-last-child\" data-index=\"6\" ><div class=\"so-widget-sow-cta so-widget-sow-cta-default-4208922e6c26-8906\"><div class=\"sow-cta-base\">\n\n\t<div class=\"sow-cta-wrapper\">\n\n\t\t<div class=\"sow-cta-text\">\n\t\t\t<h4 class=\"sow-cta-title\">Suchen Sie nach einer kompakten Vollfarb-Inkjet-Druckl\u00f6sung?<\/h4>\n\t\t\t<h5 class=\"sow-cta-subtitle\">Suchen Sie nicht weiter, wir k\u00f6nnen Ihnen eine ma\u00dfgeschneiderte L\u00f6sung anbieten, die Ihre Erwartungen \u00fcbertrifft!<\/h5>\n\t\t<\/div>\n\n\t\t<div class=\"so-widget-sow-button so-widget-sow-button-atom-b4f6b6b19f96\"><div class=\"ow-button-base ow-button-align-center\">\n\t<a href=\"mailto:sales@djm.nl\" class=\"ow-icon-placement-left ow-button-hover\" \t\t>\n\t\t<span>\n\t\t\t\n\t\t\tkontaktiere uns\t\t<\/span>\n\t<\/a>\n<\/div>\n<\/div>\n\t<\/div>\n\n<\/div>\n<\/div><\/div><\/div><\/div><\/div>","protected":false},"excerpt":{"rendered":"<p>Das Toucan-Druckmodul ist ein Vollfarbdruckmodul und die perfekte L\u00f6sung f\u00fcr die Produktion von Kleinauflagen in der Verpackung Unterst\u00fctzt eine Vielzahl von Anwendungen Das Toucan Druckmodul ist ein HP-basiertes Vollfarbdruckmodul und die perfekte L\u00f6sung f\u00fcr Kleinauflagen. Die Kombination aus Druckbreite und pigmentierter Tinte macht das Toucan Druckmodul perfekt f\u00fcr eine Vielzahl von Anwendungen. Aufgrund seiner kompakten [&hellip;]<\/p>\n","protected":false},"author":4,"featured_media":5944,"parent":1214,"menu_order":0,"comment_status":"closed","ping_status":"closed","template":"","meta":{"footnotes":""},"class_list":["post-8906","page","type-page","status-publish","has-post-thumbnail","hentry"],"_links":{"self":[{"href":"https:\/\/www.djm.nl\/de\/wp-json\/wp\/v2\/pages\/8906","targetHints":{"allow":["GET"]}}],"collection":[{"href":"https:\/\/www.djm.nl\/de\/wp-json\/wp\/v2\/pages"}],"about":[{"href":"https:\/\/www.djm.nl\/de\/wp-json\/wp\/v2\/types\/page"}],"author":[{"embeddable":true,"href":"https:\/\/www.djm.nl\/de\/wp-json\/wp\/v2\/users\/4"}],"replies":[{"embeddable":true,"href":"https:\/\/www.djm.nl\/de\/wp-json\/wp\/v2\/comments?post=8906"}],"version-history":[{"count":24,"href":"https:\/\/www.djm.nl\/de\/wp-json\/wp\/v2\/pages\/8906\/revisions"}],"predecessor-version":[{"id":14254,"href":"https:\/\/www.djm.nl\/de\/wp-json\/wp\/v2\/pages\/8906\/revisions\/14254"}],"up":[{"embeddable":true,"href":"https:\/\/www.djm.nl\/de\/wp-json\/wp\/v2\/pages\/1214"}],"wp:featuredmedia":[{"embeddable":true,"href":"https:\/\/www.djm.nl\/de\/wp-json\/wp\/v2\/media\/5944"}],"wp:attachment":[{"href":"https:\/\/www.djm.nl\/de\/wp-json\/wp\/v2\/media?parent=8906"}],"curies":[{"name":"wp","href":"https:\/\/api.w.org\/{rel}","templated":true}]}}