{"id":8608,"date":"2022-01-25T13:44:49","date_gmt":"2022-01-25T12:44:49","guid":{"rendered":"https:\/\/www.djm.nl\/?page_id=8608"},"modified":"2024-05-23T17:11:58","modified_gmt":"2024-05-23T16:11:58","slug":"8608-2","status":"publish","type":"page","link":"https:\/\/www.djm.nl\/de\/produkte\/8608-2\/","title":{"rendered":"Ultra High-Speed WB"},"content":{"rendered":"<div id=\"pl-8608\"  class=\"panel-layout\" ><div id=\"pg-8608-0\"  class=\"panel-grid panel-no-style\" ><div id=\"pgc-8608-0-0\"  class=\"panel-grid-cell\" ><div id=\"panel-8608-0-0-0\" class=\"so-panel widget widget_sow-editor panel-first-child panel-last-child\" data-index=\"0\" ><div class=\"so-widget-sow-editor so-widget-sow-editor-base\">\n<div class=\"siteorigin-widget-tinymce textwidget\">\n\t<h3>Erh\u00f6hen Sie Ihren Durchsatz und Ihre Betriebszeit f\u00fcr eine h\u00f6here Rentabilit\u00e4t mit dem Ultra High-Speed-Druckmodul<\/h3>\n<h4>Die neueste Druckkopftechnologie<\/h4>\n<div id=\"attachment_11833\" style=\"width: 310px\" class=\"wp-caption alignright\"><img aria-describedby=\"caption-attachment-11833\" loading=\"lazy\" decoding=\"async\" class=\"wp-image-11833\" src=\"https:\/\/www.djm.nl\/wp-content\/uploads\/2023\/01\/Ultra-PM108-200x200.png\" alt=\"\" width=\"300\" height=\"298\" srcset=\"https:\/\/www.djm.nl\/wp-content\/uploads\/2023\/01\/Ultra-PM108-200x200.png 200w, https:\/\/www.djm.nl\/wp-content\/uploads\/2023\/01\/Ultra-PM108-150x150.png 150w, https:\/\/www.djm.nl\/wp-content\/uploads\/2023\/01\/Ultra-PM108-250x248.png 250w, https:\/\/www.djm.nl\/wp-content\/uploads\/2023\/01\/Ultra-PM108.png 283w\" sizes=\"auto, (max-width: 300px) 100vw, 300px\" \/><p id=\"caption-attachment-11833\" class=\"wp-caption-text\">Die Ultra High-Speed Druckmodul integriert in web Anlage<\/p><\/div>\n<p>Die <strong>Ultra High-Speed<\/strong> Druckmodultechnologie verwendet den neuesten piezoelektrischen 600-dpi-Druckkopf von Kyocera. Dieser Druckkopf zeichnet sich durch die hervorragende Strahlgeradheit, solide Konstruktion mit einer Stahld\u00fcsenplatte aus. Der Druckkopf ist mit einer internen Tintenr\u00fcckf\u00fchrung ausgestattet und f\u00fchrt zu einer h\u00f6heren Offenzeit der Tinte und somit zu einer geringeren Druckkopfreinigung. Dar\u00fcber hinaus stehen f\u00fcr das System verschiedenste wasserbasierte Tintensets zur Verf\u00fcgung, sodass f\u00fcr jede Anwendung die passende Tinte zur Verf\u00fcgung steht.<\/p>\n<p>Das <strong>Ultra High-Speed<\/strong> Druckmodul ist mit zwei 'Interlaced' Druckk\u00f6pfen ausgestattet und kann f\u00fcr eine Vielzahl von Hochgeschwindigkeitsanwendungen eingesetzt werden. Abh\u00e4ngig von der f\u00fcr die Anwendung erforderlichen Druckaufl\u00f6sung sind Druckgeschwindigkeiten von bis zu 400 Metern pro Minute m\u00f6glich (bei einer Aufl\u00f6sung von 600 x 300 dpi).<\/p>\n<h4>Skalierbarkeit<\/h4>\n<p>Die beiden ineinander verschachtelten Druckk\u00f6pfe sind auf einer speziell konstruierten Montageplatte montiert.<\/p>\n<p>Die Druckbreite des <strong>Ultra High-Speed<\/strong> Druckmoduls wird auf die gew\u00fcnschten Anwendungsanforderungen konfiguriert. Das <strong>Ultra High-Speed<\/strong> Druckmodul kann mit einem einzelnen Druckkopf oder mit mehreren Druckk\u00f6pfen konfiguriert werden, die zusammen einen versetzten Druckbalken von bis zu 100 Zoll bilden.<\/p>\n<h4>Wachstumspfad<\/h4>\n<p>Die <strong>Ultra High-Speed<\/strong> \u200b\u200bDruckmodule wurden f\u00fcr den flexiblen Einsatz entwickelt. Ein monochromes System kann zu einem Vollfarbsystem oder sogar mit zus\u00e4tzlichen Farben wie OVG oder RGB f\u00fcr einen breiteren Farbbereich erweitert werden. Dies gibt Ihnen die M\u00f6glichkeit, das Drucksystem mit Ihren Gesch\u00e4ftsanforderungen zu erweitern und Ihre Investition zu sch\u00fctzen.<\/p>\n<h4>Flexibler Einsatz<\/h4>\n<p>Die <strong>Ultra High-Speed<\/strong> \u200b\u200bDruckmodule lassen sich einfach integrieren, k\u00f6nnen aber auch als Stand-Alone-L\u00f6sung eingesetzt werden. Um das Beste aus Ihrer Druckkonfiguration in Bezug auf Flexibilit\u00e4t, Effektivit\u00e4t und Rentabilit\u00e4t herauszuholen, wenden wir bei jedem Projekt Prinzipien wie maximale Leistung, Zuverl\u00e4ssigkeit und Benutzerfreundlichkeit an.<\/p>\n<p>Zur \u00dcberpr\u00fcfung von Druckausgaben wie 1D- und 2D-Codes bieten wir Kamerainspektionssysteme an.<\/p>\n<div id=\"attachment_7298\" style=\"width: 310px\" class=\"wp-caption alignright\"><img aria-describedby=\"caption-attachment-7298\" loading=\"lazy\" decoding=\"async\" class=\"wp-image-7298 size-medium\" src=\"https:\/\/www.djm.nl\/wp-content\/uploads\/2021\/12\/2PH-interlaced-300x200.png\" alt=\"\" width=\"300\" height=\"200\" srcset=\"https:\/\/www.djm.nl\/wp-content\/uploads\/2021\/12\/2PH-interlaced-300x200.png 300w, https:\/\/www.djm.nl\/wp-content\/uploads\/2021\/12\/2PH-interlaced-200x133.png 200w, https:\/\/www.djm.nl\/wp-content\/uploads\/2021\/12\/2PH-interlaced-250x167.png 250w, https:\/\/www.djm.nl\/wp-content\/uploads\/2021\/12\/2PH-interlaced-150x100.png 150w, https:\/\/www.djm.nl\/wp-content\/uploads\/2021\/12\/2PH-interlaced-272x182.png 272w, https:\/\/www.djm.nl\/wp-content\/uploads\/2021\/12\/2PH-interlaced.png 418w\" sizes=\"auto, (max-width: 300px) 100vw, 300px\" \/><p id=\"caption-attachment-7298\" class=\"wp-caption-text\">Die beiden ineinander verschachtelten Druckk\u00f6pfe sind auf einer speziell konstruierten Montageplatte montiert<\/p><\/div>\n<h4>Vorteile und Kostenersparnis<\/h4>\n<p>Die <strong>Ultra High-Speed<\/strong> Druckmodultechnologie bietet viele Vorteile und Kosteneinsparungen, wie z. B. l\u00e4ngere Betriebszeit, schnellere Einrichtungszeit, hohe Bildqualit\u00e4t, Tintenflexibilit\u00e4t, keine \u00dcberholungskosten und vieles mehr. <a href=\"https:\/\/www.djm.nl\/de\/nutzen-und-kostenersparnis\/\">Weiterlesen<\/a><\/p>\n<h4>Zuverl\u00e4ssiger Partner<\/h4>\n<p>Sie wollen einen zuverl\u00e4ssigen, engagierten und qualifizierten Gesch\u00e4ftspartner. Versprechen und erf\u00fcllen. Bei DJM dreht sich alles um Inkjet. Mit \u00fcber 28 Jahren Erfahrung bringen wir die industrielle Inkjet-Technologie an ihre Grenzen. F\u00fchrende Unternehmen der Druckindustrie auf der ganzen Welt haben sich f\u00fcr Inkjet-L\u00f6sungen an DJM gewandt, weil sie unseren pers\u00f6nlichen Ansatz und unsere solide Technik sch\u00e4tzen. Unser Ziel ist es, Ihnen die besten Inkjet-Druckl\u00f6sungen f\u00fcr eine qualitativ hochwertige variable Datenausgabe und gesteigerte Effizienz anzubieten. <a href=\"https:\/\/www.djm.nl\/de\/unsere-versprechen\/\">Lesen Sie hier unser Versprechen<\/a><\/p>\n<h4>Beginnen Sie mit der Integration digitaler Exzellenz<\/h4>\n<p>&nbsp;<\/p>\n<h4>Ultra High-Speed-Vorteile<\/h4>\n<ul>\n<li>Hohe Druckgeschwindigkeit - bis zu 400 m\/min<\/li>\n<li>Einfach zu integrieren<\/li>\n<li>Flexibilit\u00e4t der wasserbasierten Tinte<\/li>\n<li>Skalierbare Breite \u2013 bis zu 100 Zoll breit<\/li>\n<li>Kosteneffizient<\/li>\n<\/ul>\n<\/div>\n<\/div><\/div><\/div><\/div><div id=\"pg-8608-1\"  class=\"panel-grid panel-no-style\" ><div id=\"pgc-8608-1-0\"  class=\"panel-grid-cell\" ><div id=\"panel-8608-1-0-0\" class=\"so-panel widget widget_sow-cta panel-first-child panel-last-child\" data-index=\"1\" ><div class=\"so-widget-sow-cta so-widget-sow-cta-default-4208922e6c26-8608\"><div class=\"sow-cta-base\">\n\n\t<div class=\"sow-cta-wrapper\">\n\n\t\t<div class=\"sow-cta-text\">\n\t\t\t<h4 class=\"sow-cta-title\">Suchen Sie nach einer kompletten High-Speed Inkjet Druckl\u00f6sung f\u00fcr Ihre Anwendung?<\/h4>\n\t\t\t<h5 class=\"sow-cta-subtitle\">Suchen Sie nicht weiter, wir k\u00f6nnen Ihnen eine ma\u00dfgeschneiderte L\u00f6sung anbieten, die Ihre Erwartungen \u00fcbertrifft!<\/h5>\n\t\t<\/div>\n\n\t\t<div class=\"so-widget-sow-button so-widget-sow-button-atom-b4f6b6b19f96\"><div class=\"ow-button-base ow-button-align-center\">\n\t<a href=\"mailto:sales@djm.nl\" class=\"ow-icon-placement-left ow-button-hover\" \t\t>\n\t\t<span>\n\t\t\t\n\t\t\tkontaktiere uns\t\t<\/span>\n\t<\/a>\n<\/div>\n<\/div>\n\t<\/div>\n\n<\/div>\n<\/div><\/div><\/div><\/div><\/div>","protected":false},"excerpt":{"rendered":"<p>Erh\u00f6hen Sie Ihren Durchsatz und Ihre Betriebszeit f\u00fcr eine h\u00f6here Rentabilit\u00e4t mit dem Ultra High-Speed-Druckmodul Die neueste Druckkopftechnologie Die Ultra High-Speed Druckmodultechnologie verwendet den neuesten piezoelektrischen 600-dpi-Druckkopf von Kyocera. Dieser Druckkopf zeichnet sich durch die hervorragende Strahlgeradheit, solide Konstruktion mit einer Stahld\u00fcsenplatte aus. Der Druckkopf ist mit einer internen Tintenr\u00fcckf\u00fchrung ausgestattet und f\u00fchrt zu einer [&hellip;]<\/p>\n","protected":false},"author":4,"featured_media":0,"parent":1214,"menu_order":0,"comment_status":"closed","ping_status":"closed","template":"","meta":{"footnotes":""},"class_list":["post-8608","page","type-page","status-publish","hentry"],"_links":{"self":[{"href":"https:\/\/www.djm.nl\/de\/wp-json\/wp\/v2\/pages\/8608","targetHints":{"allow":["GET"]}}],"collection":[{"href":"https:\/\/www.djm.nl\/de\/wp-json\/wp\/v2\/pages"}],"about":[{"href":"https:\/\/www.djm.nl\/de\/wp-json\/wp\/v2\/types\/page"}],"author":[{"embeddable":true,"href":"https:\/\/www.djm.nl\/de\/wp-json\/wp\/v2\/users\/4"}],"replies":[{"embeddable":true,"href":"https:\/\/www.djm.nl\/de\/wp-json\/wp\/v2\/comments?post=8608"}],"version-history":[{"count":13,"href":"https:\/\/www.djm.nl\/de\/wp-json\/wp\/v2\/pages\/8608\/revisions"}],"predecessor-version":[{"id":13556,"href":"https:\/\/www.djm.nl\/de\/wp-json\/wp\/v2\/pages\/8608\/revisions\/13556"}],"up":[{"embeddable":true,"href":"https:\/\/www.djm.nl\/de\/wp-json\/wp\/v2\/pages\/1214"}],"wp:attachment":[{"href":"https:\/\/www.djm.nl\/de\/wp-json\/wp\/v2\/media?parent=8608"}],"curies":[{"name":"wp","href":"https:\/\/api.w.org\/{rel}","templated":true}]}}