{"id":8363,"date":"2022-01-04T09:38:45","date_gmt":"2022-01-04T08:38:45","guid":{"rendered":"https:\/\/www.djm.nl\/?page_id=8363"},"modified":"2022-01-25T21:03:50","modified_gmt":"2022-01-25T20:03:50","slug":"ultra-high-definition","status":"publish","type":"page","link":"https:\/\/www.djm.nl\/de\/produkte\/ultra-high-definition\/","title":{"rendered":"Ultra High-Definition WB"},"content":{"rendered":"<div id=\"pl-8363\"  class=\"panel-layout\" ><div id=\"pg-8363-0\"  class=\"panel-grid panel-no-style\" ><div id=\"pgc-8363-0-0\"  class=\"panel-grid-cell\" ><div id=\"panel-8363-0-0-0\" class=\"so-panel widget widget_sow-editor panel-first-child panel-last-child\" data-index=\"0\" ><div class=\"so-widget-sow-editor so-widget-sow-editor-base\">\n<div class=\"siteorigin-widget-tinymce textwidget\">\n\t<h3><strong>Steigern Sie Ihren Durchsatz und Ihre Betriebszeit f\u00fcr eine h\u00f6here Rentabilit\u00e4t mit der Ultra High-Definition Druckmodultechnologie<\/strong><\/h3>\n<h4><strong>Die neueste Druckkopftechnologie<img loading=\"lazy\" decoding=\"async\" class=\"alignright wp-image-7277 size-medium\" src=\"https:\/\/www.djm.nl\/wp-content\/uploads\/2021\/12\/Ultra-HD-300x300.png\" alt=\"\" width=\"300\" height=\"300\" srcset=\"https:\/\/www.djm.nl\/wp-content\/uploads\/2021\/12\/Ultra-HD-300x300.png 300w, https:\/\/www.djm.nl\/wp-content\/uploads\/2021\/12\/Ultra-HD-1024x1024.png 1024w, https:\/\/www.djm.nl\/wp-content\/uploads\/2021\/12\/Ultra-HD-150x150.png 150w, https:\/\/www.djm.nl\/wp-content\/uploads\/2021\/12\/Ultra-HD-768x768.png 768w, https:\/\/www.djm.nl\/wp-content\/uploads\/2021\/12\/Ultra-HD-1536x1536.png 1536w, https:\/\/www.djm.nl\/wp-content\/uploads\/2021\/12\/Ultra-HD-2048x2048.png 2048w, https:\/\/www.djm.nl\/wp-content\/uploads\/2021\/12\/Ultra-HD-200x200.png 200w, https:\/\/www.djm.nl\/wp-content\/uploads\/2021\/12\/Ultra-HD-250x250.png 250w\" sizes=\"auto, (max-width: 300px) 100vw, 300px\" \/><\/strong><\/h4>\n<p>Die <strong>Ultra High-Definition<\/strong> Druckmodultechnologie verwendet den neuesten piezoelektrischen Druckkopf mit 1.200 dpi von Kyocera. Dieser Druckkopf zeichnet sich durch die hohe Aufl\u00f6sung, ausgezeichnete Strahlgeradheit, solide Konstruktion mit einer D\u00fcsenplatte aus Stahl aus. Der Druckkopf ist mit einer internen Tintenrezirkulation ausgestattet und f\u00fchrt zu einer h\u00f6heren Offenzeit der Tinte und somit ist weniger Druckkopfreinigung erforderlich. Dar\u00fcber hinaus stehen f\u00fcr das System verschiedenste wasserbasierte Tintensets zur Verf\u00fcgung, sodass f\u00fcr jede Anwendung die passende Tinte zur Verf\u00fcgung steht.<\/p>\n<p>Das <strong>Ultra High-Definition<\/strong> Druckmodul kann f\u00fcr eine Vielzahl von Anwendungen verwendet werden. Abh\u00e4ngig von der f\u00fcr die Anwendung erforderlichen Druckaufl\u00f6sung sind Druckgeschwindigkeiten von bis zu 200 Metern pro Minute m\u00f6glich (bei einer Aufl\u00f6sung von 1.200 x 600 dpi).<\/p>\n<h4><strong>Skalierbarkeit<\/strong><\/h4>\n<p>Die Druckbreite des <strong>Ultra High-Definition<\/strong> Druckmoduls wird auf die gew\u00fcnschten Anwendungsanforderungen konfiguriert. Das <strong>Ultra High-Definition<\/strong> Druckmodul kann mit einem einzelnen Druckkopf oder mit mehreren Druckk\u00f6pfen konfiguriert werden, die zusammen eine versetzte Druckleiste von bis zu 100 Zoll bilden.<\/p>\n<h4><strong>Wachstumspfad<img loading=\"lazy\" decoding=\"async\" class=\"alignright wp-image-7308\" src=\"https:\/\/www.djm.nl\/wp-content\/uploads\/2021\/12\/KC-scalable-platform-300x143.png\" alt=\"\" width=\"400\" height=\"190\" srcset=\"https:\/\/www.djm.nl\/wp-content\/uploads\/2021\/12\/KC-scalable-platform-300x143.png 300w, https:\/\/www.djm.nl\/wp-content\/uploads\/2021\/12\/KC-scalable-platform-1024x487.png 1024w, https:\/\/www.djm.nl\/wp-content\/uploads\/2021\/12\/KC-scalable-platform-768x365.png 768w, https:\/\/www.djm.nl\/wp-content\/uploads\/2021\/12\/KC-scalable-platform-200x95.png 200w, https:\/\/www.djm.nl\/wp-content\/uploads\/2021\/12\/KC-scalable-platform-250x119.png 250w, https:\/\/www.djm.nl\/wp-content\/uploads\/2021\/12\/KC-scalable-platform-150x71.png 150w, https:\/\/www.djm.nl\/wp-content\/uploads\/2021\/12\/KC-scalable-platform.png 1452w\" sizes=\"auto, (max-width: 400px) 100vw, 400px\" \/><\/strong><\/h4>\n<p>Die <strong>Ultra High-Definition<\/strong> Plattform ist in Druckbreite und Anzahl der Farben skalierbar. Die <strong>Ultra High-Definition<\/strong> Druckmodule wurden f\u00fcr den flexiblen Einsatz entwickelt. Ein monochromes System kann zu einem Vollfarbsystem oder sogar mit zus\u00e4tzlichen Farben wie OVG oder RGB f\u00fcr einen breiteren Farbbereich erweitert werden. Dies gibt Ihnen die M\u00f6glichkeit, das Drucksystem mit Ihren Gesch\u00e4ftsanforderungen zu erweitern und Ihre Investition zu sch\u00fctzen.<\/p>\n<h4><strong>Flexibler Einsatz<\/strong><\/h4>\n<p>Die <strong>Ultra High-Definition<\/strong> Druckmodule sind einfach zu integrieren, k\u00f6nnen aber auch als Stand-alone L\u00f6sung eingesetzt werden. Um das Optimum aus Ihrer Druckkonfiguration in Bezug auf Flexibilit\u00e4t, Effektivit\u00e4t und Wirtschaftlichkeit herauszuholen, setzen wir bei jedem Projekt Prinzipien wie maximale Leistung, Zuverl\u00e4ssigkeit und Benutzerfreundlichkeit um.<\/p>\n<p>Zur \u00dcberpr\u00fcfung von Druckausgaben wie 1D- und 2D-Codes bieten wir Kamerainspektionssysteme an.<\/p>\n<h4><strong>Vorteile und Kostenersparnis<\/strong><\/h4>\n<p>Die <strong>Ultra High-Definition<\/strong> Druckmodultechnologie bietet viele Vorteile und Kosteneinsparungen, wie z. B. h\u00f6here Betriebszeit, schnellere Einrichtungszeit, hohe Bildqualit\u00e4t, Tintenflexibilit\u00e4t, keine Aufarbeitungskosten und vieles mehr. Weiterlesen<\/p>\n<h4><strong>Zuverl\u00e4ssiger Partner<\/strong><\/h4>\n<p>Sie wollen einen zuverl\u00e4ssigen, engagierten und qualifizierten Gesch\u00e4ftspartner. Versprechen und erf\u00fcllen. Bei DJM dreht sich alles um Tintenstrahl. Mit \u00fcber 28 Jahren Erfahrung bringen wir die industrielle Inkjet-Technologie an ihre Grenzen. F\u00fchrende Druckbranchen auf der ganzen Welt haben sich f\u00fcr Inkjet-L\u00f6sungen an DJM gewandt, weil sie unseren pers\u00f6nlichen Ansatz und unsere solide Technik sch\u00e4tzen. Unser Ziel ist es, Ihnen die besten Tintenstrahldruckl\u00f6sungen f\u00fcr eine qualitativ hochwertige variable Datenausgabe und mehr Effizienz anzubieten. Lesen Sie hier unser Versprechen<\/p>\n<p>&nbsp;<\/p>\n<p><strong>Vorteile von Ultra High-Definition<\/strong><\/p>\n<ul>\n<li>Hohe Bildqualit\u00e4t 1.200 dpi<\/li>\n<li>Hohe Geschwindigkeit - bis zu 200 m\/min<\/li>\n<li>Skalierbare Breite - bis zu einer Breite von 100 Zoll<\/li>\n<li>Flexibilit\u00e4t der wasserbasierten Tinte<\/li>\n<li>Kosteneffizient<\/li>\n<\/ul>\n<\/div>\n<\/div><\/div><\/div><\/div><div id=\"pg-8363-1\"  class=\"panel-grid panel-no-style\" ><div id=\"pgc-8363-1-0\"  class=\"panel-grid-cell\" ><div id=\"panel-8363-1-0-0\" class=\"so-panel widget widget_sow-cta panel-first-child panel-last-child\" data-index=\"1\" ><div class=\"so-widget-sow-cta so-widget-sow-cta-default-4208922e6c26-8363\"><div class=\"sow-cta-base\">\n\n\t<div class=\"sow-cta-wrapper\">\n\n\t\t<div class=\"sow-cta-text\">\n\t\t\t<h4 class=\"sow-cta-title\">Suchen Sie nach einer kompletten High-Definition Inkjet Druckl\u00f6sung f\u00fcr Ihre Anwendung?<\/h4>\n\t\t\t<h5 class=\"sow-cta-subtitle\">Suchen Sie nicht weiter, wir k\u00f6nnen Ihnen eine ma\u00dfgeschneiderte L\u00f6sung anbieten, die Ihre Erwartungen \u00fcbertrifft!<\/h5>\n\t\t<\/div>\n\n\t\t<div class=\"so-widget-sow-button so-widget-sow-button-atom-b4f6b6b19f96\"><div class=\"ow-button-base ow-button-align-center\">\n\t<a href=\"mailto:sales@djm.nl\" class=\"ow-icon-placement-left ow-button-hover\" \t\t>\n\t\t<span>\n\t\t\t\n\t\t\tkontaktiere uns\t\t<\/span>\n\t<\/a>\n<\/div>\n<\/div>\n\t<\/div>\n\n<\/div>\n<\/div><\/div><\/div><\/div><\/div>","protected":false},"excerpt":{"rendered":"<p>Steigern Sie Ihren Durchsatz und Ihre Betriebszeit f\u00fcr eine h\u00f6here Rentabilit\u00e4t mit der Ultra High-Definition Druckmodultechnologie Die neueste Druckkopftechnologie Die Ultra High-Definition Druckmodultechnologie verwendet den neuesten piezoelektrischen Druckkopf mit 1.200 dpi von Kyocera. Dieser Druckkopf zeichnet sich durch die hohe Aufl\u00f6sung, ausgezeichnete Strahlgeradheit, solide Konstruktion mit einer D\u00fcsenplatte aus Stahl aus. Der Druckkopf ist mit [&hellip;]<\/p>\n","protected":false},"author":4,"featured_media":0,"parent":1214,"menu_order":0,"comment_status":"closed","ping_status":"closed","template":"","meta":{"footnotes":""},"class_list":["post-8363","page","type-page","status-publish","hentry"],"_links":{"self":[{"href":"https:\/\/www.djm.nl\/de\/wp-json\/wp\/v2\/pages\/8363","targetHints":{"allow":["GET"]}}],"collection":[{"href":"https:\/\/www.djm.nl\/de\/wp-json\/wp\/v2\/pages"}],"about":[{"href":"https:\/\/www.djm.nl\/de\/wp-json\/wp\/v2\/types\/page"}],"author":[{"embeddable":true,"href":"https:\/\/www.djm.nl\/de\/wp-json\/wp\/v2\/users\/4"}],"replies":[{"embeddable":true,"href":"https:\/\/www.djm.nl\/de\/wp-json\/wp\/v2\/comments?post=8363"}],"version-history":[{"count":12,"href":"https:\/\/www.djm.nl\/de\/wp-json\/wp\/v2\/pages\/8363\/revisions"}],"predecessor-version":[{"id":8866,"href":"https:\/\/www.djm.nl\/de\/wp-json\/wp\/v2\/pages\/8363\/revisions\/8866"}],"up":[{"embeddable":true,"href":"https:\/\/www.djm.nl\/de\/wp-json\/wp\/v2\/pages\/1214"}],"wp:attachment":[{"href":"https:\/\/www.djm.nl\/de\/wp-json\/wp\/v2\/media?parent=8363"}],"curies":[{"name":"wp","href":"https:\/\/api.w.org\/{rel}","templated":true}]}}