{"id":8264,"date":"2022-01-03T22:24:58","date_gmt":"2022-01-03T21:24:58","guid":{"rendered":"https:\/\/www.djm.nl\/?page_id=8264"},"modified":"2022-01-25T20:56:01","modified_gmt":"2022-01-25T19:56:01","slug":"ultra-wb","status":"publish","type":"page","link":"https:\/\/www.djm.nl\/de\/produkte\/ultra-wb\/","title":{"rendered":"Ultra WB"},"content":{"rendered":"<div id=\"pl-8264\"  class=\"panel-layout\" ><div id=\"pg-8264-0\"  class=\"panel-grid panel-no-style\" ><div id=\"pgc-8264-0-0\"  class=\"panel-grid-cell\" ><div id=\"panel-8264-0-0-0\" class=\"so-panel widget widget_sow-editor panel-first-child\" data-index=\"0\" ><div class=\"so-widget-sow-editor so-widget-sow-editor-base\">\n<div class=\"siteorigin-widget-tinymce textwidget\">\n\t<h3><strong>Erh\u00f6hen Sie Ihren Durchsatz und Ihre Betriebszeit f\u00fcr eine h\u00f6here Rentabilit\u00e4t mit der Ultra Druckmodultechnologie<\/strong><\/h3>\n<h4><strong>Die neueste Druckkopftechnologie<\/strong><\/h4>\n<div id=\"attachment_7284\" style=\"width: 308px\" class=\"wp-caption alignright\"><img aria-describedby=\"caption-attachment-7284\" loading=\"lazy\" decoding=\"async\" class=\"wp-image-7284 size-medium\" src=\"https:\/\/www.djm.nl\/wp-content\/uploads\/2021\/12\/Ultra-HS-298x300.png\" alt=\"\" width=\"298\" height=\"300\" srcset=\"https:\/\/www.djm.nl\/wp-content\/uploads\/2021\/12\/Ultra-HS-298x300.png 298w, https:\/\/www.djm.nl\/wp-content\/uploads\/2021\/12\/Ultra-HS-150x150.png 150w, https:\/\/www.djm.nl\/wp-content\/uploads\/2021\/12\/Ultra-HS-768x774.png 768w, https:\/\/www.djm.nl\/wp-content\/uploads\/2021\/12\/Ultra-HS-200x200.png 200w, https:\/\/www.djm.nl\/wp-content\/uploads\/2021\/12\/Ultra-HS-248x250.png 248w, https:\/\/www.djm.nl\/wp-content\/uploads\/2021\/12\/Ultra-HS.png 797w\" sizes=\"auto, (max-width: 298px) 100vw, 298px\" \/><p id=\"caption-attachment-7284\" class=\"wp-caption-text\">Ultra Druck-Modul<\/p><\/div>\n<p>Die <strong>Ultra<\/strong> Druckmodultechnologie verwendet den neuesten piezoelektrischen 600-dpi-Druckkopf von Kyocera. Dieser Druckkopf zeichnet sich durch die hervorragende Strahlgeradheit, solide Konstruktion mit Stahld\u00fcsenplatte aus. Der Druckkopf ist mit einer internen Tintenr\u00fcckf\u00fchrung ausgestattet und f\u00fchrt zu einer h\u00f6heren Offenzeit der Tinte und somit zu einer geringeren Druckkopfreinigung. Dar\u00fcber hinaus stehen f\u00fcr das System verschiedenste wasserbasierte Tintensets zur Verf\u00fcgung, sodass f\u00fcr jede Anwendung die passende Tinte zur Verf\u00fcgung steht.<\/p>\n<p>Das <strong>Ultra<\/strong> Druckmodul kann f\u00fcr eine Vielzahl von Anwendungen verwendet werden. Abh\u00e4ngig von der f\u00fcr die Anwendung erforderlichen Druckaufl\u00f6sung sind Druckgeschwindigkeiten von bis zu 200 Metern pro Minute m\u00f6glich (bei einer Aufl\u00f6sung von 600 x 300 dpi).<\/p>\n<h4><strong>Skalierbarkeit<\/strong><\/h4>\n<p>Die Druckbreite des <strong>Ultra<\/strong> Druckmoduls wird auf die gew\u00fcnschten Anwendungsanforderungen konfiguriert. Das <strong>Ultra<\/strong> Druckmodul kann mit einem einzelnen Druckkopf oder mit mehreren Druckk\u00f6pfen konfiguriert werden, die zusammen einen versetzten Druckbalken von bis zu 100 Zoll bilden.<\/p>\n<h4><strong>Wachstumspfad<\/strong><\/h4>\n<p>Die<strong> Ultra<\/strong> Druckmodule wurden f\u00fcr den flexiblen Einsatz entwickelt. Ein Schwarz-Wei\u00df-System kann zu einem Vollfarbsystem oder sogar mit zus\u00e4tzlichen Farben wie OVG oder RGB f\u00fcr einen breiteren Farbbereich erweitert werden. Dies gibt Ihnen die M\u00f6glichkeit, das Drucksystem mit Ihren Gesch\u00e4ftsanforderungen zu erweitern und Ihre Investition zu sch\u00fctzen.<\/p>\n<h4><strong>Flexibler Einsatz<\/strong><\/h4>\n<p>Die <strong>Ultra<\/strong> Druckmodule lassen sich einfach integrieren, k\u00f6nnen aber auch als Stand-Alone-L\u00f6sung eingesetzt werden. Um das Beste aus Ihrer Druckkonfiguration in Bezug auf Flexibilit\u00e4t, Effektivit\u00e4t und Rentabilit\u00e4t herauszuholen, wenden wir bei jedem Projekt Prinzipien wie maximale Leistung, Zuverl\u00e4ssigkeit und Benutzerfreundlichkeit an.<\/p>\n<p>Zur \u00dcberpr\u00fcfung von Druckausgaben wie 1D- und 2D-Codes bieten wir Kamerainspektionssysteme an.<\/p>\n<p><strong>Vorteile und Kostenersparnis<\/strong><\/p>\n<p>Die Ultra-Druckmodultechnologie bietet viele Vorteile und Kosteneinsparungen, wie z. B. l\u00e4ngere Betriebszeit, schnellere Einrichtungszeit, hohe Bildqualit\u00e4t, Tintenflexibilit\u00e4t, keine \u00dcberholungskosten und vieles mehr. Weiterlesen<\/p>\n<h4><strong>Zuverl\u00e4ssiger Partner<\/strong><\/h4>\n<p>Sie wollen einen zuverl\u00e4ssigen, engagierten und qualifizierten Gesch\u00e4ftspartner. Versprechen und erf\u00fcllen. Bei DJM dreht sich alles um Inkjet. Mit \u00fcber 28 Jahren Erfahrung bringen wir die industrielle Inkjet-Technologie an ihre Grenzen. F\u00fchrende Unternehmen der Druckindustrie auf der ganzen Welt haben sich f\u00fcr Inkjet-L\u00f6sungen an DJM gewandt, weil sie unseren pers\u00f6nlichen Ansatz und unsere solide Technik sch\u00e4tzen. Unser Ziel ist es, Ihnen die besten Inkjet-Druckl\u00f6sungen f\u00fcr eine qualitativ hochwertige variable Datenausgabe und gesteigerte Effizienz anzubieten. Lesen Sie hier unser Versprechen<\/p>\n<h4><strong>Beginnen Sie mit der Integration digitaler Exzellenz<\/strong><\/h4>\n<p>&nbsp;<\/p>\n<p><strong>Ultra-Vorteile<\/strong><\/p>\n<ul>\n<li>Einfach zu integrieren<\/li>\n<li>Hohe Geschwindigkeit - bis zu 200 m\/min<\/li>\n<li>Flexibilit\u00e4t der Tinte auf Wasserbasis<\/li>\n<li>Skalierbare Breite \u2013 bis zu 100 Zoll breit<\/li>\n<li>Kosteneffizient<\/li>\n<\/ul>\n<\/div>\n<\/div><\/div><div id=\"panel-8264-0-0-1\" class=\"so-panel widget widget_sow-cta panel-last-child\" data-index=\"1\" ><div class=\"so-widget-sow-cta so-widget-sow-cta-default-4208922e6c26-8264\"><div class=\"sow-cta-base\">\n\n\t<div class=\"sow-cta-wrapper\">\n\n\t\t<div class=\"sow-cta-text\">\n\t\t\t<h4 class=\"sow-cta-title\">Suchen Sie nach einer vollst\u00e4ndigen Inkjet-Druckl\u00f6sung f\u00fcr Ihre Anwendung?<\/h4>\n\t\t\t<h5 class=\"sow-cta-subtitle\">Suchen Sie nicht weiter, wir k\u00f6nnen Ihnen eine ma\u00dfgeschneiderte L\u00f6sung anbieten, die Ihre Erwartungen \u00fcbertrifft!<\/h5>\n\t\t<\/div>\n\n\t\t<div class=\"so-widget-sow-button so-widget-sow-button-atom-b4f6b6b19f96\"><div class=\"ow-button-base ow-button-align-center\">\n\t<a href=\"mailto:sales@djm.nl\" class=\"ow-icon-placement-left ow-button-hover\" \t\t>\n\t\t<span>\n\t\t\t\n\t\t\tkontaktiere uns\t\t<\/span>\n\t<\/a>\n<\/div>\n<\/div>\n\t<\/div>\n\n<\/div>\n<\/div><\/div><\/div><\/div><div id=\"pg-8264-1\"  class=\"panel-grid panel-no-style\" ><div id=\"pgc-8264-1-0\"  class=\"panel-grid-cell panel-grid-cell-empty\" ><\/div><\/div><\/div>","protected":false},"excerpt":{"rendered":"<p>Erh\u00f6hen Sie Ihren Durchsatz und Ihre Betriebszeit f\u00fcr eine h\u00f6here Rentabilit\u00e4t mit der Ultra Druckmodultechnologie Die neueste Druckkopftechnologie Die Ultra Druckmodultechnologie verwendet den neuesten piezoelektrischen 600-dpi-Druckkopf von Kyocera. Dieser Druckkopf zeichnet sich durch die hervorragende Strahlgeradheit, solide Konstruktion mit Stahld\u00fcsenplatte aus. Der Druckkopf ist mit einer internen Tintenr\u00fcckf\u00fchrung ausgestattet und f\u00fchrt zu einer h\u00f6heren Offenzeit [&hellip;]<\/p>\n","protected":false},"author":4,"featured_media":0,"parent":1214,"menu_order":0,"comment_status":"closed","ping_status":"closed","template":"","meta":{"footnotes":""},"class_list":["post-8264","page","type-page","status-publish","hentry"],"_links":{"self":[{"href":"https:\/\/www.djm.nl\/de\/wp-json\/wp\/v2\/pages\/8264","targetHints":{"allow":["GET"]}}],"collection":[{"href":"https:\/\/www.djm.nl\/de\/wp-json\/wp\/v2\/pages"}],"about":[{"href":"https:\/\/www.djm.nl\/de\/wp-json\/wp\/v2\/types\/page"}],"author":[{"embeddable":true,"href":"https:\/\/www.djm.nl\/de\/wp-json\/wp\/v2\/users\/4"}],"replies":[{"embeddable":true,"href":"https:\/\/www.djm.nl\/de\/wp-json\/wp\/v2\/comments?post=8264"}],"version-history":[{"count":5,"href":"https:\/\/www.djm.nl\/de\/wp-json\/wp\/v2\/pages\/8264\/revisions"}],"predecessor-version":[{"id":8852,"href":"https:\/\/www.djm.nl\/de\/wp-json\/wp\/v2\/pages\/8264\/revisions\/8852"}],"up":[{"embeddable":true,"href":"https:\/\/www.djm.nl\/de\/wp-json\/wp\/v2\/pages\/1214"}],"wp:attachment":[{"href":"https:\/\/www.djm.nl\/de\/wp-json\/wp\/v2\/media?parent=8264"}],"curies":[{"name":"wp","href":"https:\/\/api.w.org\/{rel}","templated":true}]}}