{"id":4039,"date":"2019-04-15T12:49:47","date_gmt":"2019-04-15T11:49:47","guid":{"rendered":"https:\/\/www.djm.nl\/?page_id=4039"},"modified":"2022-01-25T21:23:01","modified_gmt":"2022-01-25T20:23:01","slug":"samba","status":"publish","type":"page","link":"https:\/\/www.djm.nl\/de\/samba\/","title":{"rendered":"Samba"},"content":{"rendered":"<div id=\"pl-4039\"  class=\"panel-layout\" ><div id=\"pg-4039-0\"  class=\"panel-grid panel-no-style\" ><div id=\"pgc-4039-0-0\"  class=\"panel-grid-cell\" ><div id=\"panel-4039-0-0-0\" class=\"so-panel widget widget_sow-editor panel-first-child panel-last-child\" data-index=\"0\" ><div class=\"so-widget-sow-editor so-widget-sow-editor-base\">\n<div class=\"siteorigin-widget-tinymce textwidget\">\n\t<p><!-- wp:paragraph --><\/p>\n<h3><strong>Erh\u00f6hen Sie Ihren Durchsatz und Ihre Betriebszeit f\u00fcr eine h\u00f6here Rentabilit\u00e4t mit der Samba-Druckmodultechnologie<\/strong><\/h3>\n<h4><strong>Die Druckkopftechnologie<\/strong><\/h4>\n<div id=\"attachment_7291\" style=\"width: 205px\" class=\"wp-caption alignright\"><img aria-describedby=\"caption-attachment-7291\" loading=\"lazy\" decoding=\"async\" class=\"size-custom-size-200 wp-image-7291\" src=\"https:\/\/www.djm.nl\/wp-content\/uploads\/2021\/12\/Samba-195x200.png\" alt=\"\" width=\"195\" height=\"200\" srcset=\"https:\/\/www.djm.nl\/wp-content\/uploads\/2021\/12\/Samba-195x200.png 195w, https:\/\/www.djm.nl\/wp-content\/uploads\/2021\/12\/Samba-292x300.png 292w, https:\/\/www.djm.nl\/wp-content\/uploads\/2021\/12\/Samba-998x1024.png 998w, https:\/\/www.djm.nl\/wp-content\/uploads\/2021\/12\/Samba-768x788.png 768w, https:\/\/www.djm.nl\/wp-content\/uploads\/2021\/12\/Samba-244x250.png 244w, https:\/\/www.djm.nl\/wp-content\/uploads\/2021\/12\/Samba-146x150.png 146w, https:\/\/www.djm.nl\/wp-content\/uploads\/2021\/12\/Samba.png 1268w\" sizes=\"auto, (max-width: 195px) 100vw, 195px\" \/><p id=\"caption-attachment-7291\" class=\"wp-caption-text\">Samba-Druckmodul integriert in eine Rollenoffsetdruckmaschine<\/p><\/div>\n<p>Die <strong>Samba<\/strong> Druckmodultechnologie verwendet den piezoelektrischen Samba-Druckkopf mit 1.200 dpi von Fujifilm Dimatix. Dieser Druckkopf zeichnet sich durch die parallelogrammf\u00f6rmige D\u00fcsenplatte aus, die es erm\u00f6glicht, einen geraden Druckbalken zu bilden. Der Druckkopf ist mit einer internen Tintenr\u00fcckf\u00fchrung ausgestattet und f\u00fchrt zu einer h\u00f6heren Offenzeit der Tinte und somit zu einer geringeren Druckkopfreinigung. Dar\u00fcber hinaus stehen f\u00fcr das System verschiedenste Tintensets auf Wasser- oder UV-Basis zur Verf\u00fcgung, sodass f\u00fcr jede Anwendung die passende Tinte zur Verf\u00fcgung steht.<\/p>\n<p>Das <strong>Samba<\/strong> Druckmodul kann f\u00fcr eine Vielzahl von Anwendungen verwendet werden. Abh\u00e4ngig von der f\u00fcr die Anwendung erforderlichen Druckaufl\u00f6sung sind Druckgeschwindigkeiten von bis zu 250 Metern pro Minute m\u00f6glich (bei einer Aufl\u00f6sung von 1.200 x 600 dpi).<\/p>\n<h4><strong>Skalierbarkeit<\/strong><\/h4>\n<p>Die Druckbreite des <strong>Samba<\/strong> Druckmoduls wird auf die gew\u00fcnschten Anwendungsanforderungen konfiguriert. Das<strong> Samba<\/strong> Druckmodul kann mit einem einzelnen Druckkopf oder mit mehreren Druckk\u00f6pfen konfiguriert werden, die zusammen einen geraden Druckbalken von bis zu 100 Zoll bilden.<\/p>\n<h4><strong>Wachstumspfad<\/strong><\/h4>\n<p>Die <strong>Samba<\/strong> Druckmodule wurden f\u00fcr den flexiblen Einsatz entwickelt. Ein monochromes System kann zu einem Vollfarbsystem oder sogar mit zus\u00e4tzlichen Farben wie OVG oder RGB f\u00fcr einen breiteren Farbbereich erweitert werden. Dies gibt Ihnen die M\u00f6glichkeit, das Drucksystem mit Ihren Gesch\u00e4ftsanforderungen zu erweitern und Ihre Investition zu sch\u00fctzen.<\/p>\n<h4><strong>Flexibler Einsatz<\/strong><\/h4>\n<p>Die<strong> Samba<\/strong> Druckmodule lassen sich einfach integrieren, k\u00f6nnen aber auch als Stand-Alone-L\u00f6sung genutzt werden. Um das Beste aus Ihrer Druckkonfiguration in Bezug auf Flexibilit\u00e4t, Effektivit\u00e4t und Rentabilit\u00e4t herauszuholen, wenden wir bei jedem Projekt Prinzipien wie maximale Leistung, Zuverl\u00e4ssigkeit und Benutzerfreundlichkeit an.<\/p>\n<p>Zur \u00dcberpr\u00fcfung von Druckausgaben wie 1D- und 2D-Codes bieten wir Kamerainspektionssysteme an.<\/p>\n<h4><strong>Vorteile und Kostenersparnis<\/strong><\/h4>\n<p>Die <strong>Samba<\/strong> Druckmodultechnologie bietet viele Vorteile und Kosteneinsparungen, wie z. B. l\u00e4ngere Betriebszeit, schnellere Einrichtungszeit, hohe Bildqualit\u00e4t, Tintenflexibilit\u00e4t, keine \u00dcberholungskosten und vieles mehr. Weiterlesen<\/p>\n<h4><strong>Zuverl\u00e4ssiger Partner<\/strong><\/h4>\n<p>Sie wollen einen zuverl\u00e4ssigen, engagierten und qualifizierten Gesch\u00e4ftspartner. Versprechen und erf\u00fcllen. Bei DJM dreht sich alles um Inkjet. Mit \u00fcber 28 Jahren Erfahrung bringen wir die industrielle Inkjet-Technologie an ihre Grenzen. F\u00fchrende Unternehmen der Druckindustrie auf der ganzen Welt haben sich f\u00fcr Inkjet-L\u00f6sungen an DJM gewandt, weil sie unseren pers\u00f6nlichen Ansatz und unsere solide Technik sch\u00e4tzen. Unser Ziel ist es, Ihnen die besten Inkjet-Druckl\u00f6sungen f\u00fcr eine qualitativ hochwertige variable Datenausgabe und gesteigerte Effizienz anzubieten. Lesen Sie hier unser Versprechen<\/p>\n<h4><strong>Beginnen Sie mit der Integration digitaler Exzellenz<\/strong><\/h4>\n<p>&nbsp;<\/p>\n<p><strong>Samba Vorteile<\/strong><\/p>\n<ul>\n<li>Hohe Bildqualit\u00e4t \u2013 1.200 dpi<\/li>\n<li>Hohe Geschwindigkeit \u2013 bis zu 250 m\/min<\/li>\n<li>Tintenflexibilit\u00e4t (wasser- oder UV-basiert)<\/li>\n<li>Skalierbare Breite \u2013 bis zu 100 Zoll breit<\/li>\n<li>Kosteneffizient<\/li>\n<\/ul>\n<p><!-- \/wp:list --><!-- wp:html --><\/p>\n<p>&nbsp;<\/p>\n<p><!-- \/wp:html --><\/p>\n<\/div>\n<\/div><\/div><\/div><\/div><div id=\"pg-4039-1\"  class=\"panel-grid panel-no-style\" ><div id=\"pgc-4039-1-0\"  class=\"panel-grid-cell\" ><div id=\"panel-4039-1-0-0\" class=\"so-panel widget widget_sow-cta panel-first-child panel-last-child\" data-index=\"1\" ><div class=\"so-widget-sow-cta so-widget-sow-cta-default-4208922e6c26-4039\"><div class=\"sow-cta-base\">\n\n\t<div class=\"sow-cta-wrapper\">\n\n\t\t<div class=\"sow-cta-text\">\n\t\t\t<h4 class=\"sow-cta-title\">Suchen Sie nach einer vollst\u00e4ndigen Inkjet-Druckl\u00f6sung f\u00fcr Ihre Anwendung?<\/h4>\n\t\t\t<h5 class=\"sow-cta-subtitle\">Suchen Sie nicht weiter, wir k\u00f6nnen Ihnen eine ma\u00dfgeschneiderte L\u00f6sung anbieten, die Ihre Erwartungen \u00fcbertrifft!<\/h5>\n\t\t<\/div>\n\n\t\t<div class=\"so-widget-sow-button so-widget-sow-button-atom-b4f6b6b19f96\"><div class=\"ow-button-base ow-button-align-center\">\n\t<a href=\"mailto:%20sales@djm.nl\" class=\"ow-icon-placement-left ow-button-hover\" \t\t>\n\t\t<span>\n\t\t\t\n\t\t\tkontaktiere uns\t\t<\/span>\n\t<\/a>\n<\/div>\n<\/div>\n\t<\/div>\n\n<\/div>\n<\/div><\/div><\/div><\/div><\/div>","protected":false},"excerpt":{"rendered":"<p>Erh\u00f6hen Sie Ihren Durchsatz und Ihre Betriebszeit f\u00fcr eine h\u00f6here Rentabilit\u00e4t mit der Samba-Druckmodultechnologie Die Druckkopftechnologie Die Samba Druckmodultechnologie verwendet den piezoelektrischen Samba-Druckkopf mit 1.200 dpi von Fujifilm Dimatix. Dieser Druckkopf zeichnet sich durch die parallelogrammf\u00f6rmige D\u00fcsenplatte aus, die es erm\u00f6glicht, einen geraden Druckbalken zu bilden. Der Druckkopf ist mit einer internen Tintenr\u00fcckf\u00fchrung ausgestattet und [&hellip;]<\/p>\n","protected":false},"author":4,"featured_media":0,"parent":0,"menu_order":0,"comment_status":"closed","ping_status":"closed","template":"","meta":{"footnotes":""},"class_list":["post-4039","page","type-page","status-publish","hentry"],"_links":{"self":[{"href":"https:\/\/www.djm.nl\/de\/wp-json\/wp\/v2\/pages\/4039","targetHints":{"allow":["GET"]}}],"collection":[{"href":"https:\/\/www.djm.nl\/de\/wp-json\/wp\/v2\/pages"}],"about":[{"href":"https:\/\/www.djm.nl\/de\/wp-json\/wp\/v2\/types\/page"}],"author":[{"embeddable":true,"href":"https:\/\/www.djm.nl\/de\/wp-json\/wp\/v2\/users\/4"}],"replies":[{"embeddable":true,"href":"https:\/\/www.djm.nl\/de\/wp-json\/wp\/v2\/comments?post=4039"}],"version-history":[{"count":10,"href":"https:\/\/www.djm.nl\/de\/wp-json\/wp\/v2\/pages\/4039\/revisions"}],"predecessor-version":[{"id":8876,"href":"https:\/\/www.djm.nl\/de\/wp-json\/wp\/v2\/pages\/4039\/revisions\/8876"}],"wp:attachment":[{"href":"https:\/\/www.djm.nl\/de\/wp-json\/wp\/v2\/media?parent=4039"}],"curies":[{"name":"wp","href":"https:\/\/api.w.org\/{rel}","templated":true}]}}