{"id":3529,"date":"2019-01-23T14:21:03","date_gmt":"2019-01-23T13:21:03","guid":{"rendered":"https:\/\/www.djm.nl\/?page_id=3529"},"modified":"2022-03-03T13:22:57","modified_gmt":"2022-03-03T12:22:57","slug":"hp-monochrome-m500-m800-druckmodule","status":"publish","type":"page","link":"https:\/\/www.djm.nl\/de\/produkte\/hp-monochrome-m500-m800-druckmodule\/","title":{"rendered":"HP monochrom"},"content":{"rendered":"<div id=\"pl-3529\"  class=\"panel-layout\" ><div id=\"pg-3529-0\"  class=\"panel-grid panel-no-style\" ><div id=\"pgc-3529-0-0\"  class=\"panel-grid-cell\" ><div id=\"panel-3529-0-0-0\" class=\"so-panel widget widget_sow-editor panel-first-child panel-last-child\" data-index=\"0\" ><div class=\"so-widget-sow-editor so-widget-sow-editor-base\">\n<div class=\"siteorigin-widget-tinymce textwidget\">\n\t<h3><strong>Maximieren Sie Ihre Produktion mit den benutzerfreundlichen DJM HP Monochrom Druckmodulen, die f\u00fcr die Integration ausgelegt sind<\/strong><\/h3>\n<h4><strong>Druckkopftechnologie<\/strong><\/h4>\n<div id=\"attachment_7263\" style=\"width: 210px\" class=\"wp-caption alignright\"><img aria-describedby=\"caption-attachment-7263\" loading=\"lazy\" decoding=\"async\" class=\"size-custom-size-200 wp-image-7263\" src=\"https:\/\/www.djm.nl\/wp-content\/uploads\/2021\/12\/print-module-rond-200x200.png\" alt=\"\" width=\"200\" height=\"200\" srcset=\"https:\/\/www.djm.nl\/wp-content\/uploads\/2021\/12\/print-module-rond-200x200.png 200w, https:\/\/www.djm.nl\/wp-content\/uploads\/2021\/12\/print-module-rond-300x300.png 300w, https:\/\/www.djm.nl\/wp-content\/uploads\/2021\/12\/print-module-rond-1021x1024.png 1021w, https:\/\/www.djm.nl\/wp-content\/uploads\/2021\/12\/print-module-rond-150x150.png 150w, https:\/\/www.djm.nl\/wp-content\/uploads\/2021\/12\/print-module-rond-768x771.png 768w, https:\/\/www.djm.nl\/wp-content\/uploads\/2021\/12\/print-module-rond-250x250.png 250w, https:\/\/www.djm.nl\/wp-content\/uploads\/2021\/12\/print-module-rond.png 1171w\" sizes=\"auto, (max-width: 200px) 100vw, 200px\" \/><p id=\"caption-attachment-7263\" class=\"wp-caption-text\">HP monochrome mit Druckbreite von 4.25 Zoll<\/p><\/div>\n<p>Die <strong>HP Monochrom<\/strong> Druckmodule - M500 und M800 - werden mit der thermischen TIJ4.0 Druckkopftechnologie von HP hergestellt und zeichnen sich durch die T\u00fcr und die hohe Qualit\u00e4t aus. Die Druckmodule haben eine ge\u00f6ffnete Druckkopf-Servicestation vor dem Drucker, sauber vor dem Druckkopf. Diese automatisierte Routine, die Software installiert, die f\u00fcr maximale Benutzerfreundlichkeit und Einrichtungszeiten geeignet ist.<\/p>\n<h4><strong>Skalierbarkeit<\/strong><\/h4>\n<p>Abh\u00e4ngig von Ihren Anwendungsanforderungen wurden sea <strong>HP Monochrom<\/strong> Druckmodule verwendet, um die Druckbreite zu vergr\u00f6\u00dfern. Es gibt drei Versionen mit toten Geschwindigkeiten von 244 Metern pro Minute.<\/p>\n<h4><strong>Einfach zu verwenden<\/strong><\/h4>\n<p>Wenn der Druckkopf aufgeh\u00e4ngt war, wurde die Bedienert\u00fcr ge\u00f6ffnet. Das System umfasst ein externes Tintenversorgungssystem basierend auf Kartuschen. Das System hat zwei Kartuschen und ist \u00fcberfl\u00fcssig. Die Kartuschen k\u00f6nnen w\u00e4hrend der Produktion sein. F\u00fcr mehrere Konfigurationen von <strong>HP Monochrom<\/strong> Druckmodulen hat DJM ein Bulk Ink System entwickelt, das Tinte aus dem Beh\u00e4lter erm\u00f6glicht und die Produktion noch kosteneffizienter macht.<\/p>\n<h3><strong>Flexibel im Einsatz<\/strong><\/h3>\n<p>Die <strong>HP Monochrom<\/strong> Druckmodule sind integriert und k\u00f6nnen auch als Standalone-Option verwendet werden. Um das Beste aus Ihrem Setup in Bezug auf Flexibilit\u00e4t, Effektivit\u00e4t und Wirtschaftlichkeit herauszuholen, wenden wir bei jedem Projekt die Prinzipien maximaler Leistung, Zuverl\u00e4ssigkeit und Benutzerfreundlichkeit an.<\/p>\n<h4>Zuverl\u00e4ssige<strong>\u00a0Partner<\/strong><\/h4>\n<p>Sie wollen einen Partner, der betrogen, betrogen und geschluckt werden kann. Versprechen und erf\u00fcllen. Bei DJM sch\u00f6pft alles aus Inkjet. Mit mehr als 28 Jahren Erfahrung bringen wir die industrielle Inkjet-Technologie an ihre Grenzen. Leider haben sich in der Druckindustrie etwa die Inkjet-L\u00f6sungen an DJM gewandt, weil sie unseren pers\u00f6nlichen Ansatz und unsere solide Technik sch\u00e4tzen. Unser Ziel ist es, Ihnen die besten Tintenstrahldruckl\u00f6sungen f\u00fcr eine hohe variable Datenausgabe und eine verdaute Effizienz zu bieten. <a href=\"https:\/\/www.djm.nl\/de\/unsere-versprechen\/\">Lesen Sie hier unser Versprechen<\/a><\/p>\n<h4><\/h4>\n<p><strong>Vorteile HP Monochrom Druckmodul<\/strong><\/p>\n<ul>\n<li>Einfache Integration<\/li>\n<li>Automatische Erdreinigung<\/li>\n<li>Einfach zu verwenden<\/li>\n<li>Tolle Bildqualit\u00e4t<\/li>\n<\/ul>\n<\/div>\n<\/div><\/div><\/div><\/div><div id=\"pg-3529-1\"  class=\"panel-grid panel-no-style\" ><div id=\"pgc-3529-1-0\"  class=\"panel-grid-cell\" ><div id=\"panel-3529-1-0-0\" class=\"so-panel widget widget_sow-cta panel-first-child panel-last-child\" data-index=\"1\" ><div class=\"so-widget-sow-cta so-widget-sow-cta-default-4208922e6c26-3529\"><div class=\"sow-cta-base\">\n\n\t<div class=\"sow-cta-wrapper\">\n\n\t\t<div class=\"sow-cta-text\">\n\t\t\t<h4 class=\"sow-cta-title\">Suchen Sie ein komplettes Monochrom Tintenstrahldrucksystem, das f\u00fcr eine einfache Integration ausgelegt ist?<\/h4>\n\t\t\t<h5 class=\"sow-cta-subtitle\">Suchen Sie nicht weiter, wir k\u00f6nnen Ihnen eine ma\u00dfgeschneiderte L\u00f6sung anbieten, die Ihre Erwartungen \u00fcbertrifft!<\/h5>\n\t\t<\/div>\n\n\t\t<div class=\"so-widget-sow-button so-widget-sow-button-atom-b4f6b6b19f96\"><div class=\"ow-button-base ow-button-align-center\">\n\t<a href=\"mailto:sales@djm.nl\" class=\"ow-icon-placement-left ow-button-hover\" \t\t>\n\t\t<span>\n\t\t\t\n\t\t\tkontaktiere uns\t\t<\/span>\n\t<\/a>\n<\/div>\n<\/div>\n\t<\/div>\n\n<\/div>\n<\/div><\/div><\/div><\/div><\/div>","protected":false},"excerpt":{"rendered":"<p>Maximieren Sie Ihre Produktion mit den benutzerfreundlichen DJM HP Monochrom Druckmodulen, die f\u00fcr die Integration ausgelegt sind Druckkopftechnologie Die HP Monochrom Druckmodule &#8211; M500 und M800 &#8211; werden mit der thermischen TIJ4.0 Druckkopftechnologie von HP hergestellt und zeichnen sich durch die T\u00fcr und die hohe Qualit\u00e4t aus. Die Druckmodule haben eine ge\u00f6ffnete Druckkopf-Servicestation vor dem [&hellip;]<\/p>\n","protected":false},"author":4,"featured_media":0,"parent":1214,"menu_order":0,"comment_status":"closed","ping_status":"closed","template":"","meta":{"footnotes":""},"class_list":["post-3529","page","type-page","status-publish","hentry"],"_links":{"self":[{"href":"https:\/\/www.djm.nl\/de\/wp-json\/wp\/v2\/pages\/3529","targetHints":{"allow":["GET"]}}],"collection":[{"href":"https:\/\/www.djm.nl\/de\/wp-json\/wp\/v2\/pages"}],"about":[{"href":"https:\/\/www.djm.nl\/de\/wp-json\/wp\/v2\/types\/page"}],"author":[{"embeddable":true,"href":"https:\/\/www.djm.nl\/de\/wp-json\/wp\/v2\/users\/4"}],"replies":[{"embeddable":true,"href":"https:\/\/www.djm.nl\/de\/wp-json\/wp\/v2\/comments?post=3529"}],"version-history":[{"count":20,"href":"https:\/\/www.djm.nl\/de\/wp-json\/wp\/v2\/pages\/3529\/revisions"}],"predecessor-version":[{"id":9943,"href":"https:\/\/www.djm.nl\/de\/wp-json\/wp\/v2\/pages\/3529\/revisions\/9943"}],"up":[{"embeddable":true,"href":"https:\/\/www.djm.nl\/de\/wp-json\/wp\/v2\/pages\/1214"}],"wp:attachment":[{"href":"https:\/\/www.djm.nl\/de\/wp-json\/wp\/v2\/media?parent=3529"}],"curies":[{"name":"wp","href":"https:\/\/api.w.org\/{rel}","templated":true}]}}