{"id":3506,"date":"2019-01-23T13:54:41","date_gmt":"2019-01-23T12:54:41","guid":{"rendered":"https:\/\/www.djm.nl\/?page_id=3506"},"modified":"2024-05-23T09:22:26","modified_gmt":"2024-05-23T08:22:26","slug":"hp-color","status":"publish","type":"page","link":"https:\/\/www.djm.nl\/de\/hp-color\/","title":{"rendered":"HP color"},"content":{"rendered":"<div id=\"pl-3506\"  class=\"panel-layout\" ><div id=\"pg-3506-0\"  class=\"panel-grid panel-no-style\" ><div id=\"pgc-3506-0-0\"  class=\"panel-grid-cell\" ><div id=\"panel-3506-0-0-0\" class=\"so-panel widget widget_sow-editor panel-first-child panel-last-child\" data-index=\"0\" ><div class=\"so-widget-sow-editor so-widget-sow-editor-base\">\n<div class=\"siteorigin-widget-tinymce textwidget\">\n\t<h3>Maximieren Sie Ihre Produktion mit dem benutzerfreundlichen DJM HP color Druckmodul, das f\u00fcr die Integration entwickelt wurde<\/h3>\n<h4>Druckkopftechnologie<\/h4>\n<div id=\"attachment_7263\" style=\"width: 260px\" class=\"wp-caption alignright\"><img aria-describedby=\"caption-attachment-7263\" loading=\"lazy\" decoding=\"async\" class=\"wp-image-7263 size-custom-size-250\" src=\"https:\/\/www.djm.nl\/wp-content\/uploads\/2021\/12\/print-module-rond-250x250.png\" alt=\"\" width=\"250\" height=\"250\" srcset=\"https:\/\/www.djm.nl\/wp-content\/uploads\/2021\/12\/print-module-rond-250x250.png 250w, https:\/\/www.djm.nl\/wp-content\/uploads\/2021\/12\/print-module-rond-300x300.png 300w, https:\/\/www.djm.nl\/wp-content\/uploads\/2021\/12\/print-module-rond-1021x1024.png 1021w, https:\/\/www.djm.nl\/wp-content\/uploads\/2021\/12\/print-module-rond-150x150.png 150w, https:\/\/www.djm.nl\/wp-content\/uploads\/2021\/12\/print-module-rond-768x771.png 768w, https:\/\/www.djm.nl\/wp-content\/uploads\/2021\/12\/print-module-rond-200x200.png 200w, https:\/\/www.djm.nl\/wp-content\/uploads\/2021\/12\/print-module-rond.png 1171w\" sizes=\"auto, (max-width: 250px) 100vw, 250px\" \/><p id=\"caption-attachment-7263\" class=\"wp-caption-text\">HP color mit Druckbreite von 4.25 Zoll<\/p><\/div>\n<p>Die <strong>HP color<\/strong> Druckmodule - C250, C500 und C800 - verwenden die Thermodruckkopftechnologie TIJ4.0 von HP und zeichnen sich durch eine hohe Druckqualit\u00e4t aus. Die Druckmodule verf\u00fcgen \u00fcber eine integrierte Druckkopf-Servicestation und erm\u00f6glichen das Abdecken, Reinigen und Wischen des Druckkopfes. Diese automatisierte Routine wird von der Software gesteuert, was maximalen Bedienkomfort und kurze R\u00fcstzeiten gew\u00e4hrleistet.<\/p>\n<h4>Skalierbarkeit<\/h4>\n<p>Abh\u00e4ngig von Ihren Anwendungsanforderungen k\u00f6nnen mehrere <strong>HP color<\/strong> Druckmodule verwendet werden, um die Druckbreite zu erh\u00f6hen. Es stehen drei Versionen zur Verf\u00fcgung, die Geschwindigkeiten von bis zu 244 Metern pro Minute bew\u00e4ltigen k\u00f6nnen.<\/p>\n<h4>Einfach zu verwenden<\/h4>\n<p>Wenn der Druckkopf ausgetauscht werden muss, ist dies ein einfacher Vorgang, der vom Bediener durchgef\u00fchrt werden kann. Das System umfasst ein externes Tintenversorgungssystem basierend auf Kartuschen. Das System enth\u00e4lt zwei Patronen pro Farbe und ist redundant. Die Kartuschen k\u00f6nnen w\u00e4hrend der Produktion ausgetauscht werden. F\u00fcr mehrere Konfigurationen von<strong> HP color<\/strong> Druckmodulen hat DJM ein Bulk-Tintensystem entwickelt, das Tinte aus Beh\u00e4ltern zul\u00e4sst und die Produktion noch kosteneffizienter macht.<\/p>\n<h4>Flexibel im Einsatz<\/h4>\n<p>Die<strong> HP color<\/strong> Druckmodule sind einfach zu integrieren, k\u00f6nnen aber auch als Stand-alone L\u00f6sung verwendet werden. Um das Beste aus Ihrem Setup in Bezug auf Flexibilit\u00e4t, Effektivit\u00e4t und Wirtschaftlichkeit herauszuholen, wenden wir bei jedem Projekt Prinzipien wie maximale Leistung, Zuverl\u00e4ssigkeit und Benutzerfreundlichkeit an.<\/p>\n<h4>Zuverl\u00e4ssige<strong>\u00a0Partner<\/strong><\/h4>\n<p>Sie wollen einen zuverl\u00e4ssigen, engagierten und qualifizierten Partner. Versprechen und erf\u00fcllen. Bei DJM dreht sich alles um Tintenstrahl. Mit \u00fcber 30 Jahren Erfahrung bringen wir die industrielle Inkjet-Technologie an ihre Grenzen. F\u00fchrende Druckbranchen auf der ganzen Welt haben sich f\u00fcr Inkjet-L\u00f6sungen an DJM gewandt, weil sie unseren pers\u00f6nlichen Ansatz und unsere solide Technik sch\u00e4tzen. Unser Ziel ist es, Ihnen die besten Tintenstrahldruckl\u00f6sungen f\u00fcr eine qualitativ hochwertige variable Datenausgabe und mehr Effizienz anzubieten. <a href=\"https:\/\/www.djm.nl\/de\/unsere-versprechen\/\">Lesen Sie hier unser Versprechen<\/a><\/p>\n<p>&nbsp;<\/p>\n<h4>HP color Vorteile<\/h4>\n<ul>\n<li>Einfache Integration<\/li>\n<li>Automatisierte Servicestation<\/li>\n<li>Einfach zu verwenden<\/li>\n<li>Hohe Bildqualit\u00e4t<\/li>\n<\/ul>\n<\/div>\n<\/div><\/div><\/div><\/div><div id=\"pg-3506-1\"  class=\"panel-grid panel-no-style\" ><div id=\"pgc-3506-1-0\"  class=\"panel-grid-cell\" ><div id=\"panel-3506-1-0-0\" class=\"so-panel widget widget_sow-cta panel-first-child panel-last-child\" data-index=\"1\" ><div class=\"so-widget-sow-cta so-widget-sow-cta-default-4208922e6c26-3506\"><div class=\"sow-cta-base\">\n\n\t<div class=\"sow-cta-wrapper\">\n\n\t\t<div class=\"sow-cta-text\">\n\t\t\t<h4 class=\"sow-cta-title\">Suchen Sie nach einem vollst\u00e4ndigen Vollfarb-Tintenstrahldrucksystem, das f\u00fcr eine einfache Integration ausgelegt ist?<\/h4>\n\t\t\t<h5 class=\"sow-cta-subtitle\">Suchen Sie nicht weiter, wir k\u00f6nnen Ihnen eine ma\u00dfgeschneiderte L\u00f6sung bieten, die Ihre Erwartungen \u00fcbertrifft!<\/h5>\n\t\t<\/div>\n\n\t\t<div class=\"so-widget-sow-button so-widget-sow-button-atom-b4f6b6b19f96\"><div class=\"ow-button-base ow-button-align-center\">\n\t<a href=\"mailto:sales@djm.nl\" class=\"ow-icon-placement-left ow-button-hover\" \t\t>\n\t\t<span>\n\t\t\t\n\t\t\tkontaktiere uns\t\t<\/span>\n\t<\/a>\n<\/div>\n<\/div>\n\t<\/div>\n\n<\/div>\n<\/div><\/div><\/div><\/div><\/div>","protected":false},"excerpt":{"rendered":"<p>Maximieren Sie Ihre Produktion mit dem benutzerfreundlichen DJM HP color Druckmodul, das f\u00fcr die Integration entwickelt wurde Druckkopftechnologie Die HP color Druckmodule &#8211; C250, C500 und C800 &#8211; verwenden die Thermodruckkopftechnologie TIJ4.0 von HP und zeichnen sich durch eine hohe Druckqualit\u00e4t aus. Die Druckmodule verf\u00fcgen \u00fcber eine integrierte Druckkopf-Servicestation und erm\u00f6glichen das Abdecken, Reinigen und [&hellip;]<\/p>\n","protected":false},"author":4,"featured_media":0,"parent":0,"menu_order":0,"comment_status":"closed","ping_status":"closed","template":"","meta":{"footnotes":""},"class_list":["post-3506","page","type-page","status-publish","hentry"],"_links":{"self":[{"href":"https:\/\/www.djm.nl\/de\/wp-json\/wp\/v2\/pages\/3506","targetHints":{"allow":["GET"]}}],"collection":[{"href":"https:\/\/www.djm.nl\/de\/wp-json\/wp\/v2\/pages"}],"about":[{"href":"https:\/\/www.djm.nl\/de\/wp-json\/wp\/v2\/types\/page"}],"author":[{"embeddable":true,"href":"https:\/\/www.djm.nl\/de\/wp-json\/wp\/v2\/users\/4"}],"replies":[{"embeddable":true,"href":"https:\/\/www.djm.nl\/de\/wp-json\/wp\/v2\/comments?post=3506"}],"version-history":[{"count":21,"href":"https:\/\/www.djm.nl\/de\/wp-json\/wp\/v2\/pages\/3506\/revisions"}],"predecessor-version":[{"id":13590,"href":"https:\/\/www.djm.nl\/de\/wp-json\/wp\/v2\/pages\/3506\/revisions\/13590"}],"wp:attachment":[{"href":"https:\/\/www.djm.nl\/de\/wp-json\/wp\/v2\/media?parent=3506"}],"curies":[{"name":"wp","href":"https:\/\/api.w.org\/{rel}","templated":true}]}}