{"id":14188,"date":"2025-04-14T07:47:27","date_gmt":"2025-04-14T06:47:27","guid":{"rendered":"https:\/\/www.djm.nl\/?page_id=14188"},"modified":"2025-04-14T07:47:27","modified_gmt":"2025-04-14T06:47:27","slug":"unsere-geschaeftsprinzipien","status":"publish","type":"page","link":"https:\/\/www.djm.nl\/de\/unsere-geschaeftsprinzipien\/","title":{"rendered":"Unsere Gesch\u00e4ftsprinzipien"},"content":{"rendered":"<div id=\"pl-14188\"  class=\"panel-layout\" ><div id=\"pg-14188-0\"  class=\"panel-grid panel-no-style\" ><div id=\"pgc-14188-0-0\"  class=\"panel-grid-cell\" ><div id=\"panel-14188-0-0-0\" class=\"so-panel widget widget_sow-editor panel-first-child panel-last-child\" data-index=\"0\" ><div class=\"so-widget-sow-editor so-widget-sow-editor-base\">\n<div class=\"siteorigin-widget-tinymce textwidget\">\n\t<h4 style=\"text-align: center;\">\u2013 Kundenorientiert \u2013<\/h4>\n<p style=\"text-align: center;\">DJM hat sich der Entwicklung hochproduktiver, effizienter und profitabler Tintenstrahldruckl\u00f6sungen verschrieben. Unsere \u201cReise\u201c beginnt mit einer gr\u00fcndlichen Analyse der Projektziele und Anwendungsanforderungen. Wir begleiten unsere Kunden durch die verschiedenen Tintenstrahltechnologien, Tinten, Substrate, Integration und Prozessoptimierung. Durch eingehende Analysen, Testverfahren und die Pr\u00fcfung von Alternativen entwickeln wir die optimale L\u00f6sung f\u00fcr die Bed\u00fcrfnisse unserer Kunden \u2013 oft basierend auf einer individuellen L\u00f6sung.<\/p>\n<h4 style=\"text-align: center;\">\u2013 Technologieorientiert \u2013<\/h4>\n<p style=\"text-align: center;\">Wir bei DJM begeistern uns f\u00fcr Technologie und sind innovationsgetrieben. In unserem \u2018Innovation Center\u2018 testen wir, erweitern die technischen Grenzen und setzen die neuesten Erkenntnisse ein. In Zusammenarbeit mit weltweit f\u00fchrenden Technologieunternehmen entwickeln wir Treiberelektronik, FPGA-Programmierung, Steuerungssoftware, Schnittstellen, Druckmodule und Tintenmanagement f\u00fcr das gesamte Tintenstrahldrucksystem. Da wir die gesamte Entwicklung intern durchf\u00fchren, tauchen wir tief in die Technologie ein und gew\u00e4hrleisten so erstklassige L\u00f6sungen.<\/p>\n<h4 style=\"text-align: center;\">\u2013 nachhaltig und verantwortungsvoll \u2013<\/h4>\n<p style=\"text-align: center;\">DJM setzt sich f\u00fcr nachhaltige Entwicklung ein und arbeitet aktiv daran, die Umweltbelastung zu minimieren. Dazu geh\u00f6rt eine engagierte Politik zur Reduzierung der CO2-Emissionen. Durch die Entwicklung innovativer Produkte und intelligenter Dienstleistungen k\u00f6nnen wir unseren \u00f6kologischen Fu\u00dfabdruck weiter reduzieren.<\/p>\n<h4 style=\"text-align: center;\">\u2013 Augen f\u00fcr Menschen \u2013<\/h4>\n<p style=\"text-align: center;\">Bei DJM f\u00f6rdern wir ein integratives Umfeld, in dem jeder wertgesch\u00e4tzt wird, Respekt genie\u00dft und die M\u00f6glichkeit hat, sich positiv auf das Unternehmen und die Gesellschaft auszuwirken. Geleitet von dem Grundsatz \u201eBehandle andere so, wie du selbst behandelt werden m\u00f6chtest\u201c, weiten wir diesen Ansatz auch auf unsere Kunden und Partner aus.<\/p>\n<h4 style=\"text-align: center;\">\u2013 faires Gesch\u00e4ft \u2013<\/h4>\n<p style=\"text-align: center;\">DJM arbeitet streng nach fairen Gesch\u00e4ftsprinzipien und gew\u00e4hrleistet eine Zusammenarbeit, die auf Integrit\u00e4t, Gleichberechtigung, Transparenz, Respekt und Verantwortlichkeit basiert. Vereinbarungen und Bedingungen sollten stets fair, transparent und harmonisch sein und ein Gleichgewicht gew\u00e4hrleisten, um langfristiges Vertrauen und Stabilit\u00e4t zu f\u00f6rdern.<\/p>\n<p style=\"text-align: center;\">DJM hat die verschiedenen Schwerpunktbereiche definiert, die zu uns passen und zu einer gerechteren, ges\u00fcnderen und sichereren Welt f\u00fcr alle beitragen!<\/p>\n<\/div>\n<\/div><\/div><\/div><\/div><\/div>","protected":false},"excerpt":{"rendered":"<p>\u2013 Kundenorientiert \u2013 DJM hat sich der Entwicklung hochproduktiver, effizienter und profitabler Tintenstrahldruckl\u00f6sungen verschrieben. Unsere \u201cReise\u201c beginnt mit einer gr\u00fcndlichen Analyse der Projektziele und Anwendungsanforderungen. Wir begleiten unsere Kunden durch die verschiedenen Tintenstrahltechnologien, Tinten, Substrate, Integration und Prozessoptimierung. Durch eingehende Analysen, Testverfahren und die Pr\u00fcfung von Alternativen entwickeln wir die optimale L\u00f6sung f\u00fcr die Bed\u00fcrfnisse [&hellip;]<\/p>\n","protected":false},"author":4,"featured_media":0,"parent":0,"menu_order":0,"comment_status":"closed","ping_status":"closed","template":"","meta":{"footnotes":""},"class_list":["post-14188","page","type-page","status-publish","hentry"],"_links":{"self":[{"href":"https:\/\/www.djm.nl\/de\/wp-json\/wp\/v2\/pages\/14188","targetHints":{"allow":["GET"]}}],"collection":[{"href":"https:\/\/www.djm.nl\/de\/wp-json\/wp\/v2\/pages"}],"about":[{"href":"https:\/\/www.djm.nl\/de\/wp-json\/wp\/v2\/types\/page"}],"author":[{"embeddable":true,"href":"https:\/\/www.djm.nl\/de\/wp-json\/wp\/v2\/users\/4"}],"replies":[{"embeddable":true,"href":"https:\/\/www.djm.nl\/de\/wp-json\/wp\/v2\/comments?post=14188"}],"version-history":[{"count":13,"href":"https:\/\/www.djm.nl\/de\/wp-json\/wp\/v2\/pages\/14188\/revisions"}],"predecessor-version":[{"id":14235,"href":"https:\/\/www.djm.nl\/de\/wp-json\/wp\/v2\/pages\/14188\/revisions\/14235"}],"wp:attachment":[{"href":"https:\/\/www.djm.nl\/de\/wp-json\/wp\/v2\/media?parent=14188"}],"curies":[{"name":"wp","href":"https:\/\/api.w.org\/{rel}","templated":true}]}}