{"id":13516,"date":"2024-05-22T13:25:17","date_gmt":"2024-05-22T12:25:17","guid":{"rendered":"https:\/\/www.djm.nl\/produkte\/eureka\/"},"modified":"2025-06-17T12:04:43","modified_gmt":"2025-06-17T11:04:43","slug":"eureka","status":"publish","type":"page","link":"https:\/\/www.djm.nl\/de\/produkte\/eureka\/","title":{"rendered":"Eureka"},"content":{"rendered":"<div id=\"pl-13516\"  class=\"panel-layout\" ><div id=\"pg-13516-0\"  class=\"panel-grid panel-no-style\" ><div id=\"pgc-13516-0-0\"  class=\"panel-grid-cell\" ><div id=\"panel-13516-0-0-0\" class=\"so-panel widget widget_sow-editor panel-first-child panel-last-child\" data-index=\"0\" ><div class=\"so-widget-sow-editor so-widget-sow-editor-base\">\n<div class=\"siteorigin-widget-tinymce textwidget\">\n\t<h3>Steigern Sie Ihren Output und steigern Sie Ihre Rentabilit\u00e4t mit dem Eureka-Drucksystem von DJM<\/h3>\n<p>&nbsp;<\/p>\n<h4>Die neueste thermaldruckkopftechnologie<\/h4>\n<p>Das <strong>Eureka<\/strong> Drucksystem verwendet den neuesten TIJ4.0-HD-Druckkopf von HP. Dieser Druckkopf zeichnet sich durch die hohe Anzahl an D\u00fcsen f\u00fcr eine hohe Aufl\u00f6sung (1.200 dpi pro Schlitz) mit D\u00fcsenredundanz aus. Dar\u00fcber hinaus nutzt dieser Druckkopf die von HP patentierte Mikrorezirkulationstechnologie und garantiert eine lange Offenzeit der D\u00fcsen und damit lange Reinigungsintervalle.<\/p>\n<p>Das <strong>Eureka<\/strong> Drucksystem kann f\u00fcr ein breites Anwendungsspektrum eingesetzt werden. Abh\u00e4ngig von der f\u00fcr die Anwendung erforderlichen Druckaufl\u00f6sung sind Druckgeschwindigkeiten von bis zu 180 Metern pro Minute m\u00f6glich.<\/p>\n<h4>Skalierbarkeit<\/h4>\n<p>Je nach Anwendungsanforderungen kann die Druckbreite des <strong>Eureka<\/strong> Druckmoduls mit einem oder mehreren Druckk\u00f6pfen konfiguriert werden, um die ideale Druckbreite zu erzeugen. Der Druckkopf verf\u00fcgt \u00fcber zwei Steckpl\u00e4tze, sodass Sie mit nur einem Druckkopf in zwei Farben oder mit nur zwei Druckk\u00f6pfen in Vollfarbe (CMYK) drucken k\u00f6nnen.<\/p>\n<\/div>\n<\/div><\/div><\/div><\/div><div id=\"pg-13516-1\"  class=\"panel-grid panel-no-style\" ><div id=\"pgc-13516-1-0\"  class=\"panel-grid-cell\" ><div id=\"panel-13516-1-0-0\" class=\"so-panel widget widget_sow-image panel-first-child panel-last-child\" data-index=\"1\" ><div class=\"so-widget-sow-image so-widget-sow-image-default-d6014b76747a-13516\">\n\n<div class=\"sow-image-container\">\n\t\t<img decoding=\"async\" src=\"https:\/\/www.djm.nl\/wp-content\/uploads\/2025\/06\/1PH-2R-108.png\" width=\"500\" height=\"500\" srcset=\"https:\/\/www.djm.nl\/wp-content\/uploads\/2025\/06\/1PH-2R-108.png 500w, https:\/\/www.djm.nl\/wp-content\/uploads\/2025\/06\/1PH-2R-108-300x300.png 300w, https:\/\/www.djm.nl\/wp-content\/uploads\/2025\/06\/1PH-2R-108-150x150.png 150w, https:\/\/www.djm.nl\/wp-content\/uploads\/2025\/06\/1PH-2R-108-200x200.png 200w, https:\/\/www.djm.nl\/wp-content\/uploads\/2025\/06\/1PH-2R-108-250x250.png 250w\" sizes=\"auto, (max-width: 500px) 100vw, 500px\" alt=\"\" loading=\"lazy\" \t\tclass=\"so-widget-image\"\/>\n\t<\/div>\n\n<\/div><\/div><\/div><div id=\"pgc-13516-1-1\"  class=\"panel-grid-cell\" ><div id=\"panel-13516-1-1-0\" class=\"so-panel widget widget_sow-image panel-first-child panel-last-child\" data-index=\"2\" ><div class=\"so-widget-sow-image so-widget-sow-image-default-d6014b76747a-13516\">\n\n<div class=\"sow-image-container\">\n\t\t<img decoding=\"async\" src=\"https:\/\/www.djm.nl\/wp-content\/uploads\/2025\/06\/2PH-2C.png\" width=\"500\" height=\"500\" srcset=\"https:\/\/www.djm.nl\/wp-content\/uploads\/2025\/06\/2PH-2C.png 500w, https:\/\/www.djm.nl\/wp-content\/uploads\/2025\/06\/2PH-2C-300x300.png 300w, https:\/\/www.djm.nl\/wp-content\/uploads\/2025\/06\/2PH-2C-150x150.png 150w, https:\/\/www.djm.nl\/wp-content\/uploads\/2025\/06\/2PH-2C-200x200.png 200w, https:\/\/www.djm.nl\/wp-content\/uploads\/2025\/06\/2PH-2C-250x250.png 250w\" sizes=\"auto, (max-width: 500px) 100vw, 500px\" alt=\"\" loading=\"lazy\" \t\tclass=\"so-widget-image\"\/>\n\t<\/div>\n\n<\/div><\/div><\/div><div id=\"pgc-13516-1-2\"  class=\"panel-grid-cell\" ><div id=\"panel-13516-1-2-0\" class=\"so-panel widget widget_sow-image panel-first-child panel-last-child\" data-index=\"3\" ><div class=\"so-widget-sow-image so-widget-sow-image-default-d6014b76747a-13516\">\n\n<div class=\"sow-image-container\">\n\t\t<img decoding=\"async\" src=\"https:\/\/www.djm.nl\/wp-content\/uploads\/2025\/06\/4PH-1CR.png\" width=\"500\" height=\"500\" srcset=\"https:\/\/www.djm.nl\/wp-content\/uploads\/2025\/06\/4PH-1CR.png 500w, https:\/\/www.djm.nl\/wp-content\/uploads\/2025\/06\/4PH-1CR-300x300.png 300w, https:\/\/www.djm.nl\/wp-content\/uploads\/2025\/06\/4PH-1CR-150x150.png 150w, https:\/\/www.djm.nl\/wp-content\/uploads\/2025\/06\/4PH-1CR-200x200.png 200w, https:\/\/www.djm.nl\/wp-content\/uploads\/2025\/06\/4PH-1CR-250x250.png 250w\" sizes=\"auto, (max-width: 500px) 100vw, 500px\" alt=\"\" loading=\"lazy\" \t\tclass=\"so-widget-image\"\/>\n\t<\/div>\n\n<\/div><\/div><\/div><\/div><div id=\"pg-13516-2\"  class=\"panel-grid panel-no-style\" ><div id=\"pgc-13516-2-0\"  class=\"panel-grid-cell\" ><div id=\"panel-13516-2-0-0\" class=\"so-panel widget widget_sow-editor panel-first-child panel-last-child\" data-index=\"4\" ><div class=\"so-widget-sow-editor so-widget-sow-editor-base\">\n<div class=\"siteorigin-widget-tinymce textwidget\">\n\t<h5>Eureka 108 1PH MONO<\/h5>\n<p>Druckk\u00f6pfe: 1<br data-start=\"103\" data-end=\"106\" \/>Farben: Schwarz<br data-start=\"125\" data-end=\"128\" \/>Farben pro Druckkopf: 1<br data-start=\"155\" data-end=\"158\" \/>IDS: IDS-1CR<\/p>\n<\/div>\n<\/div><\/div><\/div><div id=\"pgc-13516-2-1\"  class=\"panel-grid-cell\" ><div id=\"panel-13516-2-1-0\" class=\"so-panel widget widget_sow-editor panel-first-child panel-last-child\" data-index=\"5\" ><div class=\"so-widget-sow-editor so-widget-sow-editor-base\">\n<div class=\"siteorigin-widget-tinymce textwidget\">\n\t<h5>Eureka 108 2PH FC<\/h5>\n<p>Druckk\u00f6pfe: 2<br \/>\nFarben: CMYK<br \/>\nFarben pro Druckkopf: 2<br \/>\nIDS: IDS-2C<\/p>\n<\/div>\n<\/div><\/div><\/div><div id=\"pgc-13516-2-2\"  class=\"panel-grid-cell\" ><div id=\"panel-13516-2-2-0\" class=\"so-panel widget widget_sow-editor panel-first-child panel-last-child\" data-index=\"6\" ><div class=\"so-widget-sow-editor so-widget-sow-editor-base\">\n<div class=\"siteorigin-widget-tinymce textwidget\">\n\t<h5>Eureka 108 4PH FC<\/h5>\n<p>Druckk\u00f6pfe: 4<br data-start=\"341\" data-end=\"344\" \/>Farben: CMYK<br data-start=\"360\" data-end=\"363\" \/>Farben pro Druckkopf: 1<br data-start=\"390\" data-end=\"393\" \/>IDS: IDS-1CR<\/p>\n<\/div>\n<\/div><\/div><\/div><\/div><div id=\"pg-13516-3\"  class=\"panel-grid panel-no-style\" ><div id=\"pgc-13516-3-0\"  class=\"panel-grid-cell\" ><div id=\"panel-13516-3-0-0\" class=\"so-panel widget widget_sow-editor panel-first-child panel-last-child\" data-index=\"7\" ><div class=\"so-widget-sow-editor so-widget-sow-editor-base\">\n<div class=\"siteorigin-widget-tinymce textwidget\">\n\t<h4>Tintenzufuhrsystem<\/h4>\n<p>Das Eureka-System ist mit einem standardm\u00e4\u00dfigen, auf Patronen basierenden Tintenzufuhrsystem ausgestattet, das eine oder zwei 775-ml-Patronen pro Farbe unterst\u00fctzt. In der Doppelpatronenkonfiguration wechselt das System automatisch zur vollen Patrone, sobald eine leer ist, und gew\u00e4hrleistet so einen kontinuierlichen und unterbrechungsfreien Betrieb.<\/p>\n<h4>Der Traum des Integrators wird Wirklichkeit<\/h4>\n<p>Die Druckk\u00f6pfe des <strong>Eureka<\/strong> Systems wurden so entwickelt, dass sie sowohl vertikal als auch horizontal drucken k\u00f6nnen. In Kombination mit den kompakten Abmessungen des Druckmoduls l\u00e4sst sich immer eine Montageposition finden. Diese Flexibilit\u00e4t macht es zu Recht zum Traum eines jeden Integrators.<\/p>\n<h4>Benutzerfreundlich<\/h4>\n<p>Das <strong>Eureka<\/strong> System ist sehr einfach zu bedienen. Das System verf\u00fcgt \u00fcber ein externes, kartuschenbasiertes Tintenversorgungssystem mit zwei Kartuschen pro Farbe und erm\u00f6glicht lange, kontinuierliche Produktionsl\u00e4ufe. Die Tintenpatrone und der Druckkopf k\u00f6nnen innerhalb weniger Minuten ohne Werkzeug ausgetauscht werden, was das System sehr benutzerfreundlich macht.<\/p>\n<\/div>\n<\/div><\/div><\/div><\/div><div id=\"pg-13516-4\"  class=\"panel-grid panel-no-style\" ><div id=\"pgc-13516-4-0\"  class=\"panel-grid-cell\" ><div id=\"panel-13516-4-0-0\" class=\"so-panel widget widget_sow-editor panel-first-child panel-last-child\" data-index=\"8\" ><div class=\"so-widget-sow-editor so-widget-sow-editor-base\">\n<div class=\"siteorigin-widget-tinymce textwidget\">\n\t<div id=\"attachment_13638\" style=\"width: 306px\" class=\"wp-caption alignleft\"><img aria-describedby=\"caption-attachment-13638\" loading=\"lazy\" decoding=\"async\" class=\"wp-image-13638 size-medium\" src=\"https:\/\/www.djm.nl\/wp-content\/uploads\/2024\/05\/eureka-vertically-and-horizontally-1-296x300.png\" alt=\"\" width=\"296\" height=\"300\" srcset=\"https:\/\/www.djm.nl\/wp-content\/uploads\/2024\/05\/eureka-vertically-and-horizontally-1-296x300.png 296w, https:\/\/www.djm.nl\/wp-content\/uploads\/2024\/05\/eureka-vertically-and-horizontally-1-1012x1024.png 1012w, https:\/\/www.djm.nl\/wp-content\/uploads\/2024\/05\/eureka-vertically-and-horizontally-1-768x777.png 768w, https:\/\/www.djm.nl\/wp-content\/uploads\/2024\/05\/eureka-vertically-and-horizontally-1-198x200.png 198w, https:\/\/www.djm.nl\/wp-content\/uploads\/2024\/05\/eureka-vertically-and-horizontally-1-247x250.png 247w, https:\/\/www.djm.nl\/wp-content\/uploads\/2024\/05\/eureka-vertically-and-horizontally-1-148x150.png 148w, https:\/\/www.djm.nl\/wp-content\/uploads\/2024\/05\/eureka-vertically-and-horizontally-1.png 1386w\" sizes=\"auto, (max-width: 296px) 100vw, 296px\" \/><p id=\"caption-attachment-13638\" class=\"wp-caption-text\">Druckt sowohl vertikal als auch horizontal<\/p><\/div>\n<\/div>\n<\/div><\/div><\/div><div id=\"pgc-13516-4-1\"  class=\"panel-grid-cell\" ><div id=\"panel-13516-4-1-0\" class=\"so-panel widget widget_sow-editor panel-first-child panel-last-child\" data-index=\"9\" ><div class=\"so-widget-sow-editor so-widget-sow-editor-base\">\n<div class=\"siteorigin-widget-tinymce textwidget\">\n\t<div id=\"attachment_13495\" style=\"width: 310px\" class=\"wp-caption aligncenter\"><img aria-describedby=\"caption-attachment-13495\" loading=\"lazy\" decoding=\"async\" class=\"wp-image-13495 size-medium\" src=\"https:\/\/www.djm.nl\/wp-content\/uploads\/2024\/05\/eureka-microrecirculation-300x300.png\" alt=\"\" width=\"300\" height=\"300\" srcset=\"https:\/\/www.djm.nl\/wp-content\/uploads\/2024\/05\/eureka-microrecirculation-300x300.png 300w, https:\/\/www.djm.nl\/wp-content\/uploads\/2024\/05\/eureka-microrecirculation-150x150.png 150w, https:\/\/www.djm.nl\/wp-content\/uploads\/2024\/05\/eureka-microrecirculation-200x200.png 200w, https:\/\/www.djm.nl\/wp-content\/uploads\/2024\/05\/eureka-microrecirculation-250x250.png 250w, https:\/\/www.djm.nl\/wp-content\/uploads\/2024\/05\/eureka-microrecirculation.png 539w\" sizes=\"auto, (max-width: 300px) 100vw, 300px\" \/><p id=\"caption-attachment-13495\" class=\"wp-caption-text\">Die patentierte Mikro-Rezirkulation garantiert lange Offenzeiten der Tinte und lange Intervalle<\/p><\/div>\n<\/div>\n<\/div><\/div><\/div><div id=\"pgc-13516-4-2\"  class=\"panel-grid-cell\" ><div id=\"panel-13516-4-2-0\" class=\"so-panel widget widget_sow-editor panel-first-child panel-last-child\" data-index=\"10\" ><div class=\"so-widget-sow-editor so-widget-sow-editor-base\">\n<div class=\"siteorigin-widget-tinymce textwidget\">\n\t<div id=\"attachment_13485\" style=\"width: 308px\" class=\"wp-caption alignright\"><img aria-describedby=\"caption-attachment-13485\" loading=\"lazy\" decoding=\"async\" class=\"wp-image-13485 size-medium\" src=\"https:\/\/www.djm.nl\/wp-content\/uploads\/2024\/05\/eureka-two-colors-298x300.png\" alt=\"\" width=\"298\" height=\"300\" srcset=\"https:\/\/www.djm.nl\/wp-content\/uploads\/2024\/05\/eureka-two-colors-298x300.png 298w, https:\/\/www.djm.nl\/wp-content\/uploads\/2024\/05\/eureka-two-colors-1018x1024.png 1018w, https:\/\/www.djm.nl\/wp-content\/uploads\/2024\/05\/eureka-two-colors-150x150.png 150w, https:\/\/www.djm.nl\/wp-content\/uploads\/2024\/05\/eureka-two-colors-768x772.png 768w, https:\/\/www.djm.nl\/wp-content\/uploads\/2024\/05\/eureka-two-colors-1527x1536.png 1527w, https:\/\/www.djm.nl\/wp-content\/uploads\/2024\/05\/eureka-two-colors-2036x2048.png 2036w, https:\/\/www.djm.nl\/wp-content\/uploads\/2024\/05\/eureka-two-colors-200x200.png 200w\" sizes=\"auto, (max-width: 298px) 100vw, 298px\" \/><p id=\"caption-attachment-13485\" class=\"wp-caption-text\">Jeder Druckkopf verf\u00fcgt \u00fcber zwei Steckpl\u00e4tze f\u00fcr den Druck einer Farbe mit 1.200 dpi Redundanz oder zwei Farben.<\/p><\/div>\n<\/div>\n<\/div><\/div><\/div><\/div><div id=\"pg-13516-5\"  class=\"panel-grid panel-no-style\" ><div id=\"pgc-13516-5-0\"  class=\"panel-grid-cell\" ><div id=\"panel-13516-5-0-0\" class=\"so-panel widget widget_sow-editor panel-first-child panel-last-child\" data-index=\"11\" ><div class=\"so-widget-sow-editor so-widget-sow-editor-base\">\n<div class=\"siteorigin-widget-tinymce textwidget\">\n\t<h4>Vorteile und Kostenersparnis<\/h4>\n<p>Die <strong>Eureka<\/strong> Druckmodultechnologie bietet viele Vorteile und Kosteneinsparungen, wie z. B. h\u00f6here Betriebszeit, schnellere Einrichtungszeit, hohe Bildqualit\u00e4t, Tintenflexibilit\u00e4t, keine Aufarbeitungskosten und vieles mehr. <a href=\"https:\/\/www.djm.nl\/de\/nutzen-und-kostenersparnis\/\">Weiterlesen<\/a><\/p>\n<h4>Zuverl\u00e4ssiger Partner<\/h4>\n<p>Sie wollen einen zuverl\u00e4ssigen, engagierten und qualifizierten Gesch\u00e4ftspartner. Versprechen und erf\u00fcllen. Bei DJM dreht sich alles um Tintenstrahl. Mit \u00fcber 30 Jahren Erfahrung bringen wir die industrielle Inkjet-Technologie an ihre Grenzen. F\u00fchrende Druckbranchen auf der ganzen Welt haben sich f\u00fcr Inkjet-L\u00f6sungen an DJM gewandt, weil sie unseren pers\u00f6nlichen Ansatz und unsere solide Technik sch\u00e4tzen. Unser Ziel ist es, Ihnen die besten Tintenstrahldruckl\u00f6sungen f\u00fcr eine qualitativ hochwertige variable Datenausgabe und mehr Effizienz anzubieten. <a href=\"https:\/\/www.djm.nl\/de\/unsere-versprechen\/\">Lesen Sie hier unser Versprechen<\/a><\/p>\n<h4>Beginnen Sie mit der Integration digitaler Exzellenz<\/h4>\n<p>&nbsp;<\/p>\n<h4>Eureka Vorteile<\/h4>\n<ul>\n<li>Einfach zu integrieren<\/li>\n<li>Drucken Sie vertikal und horizontal<\/li>\n<li>Hohe Druckqualit\u00e4t von 1.200 dpi mit Redundanz<\/li>\n<li>Hohe Geschwindigkeit \u2013 bis zu 180 m\/min<\/li>\n<li>Installation eines skalierbaren Druckmoduls<\/li>\n<li>Benutzerfreundlich<\/li>\n<\/ul>\n<\/div>\n<\/div><\/div><\/div><\/div><div id=\"pg-13516-6\"  class=\"panel-grid panel-no-style\" ><div id=\"pgc-13516-6-0\"  class=\"panel-grid-cell\" ><div id=\"panel-13516-6-0-0\" class=\"so-panel widget widget_sow-cta panel-first-child\" data-index=\"12\" ><div class=\"so-widget-sow-cta so-widget-sow-cta-default-4208922e6c26-13516\"><div class=\"sow-cta-base\">\n\n\t<div class=\"sow-cta-wrapper\">\n\n\t\t<div class=\"sow-cta-text\">\n\t\t\t<h4 class=\"sow-cta-title\">Neugierig, was Eureka f\u00fcr Ihre Druckproduktion tun kann?<\/h4>\n\t\t\t<h5 class=\"sow-cta-subtitle\">Fragen Sie nach den M\u00f6glichkeiten.<\/h5>\n\t\t<\/div>\n\n\t\t<div class=\"so-widget-sow-button so-widget-sow-button-atom-b4f6b6b19f96\"><div class=\"ow-button-base ow-button-align-center\">\n\t<a href=\"mailto:sales@djm.nl\" class=\"ow-icon-placement-left ow-button-hover\" \t\t>\n\t\t<span>\n\t\t\t\n\t\t\tKontaktiere uns\t\t<\/span>\n\t<\/a>\n<\/div>\n<\/div>\n\t<\/div>\n\n<\/div>\n<\/div><\/div><div id=\"panel-13516-6-0-1\" class=\"so-panel widget widget_sow-editor panel-last-child\" data-index=\"13\" ><div class=\"so-widget-sow-editor so-widget-sow-editor-base\">\n<div class=\"siteorigin-widget-tinymce textwidget\">\n\t<\/div>\n<\/div><\/div><\/div><\/div><\/div>","protected":false},"excerpt":{"rendered":"<p>Steigern Sie Ihren Output und steigern Sie Ihre Rentabilit\u00e4t mit dem Eureka-Drucksystem von DJM &nbsp; Die neueste thermaldruckkopftechnologie Das Eureka Drucksystem verwendet den neuesten TIJ4.0-HD-Druckkopf von HP. Dieser Druckkopf zeichnet sich durch die hohe Anzahl an D\u00fcsen f\u00fcr eine hohe Aufl\u00f6sung (1.200 dpi pro Schlitz) mit D\u00fcsenredundanz aus. Dar\u00fcber hinaus nutzt dieser Druckkopf die von [&hellip;]<\/p>\n","protected":false},"author":4,"featured_media":0,"parent":1214,"menu_order":0,"comment_status":"closed","ping_status":"closed","template":"","meta":{"footnotes":""},"class_list":["post-13516","page","type-page","status-publish","hentry"],"_links":{"self":[{"href":"https:\/\/www.djm.nl\/de\/wp-json\/wp\/v2\/pages\/13516","targetHints":{"allow":["GET"]}}],"collection":[{"href":"https:\/\/www.djm.nl\/de\/wp-json\/wp\/v2\/pages"}],"about":[{"href":"https:\/\/www.djm.nl\/de\/wp-json\/wp\/v2\/types\/page"}],"author":[{"embeddable":true,"href":"https:\/\/www.djm.nl\/de\/wp-json\/wp\/v2\/users\/4"}],"replies":[{"embeddable":true,"href":"https:\/\/www.djm.nl\/de\/wp-json\/wp\/v2\/comments?post=13516"}],"version-history":[{"count":14,"href":"https:\/\/www.djm.nl\/de\/wp-json\/wp\/v2\/pages\/13516\/revisions"}],"predecessor-version":[{"id":14278,"href":"https:\/\/www.djm.nl\/de\/wp-json\/wp\/v2\/pages\/13516\/revisions\/14278"}],"up":[{"embeddable":true,"href":"https:\/\/www.djm.nl\/de\/wp-json\/wp\/v2\/pages\/1214"}],"wp:attachment":[{"href":"https:\/\/www.djm.nl\/de\/wp-json\/wp\/v2\/media?parent=13516"}],"curies":[{"name":"wp","href":"https:\/\/api.w.org\/{rel}","templated":true}]}}