{"id":12826,"date":"2024-01-11T14:48:59","date_gmt":"2024-01-11T13:48:59","guid":{"rendered":"https:\/\/www.djm.nl\/praktika\/"},"modified":"2024-01-11T15:50:46","modified_gmt":"2024-01-11T14:50:46","slug":"praktika","status":"publish","type":"page","link":"https:\/\/www.djm.nl\/de\/praktika\/","title":{"rendered":"Praktika"},"content":{"rendered":"<div id=\"pl-12826\"  class=\"panel-layout\" ><div id=\"pg-12826-0\"  class=\"panel-grid panel-no-style\" ><div id=\"pgc-12826-0-0\"  class=\"panel-grid-cell\" ><div id=\"panel-12826-0-0-0\" class=\"so-panel widget widget_media_image panel-first-child panel-last-child\" data-index=\"0\" ><img loading=\"lazy\" decoding=\"async\" width=\"1920\" height=\"300\" src=\"https:\/\/www.djm.nl\/wp-content\/uploads\/2024\/01\/BannerJob.jpg\" class=\"image wp-image-12676  attachment-full size-full\" alt=\"\" style=\"max-width: 100%; height: auto;\" srcset=\"https:\/\/www.djm.nl\/wp-content\/uploads\/2024\/01\/BannerJob.jpg 1920w, https:\/\/www.djm.nl\/wp-content\/uploads\/2024\/01\/BannerJob-300x47.jpg 300w, https:\/\/www.djm.nl\/wp-content\/uploads\/2024\/01\/BannerJob-1024x160.jpg 1024w, https:\/\/www.djm.nl\/wp-content\/uploads\/2024\/01\/BannerJob-768x120.jpg 768w, https:\/\/www.djm.nl\/wp-content\/uploads\/2024\/01\/BannerJob-1536x240.jpg 1536w, https:\/\/www.djm.nl\/wp-content\/uploads\/2024\/01\/BannerJob-200x31.jpg 200w, https:\/\/www.djm.nl\/wp-content\/uploads\/2024\/01\/BannerJob-250x39.jpg 250w, https:\/\/www.djm.nl\/wp-content\/uploads\/2024\/01\/BannerJob-150x23.jpg 150w\" sizes=\"auto, (max-width: 1920px) 100vw, 1920px\" \/><\/div><\/div><\/div><div id=\"pg-12826-1\"  class=\"panel-grid panel-no-style\" ><div id=\"pgc-12826-1-0\"  class=\"panel-grid-cell\" ><div id=\"panel-12826-1-0-0\" class=\"so-panel widget widget_sow-editor panel-first-child panel-last-child\" data-index=\"1\" ><div class=\"so-widget-sow-editor so-widget-sow-editor-base\"><h3 class=\"widget-title\">Softwareentwicklung<\/h3>\n<div class=\"siteorigin-widget-tinymce textwidget\">\n\t<div class=\"siteorigin-widget-tinymce textwidget\">\n<p>DJM ist ein internationaler Hersteller von industriellen Tintenstrahldruckern. Wir arbeiten mit renommierten Wissensunternehmen wie HP und Fujifilm zusammen. Innerhalb des Unternehmens arbeiten wir an eigenen Farbmanagementsystemen, Workflow-Software, Datenprozessen und Steuerungen von Echtzeitprozessen.<\/p>\n<p>Unsere Produkte werden im Druckprozess variabler Daten aller Art eingesetzt. Dazu geh\u00f6rt das Drucken von Rubbellosen, Brosch\u00fcren, Verpackungen, aber auch T-Shirts oder Taschen. Unsere schnellsten Techniken erreichen mittlerweile Druckgeschwindigkeiten von bis zu 5 m\/s und werden weltweit eingesetzt.<\/p>\n<p>Innerhalb des Unternehmens arbeiten wir mit verschiedenen Programmiersprachen, wie zum Beispiel C, C++ und VHDL. Sie arbeiten mit Kollegen zusammen, die Sie gerne unterst\u00fctzen, \u00fcbernehmen aber auch die Verantwortung, an Ihrem eigenen Projekt zu arbeiten. Nachfolgend finden Sie verschiedene Projekte, die Sie bei DJM durchf\u00fchren k\u00f6nnen.<\/p>\n<\/div>\n<\/div>\n<\/div><\/div><\/div><div id=\"pgc-12826-1-1\"  class=\"panel-grid-cell\" ><div id=\"panel-12826-1-1-0\" class=\"so-panel widget widget_sow-editor panel-first-child panel-last-child\" data-index=\"2\" ><div class=\"so-widget-sow-editor so-widget-sow-editor-base\">\n<div class=\"siteorigin-widget-tinymce textwidget\">\n\t<p><strong>Gedanken<\/strong><\/p>\n<ul>\n<li>Analysetool mit Datenbank entweder auf Pihub oder Server<\/li>\n<li>Benutzeroberfl\u00e4che Octipus f\u00fcr HP-System<\/li>\n<li>Octipus-Treiber f\u00fcr neuen HP-Kopf<\/li>\n<li>Testen mit Kopieren von Daten zwischen verschiedenen Speicher und verschiedenen Sockets<\/li>\n<li>Dithering auf einer Nvidia-Karte\/Cuda<\/li>\n<li>Benutzeroberfl\u00e4che f\u00fcr die Logic-Controller-\/Hardware-Konfiguration f\u00fcr Octipus<\/li>\n<li>Der D\u00fcsenmustertest analysiert automatisch die D\u00fcsenkompensation<\/li>\n<li>Automatische Farbkalibrierung<\/li>\n<\/ul>\n<p><strong>Eingebettete Systeme<\/strong><\/p>\n<ul>\n<li>Entwickeln Sie eine Kopftreiberplatine f\u00fcr verschiedene Druckmodule<\/li>\n<li>Verbesserung des Substrattr\u00e4gers<\/li>\n<li>Heizungssteuerung f\u00fcr das Tintenmanagementsystem<\/li>\n<li>Neues Schema f\u00fcr neues Tintenmanagementsystem<\/li>\n<li>Automatisches Kopfreinigungssystem<\/li>\n<\/ul>\n<p><strong>Mechanik<\/strong><\/p>\n<ul>\n<li>Automatisches Kopfreinigungssystem<\/li>\n<li>Vakuummesser f\u00fcr unter dem Druckkopf<\/li>\n<\/ul>\n<\/div>\n<\/div><\/div><\/div><\/div><div id=\"pg-12826-2\"  class=\"panel-grid panel-no-style\" ><div id=\"pgc-12826-2-0\"  class=\"panel-grid-cell\" ><div id=\"panel-12826-2-0-0\" class=\"so-panel widget widget_sow-button panel-first-child panel-last-child\" data-index=\"3\" ><div class=\"so-widget-sow-button so-widget-sow-button-atom-b4f6b6b19f96-12826\"><div class=\"ow-button-base ow-button-align-center\">\n\t<a href=\"mailto:%20info@djm.nl\" class=\"ow-icon-placement-left ow-button-hover\" \t\t>\n\t\t<span>\n\t\t\t\n\t\t\tJetzt antworten\t\t<\/span>\n\t<\/a>\n<\/div>\n<\/div><\/div><\/div><\/div><div id=\"pg-12826-3\"  class=\"panel-grid panel-no-style\" ><div id=\"pgc-12826-3-0\"  class=\"panel-grid-cell\" ><div id=\"panel-12826-3-0-0\" class=\"so-panel widget widget_sow-editor panel-first-child panel-last-child\" data-index=\"4\" ><div class=\"so-widget-sow-editor so-widget-sow-editor-base\"><h3 class=\"widget-title\">Marketing<\/h3>\n<div class=\"siteorigin-widget-tinymce textwidget\">\n\t<div class=\"siteorigin-widget-tinymce textwidget\">\n<p>DJM m\u00f6chte auf dem Markt f\u00fcr flexible Verpackungen erfolgreich sein, da es auch variable Daten- und Tintenstrahldrucksysteme nutzen m\u00f6chte, um schneller auf sich \u00e4ndernde Marktanforderungen zu reagieren, kleinere Produktionsl\u00e4ufe zu erm\u00f6glichen usw.<\/p>\n<p>W\u00e4hrend des Praktikums erstellen und implementieren Sie einen Marktforschungsplan. Ausgangspunkt ist die Abbildung des aktuellen Herstellungsprozesses flexibler Verpackungen und die Untersuchung, welche Markttrends und Themen es gibt. Sie konzentrieren sich auf Entwicklungen in Produktionsunternehmen, wie Effizienz, Produktionsvarianten und Materialeinsatz und deren Auswirkungen auf die Umwelt.<\/p>\n<p>Ihre Recherche wird im Marketingplan verwendet und in Marketingkampagnen einbezogen.<\/p>\n<\/div>\n<\/div>\n<\/div><\/div><\/div><div id=\"pgc-12826-3-1\"  class=\"panel-grid-cell\" ><div id=\"panel-12826-3-1-0\" class=\"so-panel widget widget_sow-editor panel-first-child panel-last-child\" data-index=\"5\" ><div class=\"so-widget-sow-editor so-widget-sow-editor-base\">\n<div class=\"siteorigin-widget-tinymce textwidget\">\n\t<p>Ihre Aufgaben<\/p>\n<ul>\n<li>Sie recherchieren weltweit in der Verpackungsindustrie, insbesondere in flexiblen Verpackungen, und identifizieren Trends und Themen.<\/li>\n<li>Du arbeitest intensiv mit Vertrieb und Marketing zusammen, um Einblicke in DJM und seine Produkte und Dienstleistungen zu gewinnen.<\/li>\n<li>Sie berichten regelm\u00e4\u00dfig \u00fcber Ihre Erkenntnisse an das Management.<\/li>\n<\/ul>\n<p><strong>Wen suchen wir?<\/strong><\/p>\n<p>Sie befinden sich im letzten Jahr Ihrer Ausbildung und ben\u00f6tigen ein Praktikum, bei dem Sie in einem internationalen Umfeld Erfahrungen im B-to-B-Markt sammeln k\u00f6nnen und eine starke Affinit\u00e4t zu Technologie und IKT haben?<br \/>\nDann m\u00f6chten wir Sie herzlich einladen, zu antworten!<\/p>\n<p><strong>Was bieten wir an?<\/strong><\/p>\n<ul>\n<li>Ein Praktikum f\u00fcr 4 bis 6 Monate in Harderwijk<\/li>\n<li>Eine Praktikumsverg\u00fctung<\/li>\n<li>Die M\u00f6glichkeit, Erfahrungen bei einem internationalen, technischen Player zu sammeln<\/li>\n<\/ul>\n<\/div>\n<\/div><\/div><\/div><\/div><div id=\"pg-12826-4\"  class=\"panel-grid panel-no-style\" ><div id=\"pgc-12826-4-0\"  class=\"panel-grid-cell\" ><div id=\"panel-12826-4-0-0\" class=\"so-panel widget widget_sow-button panel-first-child panel-last-child\" data-index=\"6\" ><div class=\"so-widget-sow-button so-widget-sow-button-atom-b4f6b6b19f96-12826\"><div class=\"ow-button-base ow-button-align-center\">\n\t<a href=\"mailto:%20info@djm.nl\" class=\"ow-icon-placement-left ow-button-hover\" \t\t>\n\t\t<span>\n\t\t\t\n\t\t\tJetzt antworten\t\t<\/span>\n\t<\/a>\n<\/div>\n<\/div><\/div><\/div><\/div><div id=\"pg-12826-5\"  class=\"panel-grid panel-no-style\" ><div id=\"pgc-12826-5-0\"  class=\"panel-grid-cell\" ><div id=\"panel-12826-5-0-0\" class=\"so-panel widget widget_sow-editor panel-first-child panel-last-child\" data-index=\"7\" ><div class=\"so-widget-sow-editor so-widget-sow-editor-base\"><h3 class=\"widget-title\">\u201cPhotonic driven inkjet\"<\/h3>\n<div class=\"siteorigin-widget-tinymce textwidget\">\n\t<div class=\"siteorigin-widget-tinymce textwidget\">\n<p><img loading=\"lazy\" decoding=\"async\" class=\"alignright size-medium wp-image-5349\" src=\"https:\/\/www.djm.nl\/wp-content\/uploads\/2019\/09\/OP-Oost-300x113.jpg\" sizes=\"auto, (max-width: 300px) 100vw, 300px\" srcset=\"https:\/\/www.djm.nl\/wp-content\/uploads\/2019\/09\/OP-Oost-300x113.jpg 300w, https:\/\/www.djm.nl\/wp-content\/uploads\/2019\/09\/OP-Oost-768x290.jpg 768w, https:\/\/www.djm.nl\/wp-content\/uploads\/2019\/09\/OP-Oost-1024x387.jpg 1024w, https:\/\/www.djm.nl\/wp-content\/uploads\/2019\/09\/OP-Oost-200x76.jpg 200w, https:\/\/www.djm.nl\/wp-content\/uploads\/2019\/09\/OP-Oost-250x94.jpg 250w, https:\/\/www.djm.nl\/wp-content\/uploads\/2019\/09\/OP-Oost-150x57.jpg 150w\" alt=\"\" width=\"300\" height=\"113\">DJM arbeitet am Projekt \u201ePhotonic Driven Inkjet\u201c, f\u00fcr das wir einen Zuschuss von der EU erhalten haben. Das Hauptziel des Projekts besteht darin, Substratbewegungen dreidimensional zu erfassen und gleichzeitig Anpassungen in der Steuerung des Druckmoduls vorzunehmen. So entsteht unter allen Umst\u00e4nden der perfekte Inkjet-Tropfen, der an der richtigen Stelle auf dem Untergrund positioniert wird. Um dies zu erreichen, m\u00fcssen ein Messverfahren zur Verfolgung des Substrats und Sensoren entwickelt werden, die diese Messungen durchf\u00fchren k\u00f6nnen. Dar\u00fcber hinaus muss ein Encoder entwickelt werden, der Messungen in den Dimensionen X, Y und Z durchf\u00fchren kann.\u201c<br \/>\nMit anderen Worten: Wir wollen erreichen, dass bei einer Abdruckgeschwindigkeit von 5 m\/sec (300 m\/min) \u2013 beispielsweise auf zuvor bedruckten Offsetb\u00f6gen \u2013 jeder Inkjet-Abdruck unabh\u00e4ngig vom Offsetbild digital in Deckung gebracht wird Positionsabweichungen zwischen den Vordrucken. Dies gilt auch f\u00fcr den Vollfarb-Tintenstrahldruck selbst, dessen digitale Farbeinheiten im Register bleiben m\u00fcssen. Dies erfordert in Kombination mit einer Aufl\u00f6sung von 4.800 dpi und einer Druckbreite von 100 cm die oben genannte Datenverarbeitung von 2,5 Terabyte\/Sek.<\/p>\n<\/div>\n<\/div>\n<\/div><\/div><\/div><\/div><div id=\"pg-12826-6\"  class=\"panel-grid panel-no-style\" ><div id=\"pgc-12826-6-0\"  class=\"panel-grid-cell\" ><div id=\"panel-12826-6-0-0\" class=\"so-panel widget widget_sow-editor panel-first-child panel-last-child\" data-index=\"8\" ><div class=\"so-widget-sow-editor so-widget-sow-editor-base\">\n<div class=\"siteorigin-widget-tinymce textwidget\">\n\t<h2>Viele Entwicklungs- und Karrierem\u00f6glichkeiten<\/h2>\n<\/div>\n<\/div><\/div><\/div><\/div><div id=\"pg-12826-7\"  class=\"panel-grid panel-no-style\" ><div id=\"pgc-12826-7-0\"  class=\"panel-grid-cell\" ><div id=\"panel-12826-7-0-0\" class=\"so-panel widget widget_sow-editor panel-first-child panel-last-child\" data-index=\"9\" ><div class=\"so-widget-sow-editor so-widget-sow-editor-base\">\n<div class=\"siteorigin-widget-tinymce textwidget\">\n\t<p><img loading=\"lazy\" decoding=\"async\" class=\"wp-image-5404 size-custom-size-250 alignnone\" src=\"https:\/\/www.djm.nl\/wp-content\/uploads\/2019\/09\/gerco-1-250x250.png\" sizes=\"auto, (max-width: 250px) 100vw, 250px\" srcset=\"https:\/\/www.djm.nl\/wp-content\/uploads\/2019\/09\/gerco-1-250x250.png 250w, https:\/\/www.djm.nl\/wp-content\/uploads\/2019\/09\/gerco-1-150x150.png 150w, https:\/\/www.djm.nl\/wp-content\/uploads\/2019\/09\/gerco-1-300x300.png 300w, https:\/\/www.djm.nl\/wp-content\/uploads\/2019\/09\/gerco-1-768x768.png 768w, https:\/\/www.djm.nl\/wp-content\/uploads\/2019\/09\/gerco-1-200x200.png 200w, https:\/\/www.djm.nl\/wp-content\/uploads\/2019\/09\/gerco-1.png 1024w\" alt=\"\" width=\"250\" height=\"250\"><\/p>\n<\/div>\n<\/div><\/div><\/div><div id=\"pgc-12826-7-1\"  class=\"panel-grid-cell\" ><div id=\"panel-12826-7-1-0\" class=\"so-panel widget widget_sow-editor panel-first-child panel-last-child\" data-index=\"10\" ><div class=\"so-widget-sow-editor so-widget-sow-editor-base\">\n<div class=\"siteorigin-widget-tinymce textwidget\">\n\t<p>'Ich habe w\u00e4hrend meines Studiums bei DJM angefangen. Ich habe mit einem Teilzeitjob angefangen und konnte dann auch mein Praktikum und meine Abschlussarbeit bei DJM absolvieren. Nach meinem Studium begann ich hauptberuflich als Softwareentwickler zu arbeiten und arbeite jetzt an einem Projekt, bei dem wir ein neues Druckmodul entwickeln.'<br \/>\n<strong>Gerco Smit<br \/>\n<\/strong><strong>Software Developer<\/strong><\/p>\n<\/div>\n<\/div><\/div><\/div><div id=\"pgc-12826-7-2\"  class=\"panel-grid-cell\" ><div id=\"panel-12826-7-2-0\" class=\"so-panel widget widget_sow-editor panel-first-child panel-last-child\" data-index=\"11\" ><div class=\"so-widget-sow-editor so-widget-sow-editor-base\">\n<div class=\"siteorigin-widget-tinymce textwidget\">\n\t<p><img loading=\"lazy\" decoding=\"async\" class=\"wp-image-5399 size-custom-size-250 alignnone\" src=\"https:\/\/www.djm.nl\/wp-content\/uploads\/2019\/09\/dinant-250x250.png\" sizes=\"auto, (max-width: 250px) 100vw, 250px\" srcset=\"https:\/\/www.djm.nl\/wp-content\/uploads\/2019\/09\/dinant-250x250.png 250w, https:\/\/www.djm.nl\/wp-content\/uploads\/2019\/09\/dinant-150x150.png 150w, https:\/\/www.djm.nl\/wp-content\/uploads\/2019\/09\/dinant-300x300.png 300w, https:\/\/www.djm.nl\/wp-content\/uploads\/2019\/09\/dinant-768x768.png 768w, https:\/\/www.djm.nl\/wp-content\/uploads\/2019\/09\/dinant-200x200.png 200w, https:\/\/www.djm.nl\/wp-content\/uploads\/2019\/09\/dinant.png 1024w\" alt=\"\" width=\"250\" height=\"250\"><\/p>\n<\/div>\n<\/div><\/div><\/div><div id=\"pgc-12826-7-3\"  class=\"panel-grid-cell\" ><div id=\"panel-12826-7-3-0\" class=\"so-panel widget widget_sow-editor panel-first-child panel-last-child\" data-index=\"12\" ><div class=\"so-widget-sow-editor so-widget-sow-editor-base\">\n<div class=\"siteorigin-widget-tinymce textwidget\">\n\t<p>'2013 begann ich mein erstes Praktikum bei DJM. Seitdem habe ich die M\u00f6glichkeit, mein Studium bei DJM fortzusetzen und habe zus\u00e4tzlich einen anspruchsvollen Teilzeitjob, bei dem ich allerlei smarte L\u00f6sungen zur Weiterentwicklung der Inkjet-Technologie entwickle.'<br \/>\n<strong>Dinant Reijnders<br \/>\n<\/strong><strong>Embedded Developer<\/strong><\/p>\n<\/div>\n<\/div><\/div><\/div><\/div><div id=\"pg-12826-8\"  class=\"panel-grid panel-no-style\" ><div id=\"pgc-12826-8-0\"  class=\"panel-grid-cell\" ><div id=\"panel-12826-8-0-0\" class=\"so-panel widget widget_sow-cta panel-first-child panel-last-child\" data-index=\"13\" ><div class=\"so-widget-sow-cta so-widget-sow-cta-default-4208922e6c26-12826\"><div class=\"sow-cta-base\">\n\n\t<div class=\"sow-cta-wrapper\">\n\n\t\t<div class=\"sow-cta-text\">\n\t\t\t<h4 class=\"sow-cta-title\">Warst du wirklich aufgeregt? Dann ist es jetzt an der Zeit zu antworten!<\/h4>\n\t\t\t<h5 class=\"sow-cta-subtitle\">Schicken Sie uns Ihre Motivation und wir suchen gemeinsam nach dem perfekten Ort f\u00fcr Sie.<\/h5>\n\t\t<\/div>\n\n\t\t<div class=\"so-widget-sow-button so-widget-sow-button-atom-b4f6b6b19f96\"><div class=\"ow-button-base ow-button-align-center\">\n\t<a href=\"mailto:%20info@djm.nl\" class=\"ow-icon-placement-left ow-button-hover\" \t\t>\n\t\t<span>\n\t\t\t\n\t\t\tBitte kontaktieren Sie uns\t\t<\/span>\n\t<\/a>\n<\/div>\n<\/div>\n\t<\/div>\n\n<\/div>\n<\/div><\/div><\/div><\/div><\/div>","protected":false},"excerpt":{"rendered":"<p>DJM ist ein internationaler Hersteller von industriellen Tintenstrahldruckern. Wir arbeiten mit renommierten Wissensunternehmen wie HP und Fujifilm zusammen. Innerhalb des Unternehmens arbeiten wir an eigenen Farbmanagementsystemen, Workflow-Software, Datenprozessen und Steuerungen von Echtzeitprozessen. Unsere Produkte werden im Druckprozess variabler Daten aller Art eingesetzt. Dazu geh\u00f6rt das Drucken von Rubbellosen, Brosch\u00fcren, Verpackungen, aber auch T-Shirts oder Taschen. [&hellip;]<\/p>\n","protected":false},"author":9,"featured_media":0,"parent":0,"menu_order":0,"comment_status":"closed","ping_status":"closed","template":"","meta":{"footnotes":""},"class_list":["post-12826","page","type-page","status-publish","hentry"],"_links":{"self":[{"href":"https:\/\/www.djm.nl\/de\/wp-json\/wp\/v2\/pages\/12826","targetHints":{"allow":["GET"]}}],"collection":[{"href":"https:\/\/www.djm.nl\/de\/wp-json\/wp\/v2\/pages"}],"about":[{"href":"https:\/\/www.djm.nl\/de\/wp-json\/wp\/v2\/types\/page"}],"author":[{"embeddable":true,"href":"https:\/\/www.djm.nl\/de\/wp-json\/wp\/v2\/users\/9"}],"replies":[{"embeddable":true,"href":"https:\/\/www.djm.nl\/de\/wp-json\/wp\/v2\/comments?post=12826"}],"version-history":[{"count":2,"href":"https:\/\/www.djm.nl\/de\/wp-json\/wp\/v2\/pages\/12826\/revisions"}],"predecessor-version":[{"id":12834,"href":"https:\/\/www.djm.nl\/de\/wp-json\/wp\/v2\/pages\/12826\/revisions\/12834"}],"wp:attachment":[{"href":"https:\/\/www.djm.nl\/de\/wp-json\/wp\/v2\/media?parent=12826"}],"curies":[{"name":"wp","href":"https:\/\/api.w.org\/{rel}","templated":true}]}}