{"id":12812,"date":"2024-01-11T12:23:56","date_gmt":"2024-01-11T11:23:56","guid":{"rendered":"https:\/\/www.djm.nl\/stellenangebote\/"},"modified":"2024-01-11T13:53:56","modified_gmt":"2024-01-11T12:53:56","slug":"stellenangebote","status":"publish","type":"page","link":"https:\/\/www.djm.nl\/de\/stellenangebote\/","title":{"rendered":"Stellenangebote"},"content":{"rendered":"<div id=\"pl-12812\"  class=\"panel-layout\" ><div id=\"pg-12812-0\"  class=\"panel-grid panel-no-style\" ><div id=\"pgc-12812-0-0\"  class=\"panel-grid-cell\" ><div id=\"panel-12812-0-0-0\" class=\"so-panel widget widget_sow-image panel-first-child panel-last-child\" data-index=\"0\" ><div class=\"so-widget-sow-image so-widget-sow-image-default-d6014b76747a-12812\">\n\n<div class=\"sow-image-container\">\n\t\t<img decoding=\"async\" src=\"https:\/\/www.djm.nl\/wp-content\/uploads\/2024\/01\/BannerJob.jpg\" width=\"1920\" height=\"300\" srcset=\"https:\/\/www.djm.nl\/wp-content\/uploads\/2024\/01\/BannerJob.jpg 1920w, https:\/\/www.djm.nl\/wp-content\/uploads\/2024\/01\/BannerJob-300x47.jpg 300w, https:\/\/www.djm.nl\/wp-content\/uploads\/2024\/01\/BannerJob-1024x160.jpg 1024w, https:\/\/www.djm.nl\/wp-content\/uploads\/2024\/01\/BannerJob-768x120.jpg 768w, https:\/\/www.djm.nl\/wp-content\/uploads\/2024\/01\/BannerJob-1536x240.jpg 1536w, https:\/\/www.djm.nl\/wp-content\/uploads\/2024\/01\/BannerJob-200x31.jpg 200w, https:\/\/www.djm.nl\/wp-content\/uploads\/2024\/01\/BannerJob-250x39.jpg 250w, https:\/\/www.djm.nl\/wp-content\/uploads\/2024\/01\/BannerJob-150x23.jpg 150w\" sizes=\"auto, (max-width: 1920px) 100vw, 1920px\" alt=\"\" loading=\"lazy\" \t\tclass=\"so-widget-image\"\/>\n\t<\/div>\n\n<\/div><\/div><\/div><\/div><div id=\"pg-12812-1\"  class=\"panel-grid panel-has-style\" ><div class=\"Zebra panel-row-style panel-row-style-for-12812-1\" ><div id=\"pgc-12812-1-0\"  class=\"panel-grid-cell\" ><div id=\"panel-12812-1-0-0\" class=\"so-panel widget widget_sow-editor panel-first-child panel-last-child\" data-index=\"1\" ><div class=\"so-widget-sow-editor so-widget-sow-editor-base\"><h3 class=\"widget-title\">Softwareentwickler<\/h3>\n<div class=\"siteorigin-widget-tinymce textwidget\">\n\t<div class=\"siteorigin-widget-tinymce textwidget\">\n<p>Sie fressen Begriffe wie GUI, Zustandsmaschine und waschen sie mit einem Pull-Request weg. Mit den richtigen Smart- und Raw-Zeigern ist Ihr Code immer korrekt. Sie sind der Programmierer, den wir suchen. Als Softwareentwickler unterst\u00fctzen Sie unser Team und gehen auf die W\u00fcnsche unserer Kunden ein. Unsere Entwickler entwerfen die Software, mit der unsere Kunden arbeiten, und sorgen daf\u00fcr, dass alle Informationen korrekt gedruckt werden. Eigentlich sind Sie gemeinsam mit Ihren Kollegen f\u00fcr alle Informationen verantwortlich, die von der Software verarbeitet werden m\u00fcssen. F\u00fcr diese Herausforderung brauchen wir Dich, auch nach dem Fr\u00fchst\u00fcck.<\/p>\n<\/div>\n<\/div>\n<\/div><\/div><\/div><div id=\"pgc-12812-1-1\"  class=\"panel-grid-cell\" ><div id=\"panel-12812-1-1-0\" class=\"so-panel widget widget_sow-editor panel-first-child panel-last-child\" data-index=\"2\" ><div class=\"so-widget-sow-editor so-widget-sow-editor-base\">\n<div class=\"siteorigin-widget-tinymce textwidget\">\n\t<p><strong>Du bist:<\/strong><br \/>\n- Erfahrung mit C++, QT und GIT<br \/>\n- Zumindest an einem entsprechenden MBO-Kurs arbeiten oder diesen absolvieren<br \/>\n- Kann ein funktionales Design und ein technisches Design lesen und in Code umwandeln<br \/>\n- Affinit\u00e4t zum Aufbau einer intuitiven GUI oder des Backends<br \/>\n- Erfahrung im Schreiben von Testf\u00e4llen ist von Vorteil<br \/>\n- Proaktive Einstellung<br \/>\n- Eine praxisorientierte und l\u00f6sungsorientierte Einstellung<br \/>\n- Beherrschung der niederl\u00e4ndischen und englischen Sprache in Wort und Schrift<\/p>\n<p><strong>Wir bieten:<\/strong><br \/>\n- Eine Stelle bei einem international t\u00e4tigen Unternehmen<br \/>\n- Arbeiten mit den neuen Techniken, Hardware und Software<br \/>\n- Gehalt nach Erfahrung<br \/>\n- Ein vielf\u00e4ltiges und eingespieltes Team<\/p>\n<\/div>\n<\/div><\/div><\/div><\/div><\/div><div id=\"pg-12812-2\"  class=\"panel-grid panel-no-style\" ><div id=\"pgc-12812-2-0\"  class=\"panel-grid-cell\" ><div id=\"panel-12812-2-0-0\" class=\"so-panel widget widget_sow-cta panel-first-child panel-last-child\" data-index=\"3\" ><div class=\"so-widget-sow-cta so-widget-sow-cta-default-4208922e6c26-12812\"><div class=\"sow-cta-base\">\n\n\t<div class=\"sow-cta-wrapper\">\n\n\t\t<div class=\"sow-cta-text\">\n\t\t\t<h4 class=\"sow-cta-title\">Du bist unser neues Genie hinter der Tastatur und m\u00f6chtest Dich weiterentwickeln?<\/h4>\n\t\t\t<h5 class=\"sow-cta-subtitle\">Reagieren Sie und werden Sie Teil des besten technischen Teams in Harderwijk. Haben Sie Zweifel? Schauen Sie sich f\u00fcr einen Eindruck auf unserer LinkedIn- oder Instagram-Seite um.<\/h5>\n\t\t<\/div>\n\n\t\t<div class=\"so-widget-sow-button so-widget-sow-button-atom-b4f6b6b19f96\"><div class=\"ow-button-base ow-button-align-center\">\n\t<a href=\"mailto:%20info@djm.nl\" class=\"ow-icon-placement-left ow-button-hover\" \t\t>\n\t\t<span>\n\t\t\t\n\t\t\tJetzt bewerben\t\t<\/span>\n\t<\/a>\n<\/div>\n<\/div>\n\t<\/div>\n\n<\/div>\n<\/div><\/div><\/div><\/div><div id=\"pg-12812-3\"  class=\"panel-grid panel-has-style\" ><div class=\"Zebra panel-row-style panel-row-style-for-12812-3\" ><div id=\"pgc-12812-3-0\"  class=\"panel-grid-cell\" ><div id=\"panel-12812-3-0-0\" class=\"so-panel widget widget_sow-editor panel-first-child panel-last-child\" data-index=\"4\" ><div class=\"so-widget-sow-editor so-widget-sow-editor-base\"><h3 class=\"widget-title\">Allround-Techniker<\/h3>\n<div class=\"siteorigin-widget-tinymce textwidget\">\n\t<div class=\"siteorigin-widget-tinymce textwidget\">\n<p>Vielleicht hast du noch nicht die n\u00f6tige Erfahrung oder denkst \u00fcber eine Umschulung nach, aber eines wei\u00dft du ganz sicher: Ein Job in der Technik ist deine Zukunft! Denn egal, ob Sie aus dem M\u00f6belhaus oder aus dem Spielwarenladen kommen, in Ihrer Nachbarschaft bleibt kein Bausatz unangetastet. Bei DJM suchen wir einen Allround-Techniker. Sie sind f\u00fcr die Montage der von uns verkauften Systeme verantwortlich. Deshalb sind Sie t\u00e4glich damit besch\u00e4ftigt, Rahmen, Computer und Druckmodule zu bauen. Es spielt keine Rolle, dass Sie hierf\u00fcr noch nicht \u00fcber ausreichende Kenntnisse verf\u00fcgen. Denn nach unserer internen Schulung k\u00f6nnen Sie alles meistern. Und sonst ist immer ein Kollege in der N\u00e4he.<\/p>\n<\/div>\n<\/div>\n<\/div><\/div><\/div><div id=\"pgc-12812-3-1\"  class=\"panel-grid-cell\" ><div id=\"panel-12812-3-1-0\" class=\"so-panel widget widget_sow-editor panel-first-child panel-last-child\" data-index=\"5\" ><div class=\"so-widget-sow-editor so-widget-sow-editor-base\">\n<div class=\"siteorigin-widget-tinymce textwidget\">\n\t<p>Du bist:<br \/>\n- Praxisnah und l\u00f6sungsorientiert<br \/>\n- Proaktiv<br \/>\n- Kann in Wort und Schrift auf Niederl\u00e4ndisch und\/oder Englisch kommunizieren<\/p>\n<p><strong>Wir bieten:<\/strong><br \/>\n- Umfangreiche Wachstums- und Entwicklungsm\u00f6glichkeiten<br \/>\n- Eine technische Position, die mit den neuesten Techniken in unserem Bereich arbeitet<br \/>\n- Eine angenehme Arbeitsatmosph\u00e4re im sch\u00f6nsten technischen Unternehmen in Harderwijk<br \/>\n- Interne Ausbildung zum Spezialisten auf unserem Gebiet<\/p>\n<\/div>\n<\/div><\/div><\/div><\/div><\/div><div id=\"pg-12812-4\"  class=\"panel-grid panel-no-style\" ><div id=\"pgc-12812-4-0\"  class=\"panel-grid-cell\" ><div id=\"panel-12812-4-0-0\" class=\"so-panel widget widget_sow-cta panel-first-child panel-last-child\" data-index=\"6\" ><div class=\"so-widget-sow-cta so-widget-sow-cta-default-4208922e6c26-12812\"><div class=\"sow-cta-base\">\n\n\t<div class=\"sow-cta-wrapper\">\n\n\t\t<div class=\"sow-cta-text\">\n\t\t\t<h4 class=\"sow-cta-title\">Sie haben eine Affinit\u00e4t zur Technik und m\u00f6chten sich gerne weiterentwickeln?<\/h4>\n\t\t\t<h5 class=\"sow-cta-subtitle\">Reagieren Sie und werden Sie Teil des besten technischen Teams in Harderwijk. Haben Sie Zweifel? Schauen Sie sich f\u00fcr einen Eindruck auf unserer LinkedIn- oder Instagram-Seite um.<\/h5>\n\t\t<\/div>\n\n\t\t<div class=\"so-widget-sow-button so-widget-sow-button-atom-b4f6b6b19f96\"><div class=\"ow-button-base ow-button-align-center\">\n\t<a href=\"mailto:%20info@djm.nl\" class=\"ow-icon-placement-left ow-button-hover\" \t\t>\n\t\t<span>\n\t\t\t\n\t\t\tJetzt bewerben\t\t<\/span>\n\t<\/a>\n<\/div>\n<\/div>\n\t<\/div>\n\n<\/div>\n<\/div><\/div><\/div><\/div><div id=\"pg-12812-5\"  class=\"panel-grid panel-no-style\" ><div id=\"pgc-12812-5-0\"  class=\"panel-grid-cell\" ><div id=\"panel-12812-5-0-0\" class=\"so-panel widget widget_sow-editor panel-first-child panel-last-child\" data-index=\"7\" ><div class=\"so-widget-sow-editor so-widget-sow-editor-base\"><h3 class=\"widget-title\">Mitarbeiter unterst\u00fctzen<\/h3>\n<div class=\"siteorigin-widget-tinymce textwidget\">\n\t<div class=\"siteorigin-widget-tinymce textwidget\">\n<p>Gespr\u00e4che mit internationalen Kunden lassen Ihr Herz h\u00f6her schlagen. H\u00f6ren Sie genau zu, damit Sie dem Kunden anschlie\u00dfend die richtige Unterst\u00fctzung bieten k\u00f6nnen. Das ist es, was unsere Support-Mitarbeiter tun. Und wir sind derzeit auf der Suche nach einer Verst\u00e4rkung f\u00fcr dieses Team. Du arbeitest vom B\u00fcro aus und sprichst mit Kunden per E-Mail, Telefon oder WhatsApp. K\u00f6nnen Sie das Problem nicht aus der Ferne l\u00f6sen? Dann besuchen Sie unsere internationalen Kunden und l\u00f6sen Probleme vor Ort.<\/p>\n<\/div>\n<\/div>\n<\/div><\/div><\/div><div id=\"pgc-12812-5-1\"  class=\"panel-grid-cell\" ><div id=\"panel-12812-5-1-0\" class=\"so-panel widget widget_sow-editor panel-first-child panel-last-child\" data-index=\"8\" ><div class=\"so-widget-sow-editor so-widget-sow-editor-base\">\n<div class=\"siteorigin-widget-tinymce textwidget\">\n\t<p>Du bist:<br \/>\n- In der Lage, unabh\u00e4ngig zu arbeiten<br \/>\n- Kann schnell wechseln<br \/>\n- L\u00f6sungsorientiert<br \/>\n- Interessiert an Technik<br \/>\n- Kommunikativ in Niederl\u00e4ndisch und Englisch in Wort und Schrift<\/p>\n<p><strong>Wir bieten:<\/strong><br \/>\n- Umfangreiche Wachstums- und Entwicklungsm\u00f6glichkeiten<br \/>\n- Eine technische Position, die mit den neuesten Techniken in unserem Bereich arbeitet<br \/>\n- Eine angenehme Arbeitsatmosph\u00e4re im sch\u00f6nsten technischen Unternehmen in Harderwijk<\/p>\n<\/div>\n<\/div><\/div><\/div><\/div><div id=\"pg-12812-6\"  class=\"panel-grid panel-no-style\" ><div id=\"pgc-12812-6-0\"  class=\"panel-grid-cell\" ><div id=\"panel-12812-6-0-0\" class=\"so-panel widget widget_sow-cta panel-first-child panel-last-child\" data-index=\"9\" ><div class=\"so-widget-sow-cta so-widget-sow-cta-default-4208922e6c26-12812\"><div class=\"sow-cta-base\">\n\n\t<div class=\"sow-cta-wrapper\">\n\n\t\t<div class=\"sow-cta-text\">\n\t\t\t<h4 class=\"sow-cta-title\">Sie haben eine Affinit\u00e4t zur Technik und m\u00f6chten sich gerne weiterentwickeln?<\/h4>\n\t\t\t<h5 class=\"sow-cta-subtitle\">Reagieren Sie und werden Sie Teil des besten technischen Teams in Harderwijk. Haben Sie Zweifel? Schauen Sie sich f\u00fcr einen Eindruck auf unserer LinkedIn- oder Instagram-Seite um.<\/h5>\n\t\t<\/div>\n\n\t\t<div class=\"so-widget-sow-button so-widget-sow-button-atom-b4f6b6b19f96\"><div class=\"ow-button-base ow-button-align-center\">\n\t<a href=\"mailto:%20info@djm.nl\" class=\"ow-icon-placement-left ow-button-hover\" \t\t>\n\t\t<span>\n\t\t\t\n\t\t\tJetzt bewerben\t\t<\/span>\n\t<\/a>\n<\/div>\n<\/div>\n\t<\/div>\n\n<\/div>\n<\/div><\/div><\/div><\/div><div id=\"pg-12812-7\"  class=\"panel-grid panel-no-style\" ><div id=\"pgc-12812-7-0\"  class=\"panel-grid-cell\" ><div id=\"panel-12812-7-0-0\" class=\"so-panel widget widget_sow-editor panel-first-child panel-last-child\" data-index=\"10\" ><div class=\"so-widget-sow-editor so-widget-sow-editor-base\"><h3 class=\"widget-title\">Planer<\/h3>\n<div class=\"siteorigin-widget-tinymce textwidget\">\n\t<div class=\"siteorigin-widget-tinymce textwidget\">\n<p>Planen und verbinden. Egal ob der perfekte Urlaub oder der perfekte Arbeitstag, Sie planen alles im Detail. Super, denn wir haben f\u00fcr Sie eine Stelle als Planer frei. Sie wissen, wann der beste Zeitpunkt ist, Ihre Kollegen zu verwalten und wann diese eine Bestellung endlich versendet werden kann. Du planst die Arbeiten f\u00fcr deine Montagekollegen, planst die Installationen, bestellst Teile, buchst Flugtickets und stellst sicher, dass Support verf\u00fcgbar ist. Denn Sie haben den \u00dcberblick \u00fcber alles und jeden.<\/p>\n<\/div>\n<\/div>\n<\/div><\/div><\/div><div id=\"pgc-12812-7-1\"  class=\"panel-grid-cell\" ><div id=\"panel-12812-7-1-0\" class=\"so-panel widget widget_sow-editor panel-first-child panel-last-child\" data-index=\"11\" ><div class=\"so-widget-sow-editor so-widget-sow-editor-base\">\n<div class=\"siteorigin-widget-tinymce textwidget\">\n\t<p><strong>Du bist:<\/strong><br \/>\n- Erfahrung mit Planung<br \/>\n- Genau<br \/>\n- Kommunikationsf\u00e4higkeiten in Niederl\u00e4ndisch und Englisch in Wort und Schrift<br \/>\n- Erfahrung mit Afas ist von Vorteil<\/p>\n<p>Wir bieten:<br \/>\n- Gehalt nach Erfahrung<br \/>\n- Freiheit und Verantwortung<br \/>\n- Umfangreiche Wachstums- und Entwicklungsm\u00f6glichkeiten<br \/>\n- Eine herausfordernde Position beim sch\u00f6nsten technischen Unternehmen in Harderwijk<\/p>\n<\/div>\n<\/div><\/div><\/div><\/div><div id=\"pg-12812-8\"  class=\"panel-grid panel-no-style\" ><div id=\"pgc-12812-8-0\"  class=\"panel-grid-cell\" ><div id=\"panel-12812-8-0-0\" class=\"so-panel widget widget_sow-cta panel-first-child panel-last-child\" data-index=\"12\" ><div class=\"so-widget-sow-cta so-widget-sow-cta-default-395e8dadc867-12812\"><div class=\"sow-cta-base\">\n\n\t<div class=\"sow-cta-wrapper\">\n\n\t\t<div class=\"sow-cta-text\">\n\t\t\t<h4 class=\"sow-cta-title\">Ihre erste Aufgabe ist die Planung eines Vorstellungsgespr\u00e4chs, wir k\u00f6nnen es nicht einfacher machen.<\/h4>\n\t\t\t<h5 class=\"sow-cta-subtitle\">Senden Sie uns also eine Nachricht und werden Sie Teil des besten technischen Teams in Harderwijk. Haben Sie Zweifel? Schauen Sie sich f\u00fcr einen Eindruck auf unserer LinkedIn- oder Instagram-Seite um.<\/h5>\n\t\t<\/div>\n\n\t\t<div class=\"so-widget-sow-button so-widget-sow-button-atom-b4f6b6b19f96\"><div class=\"ow-button-base ow-button-align-center\">\n\t<a href=\"mailto:%20info@djm.nl\" class=\"ow-icon-placement-left ow-button-hover\" \t\t>\n\t\t<span>\n\t\t\t\n\t\t\tJetzt bewerben\t\t<\/span>\n\t<\/a>\n<\/div>\n<\/div>\n\t<\/div>\n\n<\/div>\n<\/div><\/div><\/div><\/div><\/div>","protected":false},"excerpt":{"rendered":"<p>Sie fressen Begriffe wie GUI, Zustandsmaschine und waschen sie mit einem Pull-Request weg. Mit den richtigen Smart- und Raw-Zeigern ist Ihr Code immer korrekt. Sie sind der Programmierer, den wir suchen. Als Softwareentwickler unterst\u00fctzen Sie unser Team und gehen auf die W\u00fcnsche unserer Kunden ein. Unsere Entwickler entwerfen die Software, mit der unsere Kunden arbeiten, [&hellip;]<\/p>\n","protected":false},"author":9,"featured_media":0,"parent":0,"menu_order":0,"comment_status":"closed","ping_status":"closed","template":"","meta":{"footnotes":""},"class_list":["post-12812","page","type-page","status-publish","hentry"],"_links":{"self":[{"href":"https:\/\/www.djm.nl\/de\/wp-json\/wp\/v2\/pages\/12812","targetHints":{"allow":["GET"]}}],"collection":[{"href":"https:\/\/www.djm.nl\/de\/wp-json\/wp\/v2\/pages"}],"about":[{"href":"https:\/\/www.djm.nl\/de\/wp-json\/wp\/v2\/types\/page"}],"author":[{"embeddable":true,"href":"https:\/\/www.djm.nl\/de\/wp-json\/wp\/v2\/users\/9"}],"replies":[{"embeddable":true,"href":"https:\/\/www.djm.nl\/de\/wp-json\/wp\/v2\/comments?post=12812"}],"version-history":[{"count":2,"href":"https:\/\/www.djm.nl\/de\/wp-json\/wp\/v2\/pages\/12812\/revisions"}],"predecessor-version":[{"id":12818,"href":"https:\/\/www.djm.nl\/de\/wp-json\/wp\/v2\/pages\/12812\/revisions\/12818"}],"wp:attachment":[{"href":"https:\/\/www.djm.nl\/de\/wp-json\/wp\/v2\/media?parent=12812"}],"curies":[{"name":"wp","href":"https:\/\/api.w.org\/{rel}","templated":true}]}}