{"id":12595,"date":"2023-12-20T14:42:09","date_gmt":"2023-12-20T13:42:09","guid":{"rendered":"https:\/\/www.djm.nl\/unsere-partner\/resell-partners\/"},"modified":"2023-12-20T14:42:09","modified_gmt":"2023-12-20T13:42:09","slug":"resell-partners","status":"publish","type":"page","link":"https:\/\/www.djm.nl\/de\/unsere-partner\/resell-partners\/","title":{"rendered":"Resell partners"},"content":{"rendered":"<div id=\"pl-3794\" class=\"panel-layout\">\r\n<div id=\"pg-3794-0\" class=\"panel-grid panel-no-style\">\r\n<div id=\"pgc-3794-0-0\" class=\"panel-grid-cell\" data-weight=\"1\">\r\n<div id=\"panel-3794-0-0-0\" class=\"so-panel widget widget_sow-editor panel-first-child panel-last-child\" data-index=\"0\" data-style=\"{&quot;background_image_attachment&quot;:false,&quot;background_display&quot;:&quot;tile&quot;}\">\r\n<div class=\"so-widget-sow-editor so-widget-sow-editor-base\">\r\n<div class=\"siteorigin-widget-tinymce textwidget\">\r\n<h3>Unsere Produkte sind weltweit \u00fcber unsere Vertriebspartner erh\u00e4ltlich. Unsere Vertriebspartner kennen sich mit unseren Produkten aus und helfen Ihnen gerne weiter. Um einen f\u00fcr Sie geeigneten Vertriebspartner zu finden, w\u00e4hlen Sie bitte Ihre Region auf der Welt oder den Namen des Vertriebsunternehmens aus der Liste unten aus.<\/h3>\r\n<\/div>\r\n<\/div>\r\n<\/div>\r\n<\/div>\r\n<\/div>\r\n<div id=\"pg-3794-1\" class=\"panel-grid panel-has-style\" data-style=\"{&quot;class&quot;:&quot;zebra&quot;,&quot;background_image_attachment&quot;:false,&quot;background_display&quot;:&quot;tile&quot;,&quot;cell_alignment&quot;:&quot;flex-start&quot;}\" data-ratio=\"1\" data-ratio-direction=\"right\">\r\n<div class=\"zebra panel-row-style panel-row-style-for-3794-1\">\r\n<div id=\"pgc-3794-1-0\" class=\"panel-grid-cell\" data-style=\"{&quot;background_image_attachment&quot;:false,&quot;background_display&quot;:&quot;tile&quot;,&quot;vertical_alignment&quot;:&quot;auto&quot;}\" data-weight=\"1\">\r\n<div id=\"panel-3794-1-0-0\" class=\"so-panel widget widget_sow-editor panel-first-child\" data-index=\"1\" data-style=\"{&quot;background_image_attachment&quot;:false,&quot;background_display&quot;:&quot;tile&quot;}\">\r\n<div class=\"so-widget-sow-editor so-widget-sow-editor-base\">\r\n<div class=\"siteorigin-widget-tinymce textwidget\">\r\n<h2>XERTEC a.s.<\/h2>\r\n<img loading=\"lazy\" decoding=\"async\" class=\"alignright size-custom-size-250 wp-image-3970\" src=\"https:\/\/www.djm.nl\/wp-content\/uploads\/2019\/03\/xertec-logo-250x58.png\" alt=\"\" width=\"250\" height=\"58\" srcset=\"https:\/\/www.djm.nl\/wp-content\/uploads\/2019\/03\/xertec-logo-250x58.png 250w, https:\/\/www.djm.nl\/wp-content\/uploads\/2019\/03\/xertec-logo-300x69.png 300w, https:\/\/www.djm.nl\/wp-content\/uploads\/2019\/03\/xertec-logo-200x46.png 200w, https:\/\/www.djm.nl\/wp-content\/uploads\/2019\/03\/xertec-logo-150x35.png 150w, https:\/\/www.djm.nl\/wp-content\/uploads\/2019\/03\/xertec-logo.png 500w\" sizes=\"auto, (max-width: 250px) 100vw, 250px\" \/>\r\nXERTEC a.s.\r\n\u00dadoln\u00ed 2121\/1, 147 00 Praha 4 \u2013 Bran\u00edk, Czech Republic\r\nTel.: +420 225 004 111\r\nwebsite:\u00a0<a href=\"https:\/\/www.xertec.cz\/\">https:\/\/www.xertec.cz\/<\/a>\r\ne-mail:\u00a0<a href=\"mailto:xertec@xertec.cz\">xertec@xertec.cz<\/a>\r\nCountries: Czech Republic &amp; Slovakia\r\n\r\n<strong>Um XERTEC a.s.\r\n<\/strong>XERTEC a.s. wurde 1991 gegr\u00fcndet. Derzeit sind wir ein 100 % tschechisches Unternehmen mit einem Stammkapital von 15 Millionen Kronen. Seit mehr als 25 Jahren beliefern wir tschechische B\u00fcros mit der Technologie vieler weltbekannter Marken. Die Abwicklung der Korrespondenz, die Vorbereitung und Bearbeitung von Dokumenten, sei es f\u00fcr Pr\u00e4sentationen oder f\u00fcr andere Zwecke, und viele andere Verwaltungsarbeiten sind ohne Produkte aus unserem Portfolio kaum vorstellbar.\r\n\r\n<\/div>\r\n<\/div>\r\n<\/div>\r\n<div id=\"panel-3794-1-0-1\" class=\"so-panel widget widget_sow-editor panel-last-child\" data-index=\"2\" data-style=\"{&quot;background_image_attachment&quot;:false,&quot;background_display&quot;:&quot;tile&quot;}\">\r\n<div class=\"so-widget-sow-editor so-widget-sow-editor-base\">\r\n<div class=\"siteorigin-widget-tinymce textwidget\">\r\n<h2><span id=\"ember728\" class=\"ember-view\">Alpha Ink &amp; Printing Materials Trading Co. L.L.C<img loading=\"lazy\" decoding=\"async\" class=\"alignright size-medium wp-image-5138\" src=\"https:\/\/www.djm.nl\/wp-content\/uploads\/2019\/07\/logo-300x168.png\" alt=\"\" width=\"300\" height=\"168\" srcset=\"https:\/\/www.djm.nl\/wp-content\/uploads\/2019\/07\/logo-300x168.png 300w, https:\/\/www.djm.nl\/wp-content\/uploads\/2019\/07\/logo-768x431.png 768w, https:\/\/www.djm.nl\/wp-content\/uploads\/2019\/07\/logo-1024x575.png 1024w, https:\/\/www.djm.nl\/wp-content\/uploads\/2019\/07\/logo-200x112.png 200w, https:\/\/www.djm.nl\/wp-content\/uploads\/2019\/07\/logo-250x140.png 250w, https:\/\/www.djm.nl\/wp-content\/uploads\/2019\/07\/logo-150x84.png 150w, https:\/\/www.djm.nl\/wp-content\/uploads\/2019\/07\/logo.png 1026w\" sizes=\"auto, (max-width: 300px) 100vw, 300px\" \/><\/span><span id=\"ember728\" class=\"ember-view\"><\/span><\/h2>\r\nAlpha Ink &amp; Printing Materials Trading Co. L.L.C\r\nOffice C2-310, Entrance 2, Belhoul Building, Al Garhoud Area, Deira, Dubai, UAE PO Box 22613, Dubai, UAE\r\nTel: +971 4 2958992\r\nwebsite: <a href=\"http:\/\/www.alphadxb.ae\/\">http:\/\/www.alphadxb.ae\/<\/a>\r\ne-mail: <a href=\"mailto:info@alphadxb.ae\">info@alphadxb.ae<\/a>\r\nCountries: <span id=\"ember728\" class=\"ember-view\">United Arab Emirates, Bahrain, Qatar, Oman and Kuwait and Yemen.\u2028<\/span>\r\n\r\n<strong>Um Alpha Ink &amp; Printing Materials Trading Co. L.L.C<\/strong>\r\nAlpha Ink &amp; Printing Materials Trading Co. L.L.C hat seinen Sitz in Dubai und freut sich, Ihnen mitteilen zu k\u00f6nnen, dass sie der Lieferant von Druck- und Verpackungsmaterialien\/Maschinen f\u00fcr den konventionellen Druck und den Sicherheitsdruck sind. Das Unternehmen wurde 2012 gegr\u00fcndet, aber die Gr\u00fcnder verf\u00fcgen \u00fcber mehrere Jahrzehnte umfassende Erfahrung in der Druckindustrie in den Vereinigten Arabischen Emiraten und den GCC-L\u00e4ndern. Die Priorit\u00e4t des Unternehmens besteht darin, die beste L\u00f6sung zu finden, um die Anforderungen des Kunden zu erf\u00fcllen und ihm die besten in der Branche verf\u00fcgbaren Technologien zur Verf\u00fcgung zu stellen. Die Druckindustrie hat in verschiedenen Druckanwendungen ein enormes Wachstum und technologische Fortschritte erlebt. Sie arbeiteten mit Unternehmen zusammen, die weltweit die besten Materialien f\u00fcr die Druckindustrie liefern.\r\n\r\n<\/div>\r\n<\/div>\r\n<\/div>\r\n<\/div>\r\n<\/div>\r\n<\/div>\r\n<div id=\"pg-3794-2\" class=\"panel-grid panel-no-style\" data-style=\"{&quot;background_image_attachment&quot;:false,&quot;background_display&quot;:&quot;tile&quot;,&quot;cell_alignment&quot;:&quot;flex-start&quot;}\" data-ratio=\"1\" data-ratio-direction=\"right\">\r\n<div id=\"pgc-3794-2-0\" class=\"panel-grid-cell\" data-weight=\"1\">\r\n<div id=\"panel-3794-2-0-0\" class=\"so-panel widget widget_sow-cta panel-first-child panel-last-child\" data-index=\"3\" data-style=\"{&quot;background_image_attachment&quot;:false,&quot;background_display&quot;:&quot;tile&quot;}\"><div class=\"so-widget-sow-cta so-widget-sow-cta-default-4208922e6c26\"><div class=\"sow-cta-base\">\n\n\t<div class=\"sow-cta-wrapper\">\n\n\t\t<div class=\"sow-cta-text\">\n\t\t\t<h4 class=\"sow-cta-title\">Do you also want to be our resell partner?<\/h4>\n\t\t\t<h5 class=\"sow-cta-subtitle\">We are always looking to find reliable partners who like to be part of the DJM network and help to grow our worldwide customer base<\/h5>\n\t\t<\/div>\n\n\t\t<div class=\"so-widget-sow-button so-widget-sow-button-atom-b4f6b6b19f96\"><div class=\"ow-button-base ow-button-align-center\">\n\t<a href=\"mailto:sales@djm.nl\" class=\"ow-icon-placement-left ow-button-hover\" \t\t>\n\t\t<span>\n\t\t\t\n\t\t\tContact us\t\t<\/span>\n\t<\/a>\n<\/div>\n<\/div>\n\t<\/div>\n\n<\/div>\n<\/div><\/div>\r\n<\/div>\r\n<\/div>\r\n<\/div>","protected":false},"excerpt":{"rendered":"<p>Unsere Produkte sind weltweit \u00fcber unsere Vertriebspartner erh\u00e4ltlich. Unsere Vertriebspartner kennen sich mit unseren Produkten aus und helfen Ihnen gerne weiter. Um einen f\u00fcr Sie geeigneten Vertriebspartner zu finden, w\u00e4hlen Sie bitte Ihre Region auf der Welt oder den Namen des Vertriebsunternehmens aus der Liste unten aus. XERTEC a.s. XERTEC a.s. \u00dadoln\u00ed 2121\/1, 147 00 [&hellip;]<\/p>\n","protected":false},"author":4,"featured_media":0,"parent":12591,"menu_order":0,"comment_status":"closed","ping_status":"closed","template":"","meta":{"footnotes":""},"class_list":["post-12595","page","type-page","status-publish","hentry"],"_links":{"self":[{"href":"https:\/\/www.djm.nl\/de\/wp-json\/wp\/v2\/pages\/12595","targetHints":{"allow":["GET"]}}],"collection":[{"href":"https:\/\/www.djm.nl\/de\/wp-json\/wp\/v2\/pages"}],"about":[{"href":"https:\/\/www.djm.nl\/de\/wp-json\/wp\/v2\/types\/page"}],"author":[{"embeddable":true,"href":"https:\/\/www.djm.nl\/de\/wp-json\/wp\/v2\/users\/4"}],"replies":[{"embeddable":true,"href":"https:\/\/www.djm.nl\/de\/wp-json\/wp\/v2\/comments?post=12595"}],"version-history":[{"count":0,"href":"https:\/\/www.djm.nl\/de\/wp-json\/wp\/v2\/pages\/12595\/revisions"}],"up":[{"embeddable":true,"href":"https:\/\/www.djm.nl\/de\/wp-json\/wp\/v2\/pages\/12591"}],"wp:attachment":[{"href":"https:\/\/www.djm.nl\/de\/wp-json\/wp\/v2\/media?parent=12595"}],"curies":[{"name":"wp","href":"https:\/\/api.w.org\/{rel}","templated":true}]}}