{"id":12591,"date":"2023-12-20T14:27:58","date_gmt":"2023-12-20T13:27:58","guid":{"rendered":"https:\/\/www.djm.nl\/unsere-partner\/"},"modified":"2024-01-04T09:03:46","modified_gmt":"2024-01-04T08:03:46","slug":"unsere-partner","status":"publish","type":"page","link":"https:\/\/www.djm.nl\/de\/unsere-partner\/","title":{"rendered":"Unsere Partner"},"content":{"rendered":"<div id=\"pl-12591\"  class=\"panel-layout\" ><div id=\"pg-12591-0\"  class=\"panel-grid panel-no-style\" ><div id=\"pgc-12591-0-0\"  class=\"panel-grid-cell\" ><div id=\"panel-12591-0-0-0\" class=\"so-panel widget widget_sow-editor panel-first-child panel-last-child\" data-index=\"0\" ><div class=\"so-widget-sow-editor so-widget-sow-editor-base\">\n<div class=\"siteorigin-widget-tinymce textwidget\">\n\t<p>DJM arbeitet mit verschiedenen Partnern zusammen. Sie k\u00f6nnen unsere Partner in unsere Reseller-Partner und L\u00f6sungspartner unterteilen. Klicken Sie auf die Schaltfl\u00e4che unten, um weitere Informationen zu unseren Partnern zu erhalten.<\/p>\n<\/div>\n<\/div><\/div><\/div><\/div><div id=\"pg-12591-1\"  class=\"panel-grid panel-no-style\" ><div id=\"pgc-12591-1-0\"  class=\"panel-grid-cell\" ><div id=\"panel-12591-1-0-0\" class=\"so-panel widget widget_sow-button panel-first-child panel-last-child\" data-index=\"1\" ><div class=\"so-widget-sow-button so-widget-sow-button-atom-b4f6b6b19f96-12591\"><div class=\"ow-button-base ow-button-align-center\">\n\t<a href=\"https:\/\/www.djm.nl\/our-partners\/resell-partners\/\" class=\"ow-icon-placement-left ow-button-hover\" \t\t>\n\t\t<span>\n\t\t\t\n\t\t\tResell partners\t\t<\/span>\n\t<\/a>\n<\/div>\n<\/div><\/div><\/div><div id=\"pgc-12591-1-1\"  class=\"panel-grid-cell\" ><div id=\"panel-12591-1-1-0\" class=\"so-panel widget widget_sow-button panel-first-child panel-last-child\" data-index=\"2\" ><div class=\"so-widget-sow-button so-widget-sow-button-atom-b4f6b6b19f96-12591\"><div class=\"ow-button-base ow-button-align-center\">\n\t<a href=\"https:\/\/www.djm.nl\/our-partners\/solution-partners\/\" class=\"ow-icon-placement-left ow-button-hover\" \t\t>\n\t\t<span>\n\t\t\t\n\t\t\tSolution partners\t\t<\/span>\n\t<\/a>\n<\/div>\n<\/div><\/div><\/div><\/div><div id=\"pg-12591-2\"  class=\"panel-grid panel-no-style\" ><div id=\"pgc-12591-2-0\"  class=\"panel-grid-cell\" ><div id=\"panel-12591-2-0-0\" class=\"so-panel widget widget_sow-cta panel-first-child panel-last-child\" data-index=\"3\" ><div class=\"so-widget-sow-cta so-widget-sow-cta-default-4208922e6c26-12591\"><div class=\"sow-cta-base\">\n\n\t<div class=\"sow-cta-wrapper\">\n\n\t\t<div class=\"sow-cta-text\">\n\t\t\t<h4 class=\"sow-cta-title\">Join our network of solution driven partners!<\/h4>\n\t\t\t<h5 class=\"sow-cta-subtitle\">Do you want to be part of a reliable and knowledgeable network? Become one of our partners!<\/h5>\n\t\t<\/div>\n\n\t\t<div class=\"so-widget-sow-button so-widget-sow-button-atom-b4f6b6b19f96\"><div class=\"ow-button-base ow-button-align-center\">\n\t<a href=\"mailto:sales@djm.nl\" class=\"ow-icon-placement-left ow-button-hover\" \t\t>\n\t\t<span>\n\t\t\t\n\t\t\tContact us\t\t<\/span>\n\t<\/a>\n<\/div>\n<\/div>\n\t<\/div>\n\n<\/div>\n<\/div><\/div><\/div><\/div><\/div>","protected":false},"excerpt":{"rendered":"<p>DJM arbeitet mit verschiedenen Partnern zusammen. Sie k\u00f6nnen unsere Partner in unsere Reseller-Partner und L\u00f6sungspartner unterteilen. Klicken Sie auf die Schaltfl\u00e4che unten, um weitere Informationen zu unseren Partnern zu erhalten.<\/p>\n","protected":false},"author":4,"featured_media":0,"parent":0,"menu_order":0,"comment_status":"closed","ping_status":"closed","template":"","meta":{"footnotes":""},"class_list":["post-12591","page","type-page","status-publish","hentry"],"_links":{"self":[{"href":"https:\/\/www.djm.nl\/de\/wp-json\/wp\/v2\/pages\/12591","targetHints":{"allow":["GET"]}}],"collection":[{"href":"https:\/\/www.djm.nl\/de\/wp-json\/wp\/v2\/pages"}],"about":[{"href":"https:\/\/www.djm.nl\/de\/wp-json\/wp\/v2\/types\/page"}],"author":[{"embeddable":true,"href":"https:\/\/www.djm.nl\/de\/wp-json\/wp\/v2\/users\/4"}],"replies":[{"embeddable":true,"href":"https:\/\/www.djm.nl\/de\/wp-json\/wp\/v2\/comments?post=12591"}],"version-history":[{"count":1,"href":"https:\/\/www.djm.nl\/de\/wp-json\/wp\/v2\/pages\/12591\/revisions"}],"predecessor-version":[{"id":12670,"href":"https:\/\/www.djm.nl\/de\/wp-json\/wp\/v2\/pages\/12591\/revisions\/12670"}],"wp:attachment":[{"href":"https:\/\/www.djm.nl\/de\/wp-json\/wp\/v2\/media?parent=12591"}],"curies":[{"name":"wp","href":"https:\/\/api.w.org\/{rel}","templated":true}]}}