{"id":12590,"date":"2023-12-20T14:26:28","date_gmt":"2023-12-20T13:26:28","guid":{"rendered":"https:\/\/www.djm.nl\/produkte\/ultra-hochauflosender-weisabgleich\/"},"modified":"2024-05-23T08:41:18","modified_gmt":"2024-05-23T07:41:18","slug":"ultra-hochauflosender-weisabgleich","status":"publish","type":"page","link":"https:\/\/www.djm.nl\/de\/produkte\/ultra-hochauflosender-weisabgleich\/","title":{"rendered":"Ultra hochaufl\u00f6sender"},"content":{"rendered":"<div id=\"pl-12590\"  class=\"panel-layout\" ><div id=\"pg-12590-0\"  class=\"panel-grid panel-no-style\" ><div id=\"pgc-12590-0-0\"  class=\"panel-grid-cell\" ><div id=\"panel-12590-0-0-0\" class=\"so-panel widget widget_sow-editor panel-first-child\" data-index=\"0\" ><div class=\"so-widget-sow-editor so-widget-sow-editor-base\">\n<div class=\"siteorigin-widget-tinymce textwidget\">\n\t<h3>Erh\u00f6hen Sie Ihren Durchsatz und Ihre Betriebszeit f\u00fcr eine h\u00f6here Rentabilit\u00e4t mit der Ultra-High-Definition Druckmodultechnologie von DJM<\/h3>\n<h4>Die neueste Druckkopftechnologie<\/h4>\n<div id=\"attachment_7274\" style=\"width: 310px\" class=\"wp-caption alignright\"><img aria-describedby=\"caption-attachment-7274\" loading=\"lazy\" decoding=\"async\" class=\"wp-image-7274 size-medium\" src=\"https:\/\/www.djm.nl\/wp-content\/uploads\/2021\/12\/Ultra-HD-300x300.png\" alt=\"\" width=\"300\" height=\"300\" srcset=\"https:\/\/www.djm.nl\/wp-content\/uploads\/2021\/12\/Ultra-HD-300x300.png 300w, https:\/\/www.djm.nl\/wp-content\/uploads\/2021\/12\/Ultra-HD-1024x1024.png 1024w, https:\/\/www.djm.nl\/wp-content\/uploads\/2021\/12\/Ultra-HD-150x150.png 150w, https:\/\/www.djm.nl\/wp-content\/uploads\/2021\/12\/Ultra-HD-768x768.png 768w, https:\/\/www.djm.nl\/wp-content\/uploads\/2021\/12\/Ultra-HD-1536x1536.png 1536w, https:\/\/www.djm.nl\/wp-content\/uploads\/2021\/12\/Ultra-HD-2048x2048.png 2048w, https:\/\/www.djm.nl\/wp-content\/uploads\/2021\/12\/Ultra-HD-200x200.png 200w, https:\/\/www.djm.nl\/wp-content\/uploads\/2021\/12\/Ultra-HD-250x250.png 250w\" sizes=\"auto, (max-width: 300px) 100vw, 300px\" \/><p id=\"caption-attachment-7274\" class=\"wp-caption-text\">Vier Ultra-High-Definition Druckmodule f\u00fcr den Vollfarbdruck bei einer Rolle-zu-Rolle-Anwendung.<\/p><\/div>\n<p>Die <strong>Ultra High-Definition<\/strong> Druckmodultechnologie nutzt den neuesten 1.200 dpi piezoelektrischen Druckkopf von Kyocera. Dieser Druckkopf zeichnet sich durch hohe Aufl\u00f6sung, hervorragende Strahlgeradheit und solide Konstruktion mit einer D\u00fcsenplatte aus Stahl aus. Der Druckkopf ist mit einer internen Tintenrezirkulation ausgestattet und f\u00fchrt zu einer l\u00e4ngeren offenen Zeit der Tinte und daher ist weniger Druckkopfreinigung erforderlich. Dar\u00fcber hinaus stehen f\u00fcr das System verschiedenste wasserbasierte Tintensets zur Verf\u00fcgung, sodass f\u00fcr jede Anwendung die passende Tinte zur Verf\u00fcgung steht.<\/p>\n<p>Das <strong>Ultra High-Definition<\/strong> Druckmodul kann f\u00fcr eine Vielzahl von Anwendungen eingesetzt werden. Abh\u00e4ngig von der f\u00fcr die Anwendung erforderlichen Druckaufl\u00f6sung sind Druckgeschwindigkeiten von bis zu 200 Metern pro Minute m\u00f6glich (bei einer Aufl\u00f6sung von 1.200 x 600 dpi).<\/p>\n<h4>Skalierbarkeit<\/h4>\n<p>Die Druckbreite des <strong>Ultra High-Definition<\/strong> Druckmoduls wird entsprechend den gew\u00fcnschten Anwendungsanforderungen konfiguriert. Das <strong>Ultra High-Definition<\/strong> Druckmodul kann mit einem einzelnen Druckkopf oder mit mehreren Druckk\u00f6pfen konfiguriert werden, die zusammen eine versetzte Druckleiste von bis zu 100 Zoll bilden.<\/p>\n<h4>Wachstumspfad<\/h4>\n<div id=\"attachment_7305\" style=\"width: 310px\" class=\"wp-caption alignright\"><img aria-describedby=\"caption-attachment-7305\" loading=\"lazy\" decoding=\"async\" class=\"wp-image-7305 size-medium\" src=\"https:\/\/www.djm.nl\/wp-content\/uploads\/2021\/12\/KC-scalable-platform-300x143.png\" alt=\"\" width=\"300\" height=\"143\" srcset=\"https:\/\/www.djm.nl\/wp-content\/uploads\/2021\/12\/KC-scalable-platform-300x143.png 300w, https:\/\/www.djm.nl\/wp-content\/uploads\/2021\/12\/KC-scalable-platform-1024x487.png 1024w, https:\/\/www.djm.nl\/wp-content\/uploads\/2021\/12\/KC-scalable-platform-768x365.png 768w, https:\/\/www.djm.nl\/wp-content\/uploads\/2021\/12\/KC-scalable-platform-200x95.png 200w, https:\/\/www.djm.nl\/wp-content\/uploads\/2021\/12\/KC-scalable-platform-250x119.png 250w, https:\/\/www.djm.nl\/wp-content\/uploads\/2021\/12\/KC-scalable-platform-150x71.png 150w, https:\/\/www.djm.nl\/wp-content\/uploads\/2021\/12\/KC-scalable-platform.png 1452w\" sizes=\"auto, (max-width: 300px) 100vw, 300px\" \/><p id=\"caption-attachment-7305\" class=\"wp-caption-text\">Die Ultra High-Definition-Plattform ist in Druckbreite und Anzahl der Farben skalierbar.<\/p><\/div>\n<p>Die <strong>Ultra High-Definition <\/strong>Druckmodule wurden f\u00fcr den flexiblen Einsatz entwickelt. Ein Monochromsystem kann zu einem Vollfarbsystem oder sogar mit zus\u00e4tzlichen Farben wie OVG oder RGB f\u00fcr einen gr\u00f6\u00dferen Farbbereich erweitert werden. Dies gibt Ihnen die M\u00f6glichkeit, das Drucksystem entsprechend Ihren Gesch\u00e4ftsanforderungen zu erweitern und Ihre Investition zu sch\u00fctzen.<\/p>\n<h4>Flexibler Einsatz<\/h4>\n<p>Die <strong>Ultra High-Definition <\/strong>Druckmodule sind einfach zu integrieren, k\u00f6nnen aber auch als Stand-Alone-L\u00f6sung verwendet werden. Um das Beste aus Ihrer Druckkonfiguration hinsichtlich Flexibilit\u00e4t, Effektivit\u00e4t und Rentabilit\u00e4t herauszuholen, wenden wir bei jedem Projekt Grunds\u00e4tze wie maximale Leistung, Zuverl\u00e4ssigkeit und Benutzerfreundlichkeit an.<\/p>\n<p>Zur Pr\u00fcfung von Druckergebnissen wie 1D- und 2D-Codes bieten wir Kamerainspektionssysteme an.<\/p>\n<h4>Vorteile und Kostenersparnis<\/h4>\n<p>Die Ultra-High-Definition-Druckmodultechnologie bietet viele Vorteile und Kosteneinsparungen, wie z. B. h\u00f6here Betriebszeit, schnellere Einrichtungszeit, hohe Bildqualit\u00e4t, Tintenflexibilit\u00e4t, keine Aufarbeitungskosten und vieles mehr. <a href=\"https:\/\/www.djm.nl\/benefits-and-cost-savings\/\">Mehr lesen<\/a><\/p>\n<h4>Zuverl\u00e4ssiger Partner<\/h4>\n<p>Sie w\u00fcnschen sich einen Gesch\u00e4ftspartner, der zuverl\u00e4ssig, engagiert und qualifiziert ist. Versprechen und erf\u00fcllen. Bei DJM dreht sich alles um Inkjet. Mit \u00fcber 30 Jahren Erfahrung bringen wir die industrielle Inkjet-Technologie an ihre Grenzen. F\u00fchrende Unternehmen der Druckindustrie auf der ganzen Welt haben sich f\u00fcr Inkjet-L\u00f6sungen an DJM gewandt, weil sie unseren pers\u00f6nlichen Ansatz und unsere solide Technik sch\u00e4tzen. Unser Ziel ist es, Ihnen die besten Inkjet-Druckl\u00f6sungen f\u00fcr eine qualitativ hochwertige Ausgabe variabler Daten und eine h\u00f6here Effizienz anzubieten. <a href=\"https:\/\/www.djm.nl\/our-promise\/\">Lesen Sie hier unser Versprechen<\/a><\/p>\n<h4>Beginnen Sie mit der Integration digitaler Exzellenz<\/h4>\n<p>&nbsp;<\/p>\n<h4>Vorteile von Ultra High-Definition<\/h4>\n<ul>\n<li>Hohe Bildqualit\u00e4t 1.200 dpi<\/li>\n<li>Hohe Geschwindigkeit \u2013 bis zu 200 m\/min<\/li>\n<li>Skalierbare Breite \u2013 bis zu 100 Zoll breit<\/li>\n<li>Flexibilit\u00e4t der Tinte auf Wasserbasis<\/li>\n<li>Kosteneffizient<\/li>\n<\/ul>\n<\/div>\n<\/div><\/div><div id=\"panel-12590-0-0-1\" class=\"so-panel widget widget_sow-cta panel-last-child\" data-index=\"1\" ><div class=\"so-widget-sow-cta so-widget-sow-cta-default-4208922e6c26-12590\"><div class=\"sow-cta-base\">\n\n\t<div class=\"sow-cta-wrapper\">\n\n\t\t<div class=\"sow-cta-text\">\n\t\t\t<h4 class=\"sow-cta-title\">Suchen Sie nach einer kompletten L\u00f6sung f\u00fcr den hochaufl\u00f6senden Tintenstrahldruck f\u00fcr Ihre Anwendung?<\/h4>\n\t\t\t<h5 class=\"sow-cta-subtitle\">Suchen Sie nicht weiter, wir k\u00f6nnen Ihnen eine ma\u00dfgeschneiderte L\u00f6sung bieten, die Ihre Erwartungen \u00fcbertrifft!<\/h5>\n\t\t<\/div>\n\n\t\t<div class=\"so-widget-sow-button so-widget-sow-button-atom-b4f6b6b19f96\"><div class=\"ow-button-base ow-button-align-center\">\n\t<a href=\"mailto:sales@djm.nl\" class=\"ow-icon-placement-left ow-button-hover\" \t\t>\n\t\t<span>\n\t\t\t\n\t\t\tContact us\t\t<\/span>\n\t<\/a>\n<\/div>\n<\/div>\n\t<\/div>\n\n<\/div>\n<\/div><\/div><\/div><\/div><\/div>","protected":false},"excerpt":{"rendered":"<p>Erh\u00f6hen Sie Ihren Durchsatz und Ihre Betriebszeit f\u00fcr eine h\u00f6here Rentabilit\u00e4t mit der Ultra-High-Definition Druckmodultechnologie von DJM Die neueste Druckkopftechnologie Die Ultra High-Definition Druckmodultechnologie nutzt den neuesten 1.200 dpi piezoelektrischen Druckkopf von Kyocera. Dieser Druckkopf zeichnet sich durch hohe Aufl\u00f6sung, hervorragende Strahlgeradheit und solide Konstruktion mit einer D\u00fcsenplatte aus Stahl aus. Der Druckkopf ist mit [&hellip;]<\/p>\n","protected":false},"author":4,"featured_media":0,"parent":1214,"menu_order":0,"comment_status":"closed","ping_status":"closed","template":"","meta":{"footnotes":""},"class_list":["post-12590","page","type-page","status-publish","hentry"],"_links":{"self":[{"href":"https:\/\/www.djm.nl\/de\/wp-json\/wp\/v2\/pages\/12590","targetHints":{"allow":["GET"]}}],"collection":[{"href":"https:\/\/www.djm.nl\/de\/wp-json\/wp\/v2\/pages"}],"about":[{"href":"https:\/\/www.djm.nl\/de\/wp-json\/wp\/v2\/types\/page"}],"author":[{"embeddable":true,"href":"https:\/\/www.djm.nl\/de\/wp-json\/wp\/v2\/users\/4"}],"replies":[{"embeddable":true,"href":"https:\/\/www.djm.nl\/de\/wp-json\/wp\/v2\/comments?post=12590"}],"version-history":[{"count":5,"href":"https:\/\/www.djm.nl\/de\/wp-json\/wp\/v2\/pages\/12590\/revisions"}],"predecessor-version":[{"id":13561,"href":"https:\/\/www.djm.nl\/de\/wp-json\/wp\/v2\/pages\/12590\/revisions\/13561"}],"up":[{"embeddable":true,"href":"https:\/\/www.djm.nl\/de\/wp-json\/wp\/v2\/pages\/1214"}],"wp:attachment":[{"href":"https:\/\/www.djm.nl\/de\/wp-json\/wp\/v2\/media?parent=12590"}],"curies":[{"name":"wp","href":"https:\/\/api.w.org\/{rel}","templated":true}]}}