{"id":12589,"date":"2023-12-20T13:45:24","date_gmt":"2023-12-20T12:45:24","guid":{"rendered":"https:\/\/www.djm.nl\/hp-monochrom\/"},"modified":"2024-05-23T09:12:00","modified_gmt":"2024-05-23T08:12:00","slug":"hp-monochrom","status":"publish","type":"page","link":"https:\/\/www.djm.nl\/de\/hp-monochrom\/","title":{"rendered":"HP monochrom"},"content":{"rendered":"<div id=\"pl-12589\"  class=\"panel-layout\" ><div id=\"pg-12589-0\"  class=\"panel-grid panel-no-style\" ><div id=\"pgc-12589-0-0\"  class=\"panel-grid-cell\" ><div id=\"panel-12589-0-0-0\" class=\"so-panel widget widget_sow-editor panel-first-child\" data-index=\"0\" ><div class=\"so-widget-sow-editor so-widget-sow-editor-base\">\n<div class=\"siteorigin-widget-tinymce textwidget\">\n\t<h3>Optimieren Sie Ihre Produktion mit benutzerfreundlichen HP DJM-Monochrom-Druckmodulen, die integriert werden k\u00f6nnen<\/h3>\n<h4>Druckkopftechnologie<\/h4>\n<p><strong>HP-Monochrom<\/strong> Druckmodule nutzen die TIJ4.0-Thermodruckkopftechnologie von HP und zeichnen sich durch eine hohe Bildqualit\u00e4t aus. Die Druckmodule verf\u00fcgen \u00fcber eine integrierte Druckkopf-Servicestation und erm\u00f6glichen das Verschlie\u00dfen, Reinigen und Wischen des Druckkopfes.\u00a0Diese automatisierte Routine wird von der Software gesteuert, was maximalen Bedienkomfort und kurze Installationszeiten garantiert.<\/p>\n<h4>Skalierbarkeit<\/h4>\n<p>Abh\u00e4ngig von Ihren Anwendungsanforderungen k\u00f6nnen mehrere HP Monochrom-Druckmodule verwendet werden, um die Druckbreite zu erweitern. Es stehen zwei Versionen zur Verf\u00fcgung, die Geschwindigkeiten von bis zu 244 Metern pro Minute bew\u00e4ltigen k\u00f6nnen.<\/p>\n<h4>Benutzerfreundlichkeit<\/h4>\n<p>Wenn der Druckkopf ausgetauscht werden muss, ist dies ein einfacher Vorgang, der vom Bediener durchgef\u00fchrt werden kann. Das System umfasst ein externes Tintenversorgungssystem auf Basis von Patronen.\u00a0Das System enth\u00e4lt zwei Kartuschen und ist somit \u00fcberfl\u00fcssig. Kartuschen k\u00f6nnen w\u00e4hrend der Produktion gewechselt werden.<\/p>\n<p>F\u00fcr mehrere Konfigurationen von <strong>HP-Monochrom<\/strong> Druckmodulen hat DJM ein <a href=\"https:\/\/www.djm.nl\/products\/bulk-ink-system-4-color-bis\/\">Bulk Ink System<\/a> entwickelt, das die Verwendung von Tinte aus Beh\u00e4ltern erm\u00f6glicht und die Produktion noch effizienter macht.<\/p>\n<h4>Flexibler Einsatz<\/h4>\n<p><strong>HP-Monochrom<\/strong> Druckmodule sind einfach zu integrieren, k\u00f6nnen aber auch als eigenst\u00e4ndige L\u00f6sung verwendet werden. Um das Beste aus Ihrer Druckeinrichtung hinsichtlich Flexibilit\u00e4t, Effizienz und Rentabilit\u00e4t herauszuholen, wenden wir bei jedem Projekt Grunds\u00e4tze wie maximale Leistung, Zuverl\u00e4ssigkeit und Benutzerfreundlichkeit an.<\/p>\n<h4>Zuverl\u00e4ssiger Partner<\/h4>\n<p>Sie w\u00fcnschen sich einen Gesch\u00e4ftspartner, der zuverl\u00e4ssig, engagiert und qualifiziert ist. Versprechen und Erf\u00fcllung. Mit \u00fcber 30 Jahren Erfahrung bringen wir die industrielle Inkjet-Technologie an ihre Grenzen. F\u00fchrungskr\u00e4fte der Druckindustrie auf der ganzen Welt haben sich f\u00fcr Inkjet-L\u00f6sungen an DJM gewandt, weil sie unseren pers\u00f6nlichen Ansatz und unsere solide Technik sch\u00e4tzen. Unser Ziel ist es, Ihnen die besten Tintenstrahldruckl\u00f6sungen f\u00fcr eine qualitativ hochwertige Ausgabe variabler Daten und eine h\u00f6here Effizienz anzubieten. <a href=\"https:\/\/www.djm.nl\/our-promise\/\">Lesen Sie hier unser Engagement.<\/a><\/p>\n<h4>Beginnen Sie mit der Integration digitaler Exzellenz<\/h4>\n<p>&nbsp;<\/p>\n<h4>Vorteile des HP Mono Print Module<\/h4>\n<ul>\n<li>Einfache Integration<\/li>\n<li>Automatisierte Reinigung<\/li>\n<li>Benutzerfreundlichkeit<\/li>\n<li>Hohe Bildqualit\u00e4t<\/li>\n<\/ul>\n<\/div>\n<\/div><\/div><div id=\"panel-12589-0-0-1\" class=\"so-panel widget widget_sow-video panel-last-child\" data-index=\"1\" ><div class=\"so-widget-sow-video so-widget-sow-video-base\">\n<div class=\"sow-video-wrapper\">\n\t\t\t<iframe loading=\"lazy\" title=\"HP modules\" width=\"640\" height=\"360\" src=\"https:\/\/www.youtube.com\/embed\/0FsoW8QiBlQ?start=8&feature=oembed\" frameborder=\"0\" allow=\"accelerometer; autoplay; clipboard-write; encrypted-media; gyroscope; picture-in-picture; web-share\" referrerpolicy=\"strict-origin-when-cross-origin\" allowfullscreen><\/iframe>\t<\/div>\n<\/div><\/div><\/div><\/div><div id=\"pg-12589-1\"  class=\"panel-grid panel-no-style\" ><div id=\"pgc-12589-1-0\"  class=\"panel-grid-cell\" ><div id=\"panel-12589-1-0-0\" class=\"so-panel widget widget_sow-button panel-first-child panel-last-child\" data-index=\"2\" ><div class=\"so-widget-sow-button so-widget-sow-button-atom-26d68955a680-12589\"><div class=\"ow-button-base ow-button-align-left\">\n\t<a href=\"https:\/\/www.djm.nl\/download\/1331\/\" class=\"ow-icon-placement-left ow-button-hover\" \t\t>\n\t\t<span>\n\t\t\t\n\t\t\tDownload HP500 Data Sheet\t\t<\/span>\n\t<\/a>\n<\/div>\n<\/div><\/div><\/div><div id=\"pgc-12589-1-1\"  class=\"panel-grid-cell\" ><div id=\"panel-12589-1-1-0\" class=\"so-panel widget widget_sow-button panel-first-child panel-last-child\" data-index=\"3\" ><div class=\"so-widget-sow-button so-widget-sow-button-atom-26d68955a680-12589\"><div class=\"ow-button-base ow-button-align-left\">\n\t<a href=\"https:\/\/www.djm.nl\/download\/1333\/\" class=\"ow-icon-placement-left ow-button-hover\" \t\t>\n\t\t<span>\n\t\t\t\n\t\t\tDownload HP800 Data sheet\t\t<\/span>\n\t<\/a>\n<\/div>\n<\/div><\/div><\/div><\/div><div id=\"pg-12589-2\"  class=\"panel-grid panel-no-style\" ><div id=\"pgc-12589-2-0\"  class=\"panel-grid-cell\" ><div id=\"panel-12589-2-0-0\" class=\"so-panel widget widget_sow-cta panel-first-child panel-last-child\" data-index=\"4\" ><div class=\"so-widget-sow-cta so-widget-sow-cta-default-4208922e6c26-12589\"><div class=\"sow-cta-base\">\n\n\t<div class=\"sow-cta-wrapper\">\n\n\t\t<div class=\"sow-cta-text\">\n\t\t\t<h4 class=\"sow-cta-title\">Looking for a complete monochrome inkjet printing system designed for easy integration?<\/h4>\n\t\t\t<h5 class=\"sow-cta-subtitle\">Look no further, we can provide you with a bespoke solution that exceeds your expectations!<\/h5>\n\t\t<\/div>\n\n\t\t<div class=\"so-widget-sow-button so-widget-sow-button-atom-b4f6b6b19f96\"><div class=\"ow-button-base ow-button-align-center\">\n\t<a href=\"mailto:sales@djm.nl\" class=\"ow-icon-placement-left ow-button-hover\" \t\t>\n\t\t<span>\n\t\t\t\n\t\t\tContact us\t\t<\/span>\n\t<\/a>\n<\/div>\n<\/div>\n\t<\/div>\n\n<\/div>\n<\/div><\/div><\/div><\/div><\/div>","protected":false},"excerpt":{"rendered":"<p>Optimieren Sie Ihre Produktion mit benutzerfreundlichen HP DJM-Monochrom-Druckmodulen, die integriert werden k\u00f6nnen Druckkopftechnologie HP-Monochrom Druckmodule nutzen die TIJ4.0-Thermodruckkopftechnologie von HP und zeichnen sich durch eine hohe Bildqualit\u00e4t aus. Die Druckmodule verf\u00fcgen \u00fcber eine integrierte Druckkopf-Servicestation und erm\u00f6glichen das Verschlie\u00dfen, Reinigen und Wischen des Druckkopfes.\u00a0Diese automatisierte Routine wird von der Software gesteuert, was maximalen Bedienkomfort und [&hellip;]<\/p>\n","protected":false},"author":4,"featured_media":0,"parent":0,"menu_order":0,"comment_status":"closed","ping_status":"closed","template":"","meta":{"footnotes":""},"class_list":["post-12589","page","type-page","status-publish","hentry"],"_links":{"self":[{"href":"https:\/\/www.djm.nl\/de\/wp-json\/wp\/v2\/pages\/12589","targetHints":{"allow":["GET"]}}],"collection":[{"href":"https:\/\/www.djm.nl\/de\/wp-json\/wp\/v2\/pages"}],"about":[{"href":"https:\/\/www.djm.nl\/de\/wp-json\/wp\/v2\/types\/page"}],"author":[{"embeddable":true,"href":"https:\/\/www.djm.nl\/de\/wp-json\/wp\/v2\/users\/4"}],"replies":[{"embeddable":true,"href":"https:\/\/www.djm.nl\/de\/wp-json\/wp\/v2\/comments?post=12589"}],"version-history":[{"count":2,"href":"https:\/\/www.djm.nl\/de\/wp-json\/wp\/v2\/pages\/12589\/revisions"}],"predecessor-version":[{"id":13584,"href":"https:\/\/www.djm.nl\/de\/wp-json\/wp\/v2\/pages\/12589\/revisions\/13584"}],"wp:attachment":[{"href":"https:\/\/www.djm.nl\/de\/wp-json\/wp\/v2\/media?parent=12589"}],"curies":[{"name":"wp","href":"https:\/\/api.w.org\/{rel}","templated":true}]}}