{"id":1238,"date":"2018-02-02T16:15:59","date_gmt":"2018-02-02T15:15:59","guid":{"rendered":"https:\/\/www.djm.nl\/produkte\/system-components\/"},"modified":"2024-05-23T11:19:40","modified_gmt":"2024-05-23T10:19:40","slug":"systemkomponente","status":"publish","type":"page","link":"https:\/\/www.djm.nl\/de\/systemkomponente\/","title":{"rendered":"Systemkomponenten"},"content":{"rendered":"<div id=\"pl-1238\"  class=\"panel-layout\" ><div id=\"pg-1238-0\"  class=\"panel-grid panel-no-style\" ><div id=\"pgc-1238-0-0\"  class=\"panel-grid-cell\" ><div id=\"panel-1238-0-0-0\" class=\"so-panel widget widget_sow-editor panel-first-child panel-last-child\" data-index=\"0\" ><div class=\"so-widget-sow-editor so-widget-sow-editor-base\">\n<div class=\"siteorigin-widget-tinymce textwidget\">\n\t<h3><span style=\"color: #003366;\">Stabile Systemkomponente f\u00fcr ihren optimalen industriellen Tintenstrahldrucker. DJM entwickelt hochqualitative Systemkomponente zu einem guten Preis<\/span><\/h3>\n<h4>Your inkjet reliability personalived<\/h4>\n<p>Sie m\u00f6chten Ihre gesch\u00e4ftlichen M\u00f6glichkeiten erweitern und sind deswegen auf der Suche nach einem Tintenstrahldrucker der seinen Preis wert ist? Es muss ein kosteng\u00fcnstiges System sein, das die Leistungsmerkmale maximiert. Systemzuverl\u00e4ssigkeit h\u00e4ngt davon ab, wie das Endsystem eingestellt ist. Um sicher zu stellen das Ihr System beste Leistungen erbringt, sparen wir nicht an den Systemkomponenten. DJM investiert Zeit, M\u00fche und finanzielle Mittel, um das zuverl\u00e4ssigste industrielle Tintenstrahldruck-System auf den Markt zu bringen. Alle Systemkomponente m\u00fcssen stabil und unseren Systemen angepasst sein.<\/p>\n<p>Einige Beispiele f\u00fcr DJM Entwicklungen:<\/p>\n<p>&nbsp;<\/p>\n<\/div>\n<\/div><\/div><\/div><\/div><div id=\"pg-1238-1\"  class=\"panel-grid panel-has-style\" ><div class=\"zebra panel-row-style panel-row-style-for-1238-1\" ><div id=\"pgc-1238-1-0\"  class=\"panel-grid-cell\" ><div id=\"panel-1238-1-0-0\" class=\"so-panel widget widget_sow-editor panel-first-child\" data-index=\"1\" ><div class=\"so-widget-sow-editor so-widget-sow-editor-base\">\n<div class=\"siteorigin-widget-tinymce textwidget\">\n\t<h3>Ink Delivery System<img loading=\"lazy\" decoding=\"async\" class=\"size-medium wp-image-12738 alignright\" src=\"https:\/\/www.djm.nl\/wp-content\/uploads\/2024\/01\/IDS2-1-200x300.jpg\" alt=\"\" width=\"200\" height=\"300\" srcset=\"https:\/\/www.djm.nl\/wp-content\/uploads\/2024\/01\/IDS2-1-200x300.jpg 200w, https:\/\/www.djm.nl\/wp-content\/uploads\/2024\/01\/IDS2-1-683x1024.jpg 683w, https:\/\/www.djm.nl\/wp-content\/uploads\/2024\/01\/IDS2-1-768x1152.jpg 768w, https:\/\/www.djm.nl\/wp-content\/uploads\/2024\/01\/IDS2-1-1024x1536.jpg 1024w, https:\/\/www.djm.nl\/wp-content\/uploads\/2024\/01\/IDS2-1-1365x2048.jpg 1365w, https:\/\/www.djm.nl\/wp-content\/uploads\/2024\/01\/IDS2-1-133x200.jpg 133w, https:\/\/www.djm.nl\/wp-content\/uploads\/2024\/01\/IDS2-1-167x250.jpg 167w, https:\/\/www.djm.nl\/wp-content\/uploads\/2024\/01\/IDS2-1-100x150.jpg 100w, https:\/\/www.djm.nl\/wp-content\/uploads\/2024\/01\/IDS2-1-scaled.jpg 1707w\" sizes=\"auto, (max-width: 200px) 100vw, 200px\" \/><\/h3>\n<p>Um die Effektivit\u00e4t des ausgew\u00e4hlten Tintenstrahldrucksystems zu maximieren, sind Ink Delivery System (IDS) von entscheidender Bedeutung. Je nach Tintentyp, Anzahl der Druckmodule und Tintenverbrauch entwickelt DJM die unterschiedlichen Tintenversorgungssysteme, von der Flasche bis zum Bulk.<\/p>\n<p>Das richtige Tintenzufuhrsystem gew\u00e4hrleistet eine maximierte Systembetriebszeit, eine optimale Tintenverteilung und verbessert die Gesamtbetriebskosten.<\/p>\n<\/div>\n<\/div><\/div><div id=\"panel-1238-1-0-1\" class=\"so-panel widget widget_sow-editor\" data-index=\"2\" ><div class=\"so-widget-sow-editor so-widget-sow-editor-base\">\n<div class=\"siteorigin-widget-tinymce textwidget\">\n\t<h3>Standalone Web-Inkjet-Tower<img loading=\"lazy\" decoding=\"async\" class=\"alignright wp-image-7331\" src=\"https:\/\/www.djm.nl\/wp-content\/uploads\/2021\/12\/standalone-frame-300x138.png\" alt=\"\" width=\"450\" height=\"207\" srcset=\"https:\/\/www.djm.nl\/wp-content\/uploads\/2021\/12\/standalone-frame-300x138.png 300w, https:\/\/www.djm.nl\/wp-content\/uploads\/2021\/12\/standalone-frame-1024x472.png 1024w, https:\/\/www.djm.nl\/wp-content\/uploads\/2021\/12\/standalone-frame-768x354.png 768w, https:\/\/www.djm.nl\/wp-content\/uploads\/2021\/12\/standalone-frame-1536x708.png 1536w, https:\/\/www.djm.nl\/wp-content\/uploads\/2021\/12\/standalone-frame-200x92.png 200w, https:\/\/www.djm.nl\/wp-content\/uploads\/2021\/12\/standalone-frame-250x115.png 250w, https:\/\/www.djm.nl\/wp-content\/uploads\/2021\/12\/standalone-frame-150x69.png 150w, https:\/\/www.djm.nl\/wp-content\/uploads\/2021\/12\/standalone-frame.png 1837w\" sizes=\"auto, (max-width: 450px) 100vw, 450px\" \/><\/h3>\n<p>F\u00fcr eigenst\u00e4ndige Webanwendungen hat DJM einen speziellen Web-Inkjet-Tower entwickelt. Der Web-Inkjet-Tower wird gem\u00e4\u00df den Anwendungsanforderungen \u2013 Monochrom\/Vollfarbe und Simplex\/Duplex \u2013 entwickelt. F\u00fcr einen optimalen Papiertransport sind die Druckt\u00fcrme mit einer Bahnf\u00fchrung und mehreren Bahnspannungsmodulen ausgestattet. Die Tintenstrahlt\u00fcrme k\u00f6nnen an Vor- und Nachverarbeitungsger\u00e4te angeschlossen werden.<\/p>\n<\/div>\n<\/div><\/div><div id=\"panel-1238-1-0-2\" class=\"so-panel widget widget_sow-editor\" data-index=\"3\" ><div class=\"so-widget-sow-editor so-widget-sow-editor-base\">\n<div class=\"siteorigin-widget-tinymce textwidget\">\n\t<h3>Support Frame<img loading=\"lazy\" decoding=\"async\" class=\"alignright size-medium wp-image-2615\" src=\"https:\/\/www.djm.nl\/wp-content\/uploads\/2018\/08\/components-support-frame-300x200.jpg\" alt=\"\" width=\"300\" height=\"200\" srcset=\"https:\/\/www.djm.nl\/wp-content\/uploads\/2018\/08\/components-support-frame-300x200.jpg 300w, https:\/\/www.djm.nl\/wp-content\/uploads\/2018\/08\/components-support-frame-200x133.jpg 200w, https:\/\/www.djm.nl\/wp-content\/uploads\/2018\/08\/components-support-frame-250x167.jpg 250w, https:\/\/www.djm.nl\/wp-content\/uploads\/2018\/08\/components-support-frame-150x100.jpg 150w, https:\/\/www.djm.nl\/wp-content\/uploads\/2018\/08\/components-support-frame-272x182.jpg 272w, https:\/\/www.djm.nl\/wp-content\/uploads\/2018\/08\/components-support-frame.jpg 600w\" sizes=\"auto, (max-width: 300px) 100vw, 300px\" \/><\/h3>\n<p>Der Papierst\u00fctzrahmen wurde f\u00fcr einen optimalen Papiertransport entwickelt, um Vibrationen zu minimieren und die Druckkopfleistung zu maximieren. DJM entwickelt je nach Art der Integration und des Produktionsprozesses verschiedene Arten von St\u00fctzrahmen.<\/p>\n<\/div>\n<\/div><\/div><div id=\"panel-1238-1-0-3\" class=\"so-panel widget widget_sow-editor\" data-index=\"4\" ><div class=\"so-widget-sow-editor so-widget-sow-editor-base\">\n<div class=\"siteorigin-widget-tinymce textwidget\">\n\t<h3>Druckmodule Halterung<img loading=\"lazy\" decoding=\"async\" class=\"alignright size-medium wp-image-2552\" src=\"https:\/\/www.djm.nl\/wp-content\/uploads\/2018\/06\/head-bracket-300x228.png\" alt=\"\" width=\"300\" height=\"228\" srcset=\"https:\/\/www.djm.nl\/wp-content\/uploads\/2018\/06\/head-bracket-300x228.png 300w, https:\/\/www.djm.nl\/wp-content\/uploads\/2018\/06\/head-bracket-768x583.png 768w, https:\/\/www.djm.nl\/wp-content\/uploads\/2018\/06\/head-bracket-1024x778.png 1024w, https:\/\/www.djm.nl\/wp-content\/uploads\/2018\/06\/head-bracket-200x152.png 200w, https:\/\/www.djm.nl\/wp-content\/uploads\/2018\/06\/head-bracket-250x190.png 250w, https:\/\/www.djm.nl\/wp-content\/uploads\/2018\/06\/head-bracket-150x114.png 150w, https:\/\/www.djm.nl\/wp-content\/uploads\/2018\/06\/head-bracket.png 1981w\" sizes=\"auto, (max-width: 300px) 100vw, 300px\" \/><\/h3>\n<p>F\u00fcr eine optimale Nutzung entwickelt DJM spezielle Kopfhalterungen f\u00fcr jedes Druckmodul. F\u00fcr den Einbau des Druckmoduls in bestehende Maschinen oder Transportsysteme werden Kopfhalterungen ben\u00f6tigt. Die Kopfhalterung tr\u00e4gt das Druckmodul und erm\u00f6glicht eine korrekte Positionierung des Druckmoduls \u00fcber der Bahn. Auf Wunsch kann der Kopfb\u00fcgel mit motorischer Seitenverschiebung ausgestattet werden.<\/p>\n<\/div>\n<\/div><\/div><div id=\"panel-1238-1-0-4\" class=\"so-panel widget widget_sow-editor\" data-index=\"5\" ><div class=\"so-widget-sow-editor so-widget-sow-editor-base\">\n<div class=\"siteorigin-widget-tinymce textwidget\">\n\t<h3>Stromversorgung des Druckmoduls<img loading=\"lazy\" decoding=\"async\" class=\"wp-image-12936 size-medium alignright\" src=\"https:\/\/www.djm.nl\/wp-content\/uploads\/2024\/01\/PSU-FreeWeb-300x146.png\" alt=\"\" width=\"300\" height=\"146\" srcset=\"https:\/\/www.djm.nl\/wp-content\/uploads\/2024\/01\/PSU-FreeWeb-300x146.png 300w, https:\/\/www.djm.nl\/wp-content\/uploads\/2024\/01\/PSU-FreeWeb-1024x497.png 1024w, https:\/\/www.djm.nl\/wp-content\/uploads\/2024\/01\/PSU-FreeWeb-768x373.png 768w, https:\/\/www.djm.nl\/wp-content\/uploads\/2024\/01\/PSU-FreeWeb-1536x745.png 1536w, https:\/\/www.djm.nl\/wp-content\/uploads\/2024\/01\/PSU-FreeWeb-2048x994.png 2048w, https:\/\/www.djm.nl\/wp-content\/uploads\/2024\/01\/PSU-FreeWeb-200x97.png 200w, https:\/\/www.djm.nl\/wp-content\/uploads\/2024\/01\/PSU-FreeWeb-250x121.png 250w, https:\/\/www.djm.nl\/wp-content\/uploads\/2024\/01\/PSU-FreeWeb-150x73.png 150w\" sizes=\"auto, (max-width: 300px) 100vw, 300px\" \/><\/h3>\n<p>F\u00fcr den maximalen Betrieb des Druckmoduls haben wir ein Stromversorgungsmodul entwickelt. Dieses Modul ist in einem 19-Zoll-Rack eingebaut, sodass es problemlos in einem Geh\u00e4useschrank untergebracht werden kann.<\/p>\n<\/div>\n<\/div><\/div><div id=\"panel-1238-1-0-5\" class=\"so-panel widget widget_sow-editor\" data-index=\"6\" ><div class=\"so-widget-sow-editor so-widget-sow-editor-base\">\n<div class=\"siteorigin-widget-tinymce textwidget\">\n\t<h3>Logic Controller<img loading=\"lazy\" decoding=\"async\" class=\"wp-image-12931 size-medium alignright\" src=\"https:\/\/www.djm.nl\/wp-content\/uploads\/2024\/01\/LC3-FreeWeb-300x130.png\" alt=\"\" width=\"300\" height=\"130\" srcset=\"https:\/\/www.djm.nl\/wp-content\/uploads\/2024\/01\/LC3-FreeWeb-300x130.png 300w, https:\/\/www.djm.nl\/wp-content\/uploads\/2024\/01\/LC3-FreeWeb-1024x445.png 1024w, https:\/\/www.djm.nl\/wp-content\/uploads\/2024\/01\/LC3-FreeWeb-768x334.png 768w, https:\/\/www.djm.nl\/wp-content\/uploads\/2024\/01\/LC3-FreeWeb-1536x668.png 1536w, https:\/\/www.djm.nl\/wp-content\/uploads\/2024\/01\/LC3-FreeWeb-2048x890.png 2048w, https:\/\/www.djm.nl\/wp-content\/uploads\/2024\/01\/LC3-FreeWeb-200x87.png 200w, https:\/\/www.djm.nl\/wp-content\/uploads\/2024\/01\/LC3-FreeWeb-250x109.png 250w, https:\/\/www.djm.nl\/wp-content\/uploads\/2024\/01\/LC3-FreeWeb-150x65.png 150w\" sizes=\"auto, (max-width: 300px) 100vw, 300px\" \/><\/h3>\n<p>Zur Optimierung der Line-Performance hat DJM eine Reihe von Logic Controllern entwickelt. Der grundlegende Logic Controller (V1) bietet Funktionen wie Synchro-Start beim Betrieb mit mehreren Druckmodulen, auch mit gemischten Technologien, was einen einfachen Start des Druckauftrags gew\u00e4hrleistet und Zeit beim Einrichten spart. Auch Parameter wie Druckverz\u00f6gerung k\u00f6nnen eingegeben werden und R\u00fcstzeiten von Job zu Job f\u00f6rdern. Um die Produktionsflexibilit\u00e4t zu maximieren, kann der Logic Controller V2 auch Cue-Markierungen generieren, fehlende Cue-Markierungen kompensieren oder virtuelle Cue-Markierungen f\u00fcr Wei\u00dfbuch-Prozesse (ohne Markierungen) generieren. Erweiterte Funktionen wie Splice-Erkennungssteuerung, In-Time-Geschwindigkeitskorrektur und In-Time-Verz\u00f6gerungskompensation sind mit Logic Controller V3 verf\u00fcgbar.<\/p>\n<\/div>\n<\/div><\/div><div id=\"panel-1238-1-0-6\" class=\"so-panel widget widget_sow-editor\" data-index=\"7\" ><div class=\"so-widget-sow-editor so-widget-sow-editor-base\">\n<div class=\"siteorigin-widget-tinymce textwidget\">\n\t<h3>Industriekabels\u00e4tze<img loading=\"lazy\" decoding=\"async\" class=\"alignright size-medium wp-image-2609\" src=\"https:\/\/www.djm.nl\/wp-content\/uploads\/2018\/08\/components-industrial-cable-set-300x200.jpg\" alt=\"\" width=\"300\" height=\"200\" srcset=\"https:\/\/www.djm.nl\/wp-content\/uploads\/2018\/08\/components-industrial-cable-set-300x200.jpg 300w, https:\/\/www.djm.nl\/wp-content\/uploads\/2018\/08\/components-industrial-cable-set-200x133.jpg 200w, https:\/\/www.djm.nl\/wp-content\/uploads\/2018\/08\/components-industrial-cable-set-250x167.jpg 250w, https:\/\/www.djm.nl\/wp-content\/uploads\/2018\/08\/components-industrial-cable-set-150x100.jpg 150w, https:\/\/www.djm.nl\/wp-content\/uploads\/2018\/08\/components-industrial-cable-set-272x182.jpg 272w, https:\/\/www.djm.nl\/wp-content\/uploads\/2018\/08\/components-industrial-cable-set.jpg 600w\" sizes=\"auto, (max-width: 300px) 100vw, 300px\" \/><\/h3>\n<p>F\u00fcr maximal st\u00f6rungsfreien Einsatz hat DJM Industriekabels\u00e4tze entwickelt. Diese speziell angefertigten Kabel sind mit allen im Kabel notwendigen Kabeln wie Glasfaser, Stromversorgungskabel, Datenkabel usw. ausgestattet. Dieses Industriekabel ist durch einen robusten Kabelbaum und Industriestecker gesch\u00fctzt und gew\u00e4hrleistet eine langfristige Einsatzf\u00e4higkeit.<\/p>\n<\/div>\n<\/div><\/div><div id=\"panel-1238-1-0-7\" class=\"so-panel widget widget_sow-editor panel-last-child\" data-index=\"8\" ><div class=\"so-widget-sow-editor so-widget-sow-editor-base\">\n<div class=\"siteorigin-widget-tinymce textwidget\">\n\t<h3>Trockner f\u00fcr Wasser- und UV-basierte Tinten<img loading=\"lazy\" decoding=\"async\" class=\"alignright size-medium wp-image-2549\" src=\"https:\/\/www.djm.nl\/wp-content\/uploads\/2018\/06\/dryers-300x216.jpg\" alt=\"\" width=\"300\" height=\"216\" srcset=\"https:\/\/www.djm.nl\/wp-content\/uploads\/2018\/06\/dryers-300x216.jpg 300w, https:\/\/www.djm.nl\/wp-content\/uploads\/2018\/06\/dryers-200x144.jpg 200w, https:\/\/www.djm.nl\/wp-content\/uploads\/2018\/06\/dryers-250x180.jpg 250w, https:\/\/www.djm.nl\/wp-content\/uploads\/2018\/06\/dryers-150x108.jpg 150w, https:\/\/www.djm.nl\/wp-content\/uploads\/2018\/06\/dryers.jpg 500w\" sizes=\"auto, (max-width: 300px) 100vw, 300px\" \/><\/h3>\n<p>Je nach Substrat, Tintentyp, Tintenauftrag, Aufl\u00f6sung, Druckgeschwindigkeit und Inline-Finishing-Anforderungen kann eine zus\u00e4tzliche Trocknung erforderlich sein.<\/p>\n<p>Hierf\u00fcr bieten wir eine gro\u00dfe Auswahl an unterschiedlichen Trocknern von Infrarot bis UV an. F\u00fcr UV verwenden wir LED-basierte H\u00e4rtungsger\u00e4te zum Fixieren und vollst\u00e4ndigen Aush\u00e4rten. Um dies zu etablieren, arbeiten wir mit weltweit f\u00fchrenden Herstellern von Trocknungssystemen zusammen.<\/p>\n<\/div>\n<\/div><\/div><\/div><\/div><\/div><div id=\"pg-1238-2\"  class=\"panel-grid panel-no-style\" ><div id=\"pgc-1238-2-0\"  class=\"panel-grid-cell\" ><div id=\"panel-1238-2-0-0\" class=\"so-panel widget widget_sow-cta panel-first-child panel-last-child\" data-index=\"9\" ><div class=\"so-widget-sow-cta so-widget-sow-cta-default-4208922e6c26-1238\"><div class=\"sow-cta-base\">\n\n\t<div class=\"sow-cta-wrapper\">\n\n\t\t<div class=\"sow-cta-text\">\n\t\t\t<h4 class=\"sow-cta-title\">Sind Sie daran interessiert, wie unsere speziell entwickelten Ger\u00e4te die Leistung Ihres Inkjet-Systems maximieren?<\/h4>\n\t\t\t<h5 class=\"sow-cta-subtitle\">Wir informieren Sie \u00fcber \u201eunsere Tools\u201c zur Optimierung Ihrer Produktion!<\/h5>\n\t\t<\/div>\n\n\t\t<div class=\"so-widget-sow-button so-widget-sow-button-atom-b4f6b6b19f96\"><div class=\"ow-button-base ow-button-align-center\">\n\t<a href=\"mailto:sales@djm.nl\" class=\"ow-icon-placement-left ow-button-hover\" \t\t>\n\t\t<span>\n\t\t\t\n\t\t\tkontaktiere uns\t\t<\/span>\n\t<\/a>\n<\/div>\n<\/div>\n\t<\/div>\n\n<\/div>\n<\/div><\/div><\/div><\/div><\/div>","protected":false},"excerpt":{"rendered":"<p>Stabile Systemkomponente f\u00fcr ihren optimalen industriellen Tintenstrahldrucker. DJM entwickelt hochqualitative Systemkomponente zu einem guten Preis Your inkjet reliability personalived Sie m\u00f6chten Ihre gesch\u00e4ftlichen M\u00f6glichkeiten erweitern und sind deswegen auf der Suche nach einem Tintenstrahldrucker der seinen Preis wert ist? Es muss ein kosteng\u00fcnstiges System sein, das die Leistungsmerkmale maximiert. Systemzuverl\u00e4ssigkeit h\u00e4ngt davon ab, wie das [&hellip;]<\/p>\n","protected":false},"author":9,"featured_media":0,"parent":0,"menu_order":0,"comment_status":"closed","ping_status":"closed","template":"","meta":{"footnotes":""},"class_list":["post-1238","page","type-page","status-publish","hentry"],"_links":{"self":[{"href":"https:\/\/www.djm.nl\/de\/wp-json\/wp\/v2\/pages\/1238","targetHints":{"allow":["GET"]}}],"collection":[{"href":"https:\/\/www.djm.nl\/de\/wp-json\/wp\/v2\/pages"}],"about":[{"href":"https:\/\/www.djm.nl\/de\/wp-json\/wp\/v2\/types\/page"}],"author":[{"embeddable":true,"href":"https:\/\/www.djm.nl\/de\/wp-json\/wp\/v2\/users\/9"}],"replies":[{"embeddable":true,"href":"https:\/\/www.djm.nl\/de\/wp-json\/wp\/v2\/comments?post=1238"}],"version-history":[{"count":33,"href":"https:\/\/www.djm.nl\/de\/wp-json\/wp\/v2\/pages\/1238\/revisions"}],"predecessor-version":[{"id":13615,"href":"https:\/\/www.djm.nl\/de\/wp-json\/wp\/v2\/pages\/1238\/revisions\/13615"}],"wp:attachment":[{"href":"https:\/\/www.djm.nl\/de\/wp-json\/wp\/v2\/media?parent=1238"}],"curies":[{"name":"wp","href":"https:\/\/api.w.org\/{rel}","templated":true}]}}