{"id":1214,"date":"2018-02-01T22:34:16","date_gmt":"2018-02-01T21:34:16","guid":{"rendered":"https:\/\/www.djm.nl\/products\/"},"modified":"2024-05-23T15:52:01","modified_gmt":"2024-05-23T14:52:01","slug":"produkte","status":"publish","type":"page","link":"https:\/\/www.djm.nl\/de\/produkte\/","title":{"rendered":"Produkte"},"content":{"rendered":"<div id=\"pl-1214\"  class=\"panel-layout\" ><div id=\"pg-1214-0\"  class=\"panel-grid panel-no-style\" ><div id=\"pgc-1214-0-0\"  class=\"panel-grid-cell\" ><div id=\"panel-1214-0-0-0\" class=\"so-panel widget widget_sow-editor panel-first-child\" data-index=\"0\" ><div class=\"so-widget-sow-editor so-widget-sow-editor-base\">\n<div class=\"siteorigin-widget-tinymce textwidget\">\n\t<h3><strong>Ein breites Portfolio mit dem Ansatz \u201eBeste L\u00f6sung f\u00fcr jede Anwendung\u201c<\/strong><\/h3>\n<p>Tintenstrahldruck ist die Technologie zum Drucken mit variablen Daten und hat einen enormen Einfluss auf verschiedene M\u00e4rkte, Produktionsprozesse und Anwendungen.<\/p>\n<p>Variable Daten werden f\u00fcr den Druck verwendet, z. B. Tracking-Codes, Personalisierung, Sprachumstellung, Adressierung etc. Dar\u00fcber hinaus besteht eine zunehmende Nachfrage nach Produktion in kleinen Auflagen, z. B. zur Flexibilisierung der Lieferkette durch Produktionsaufbau bedarfsorientierter Basis.<\/p>\n<h4><strong>Verschiedene Perspektiven<\/strong><\/h4>\n<p>In der gesamten Lieferkette besteht Interesse am variablen Druck \u2013 von Herstellern, Verarbeitern und Umpackern bis hin zu Markeninhabern \u2013 jeder sieht die Vorteile.<\/p>\n<h4><strong>Jedes Projekt ist anders<\/strong><\/h4>\n<p>Aus Inkjet-Perspektive ist jedes Projekt anders, wenn es um das Substrat (por\u00f6s oder nicht por\u00f6s), die Tinte (Tinte auf Wasserbasis, UV-Tinte, unsichtbare Tinte, essbare Tinte), die Druckgeschwindigkeit, die Anzahl der Farben usw. geht.<\/p>\n<h4><strong>F\u00fcr jede Anwendung die beste L\u00f6sung<\/strong><\/h4>\n<p>Um all diesen Anforderungen gerecht zu werden, hat DJM ein umfangreiches Portfolio basierend auf verschiedenen Inkjet-Drucktechnologien aufgebaut.<\/p>\n<\/div>\n<\/div><\/div><div id=\"panel-1214-0-0-1\" class=\"so-panel widget widget_sow-editor panel-last-child\" data-index=\"1\" ><div class=\"so-widget-sow-editor so-widget-sow-editor-base\">\n<div class=\"siteorigin-widget-tinymce textwidget\">\n\t<p><img loading=\"lazy\" decoding=\"async\" class=\"aligncenter wp-image-13630\" src=\"https:\/\/www.djm.nl\/wp-content\/uploads\/2024\/05\/overview-the-range.jpg\" alt=\"\" width=\"1199\" height=\"665\" srcset=\"https:\/\/www.djm.nl\/wp-content\/uploads\/2024\/05\/overview-the-range.jpg 898w, https:\/\/www.djm.nl\/wp-content\/uploads\/2024\/05\/overview-the-range-300x166.jpg 300w, https:\/\/www.djm.nl\/wp-content\/uploads\/2024\/05\/overview-the-range-768x426.jpg 768w, https:\/\/www.djm.nl\/wp-content\/uploads\/2024\/05\/overview-the-range-200x111.jpg 200w, https:\/\/www.djm.nl\/wp-content\/uploads\/2024\/05\/overview-the-range-250x139.jpg 250w, https:\/\/www.djm.nl\/wp-content\/uploads\/2024\/05\/overview-the-range-150x83.jpg 150w\" sizes=\"auto, (max-width: 1199px) 100vw, 1199px\" \/><\/p>\n<\/div>\n<\/div><\/div><\/div><\/div><div id=\"pg-1214-1\"  class=\"panel-grid panel-no-style\" ><div id=\"pgc-1214-1-0\"  class=\"panel-grid-cell\" ><div id=\"panel-1214-1-0-0\" class=\"so-panel widget widget_sow-editor panel-first-child\" data-index=\"2\" ><div class=\"so-widget-sow-editor so-widget-sow-editor-base\">\n<div class=\"siteorigin-widget-tinymce textwidget\">\n\t<h3 style=\"text-align: center;\">Eureka<img loading=\"lazy\" decoding=\"async\" class=\"aligncenter wp-image-13503 size-custom-size-250\" src=\"https:\/\/www.djm.nl\/wp-content\/uploads\/2024\/05\/eureka-module-image-250x250.png\" alt=\"\" width=\"250\" height=\"250\" srcset=\"https:\/\/www.djm.nl\/wp-content\/uploads\/2024\/05\/eureka-module-image-250x250.png 250w, https:\/\/www.djm.nl\/wp-content\/uploads\/2024\/05\/eureka-module-image-300x300.png 300w, https:\/\/www.djm.nl\/wp-content\/uploads\/2024\/05\/eureka-module-image-150x150.png 150w, https:\/\/www.djm.nl\/wp-content\/uploads\/2024\/05\/eureka-module-image-200x200.png 200w, https:\/\/www.djm.nl\/wp-content\/uploads\/2024\/05\/eureka-module-image.png 508w\" sizes=\"auto, (max-width: 250px) 100vw, 250px\" \/><\/h3>\n<p style=\"text-align: center;\"><a class=\"submit\" href=\"https:\/\/www.djm.nl\/de\/systemkomponente\/\">Weiterlesen<\/a><\/p>\n<\/div>\n<\/div><\/div><div id=\"panel-1214-1-0-1\" class=\"so-panel widget widget_sow-editor\" data-index=\"3\" ><div class=\"so-widget-sow-editor so-widget-sow-editor-base\">\n<div class=\"siteorigin-widget-tinymce textwidget\">\n\t<h3 style=\"text-align: center;\">Ultra WB High-Speed<img loading=\"lazy\" decoding=\"async\" class=\"aligncenter wp-image-13002 size-custom-size-250\" src=\"https:\/\/www.djm.nl\/wp-content\/uploads\/2024\/01\/UltraTransp-250x250.png\" alt=\"\" width=\"250\" height=\"250\" srcset=\"https:\/\/www.djm.nl\/wp-content\/uploads\/2024\/01\/UltraTransp-250x250.png 250w, https:\/\/www.djm.nl\/wp-content\/uploads\/2024\/01\/UltraTransp-300x300.png 300w, https:\/\/www.djm.nl\/wp-content\/uploads\/2024\/01\/UltraTransp-150x150.png 150w, https:\/\/www.djm.nl\/wp-content\/uploads\/2024\/01\/UltraTransp-768x768.png 768w, https:\/\/www.djm.nl\/wp-content\/uploads\/2024\/01\/UltraTransp-200x200.png 200w, https:\/\/www.djm.nl\/wp-content\/uploads\/2024\/01\/UltraTransp.png 829w\" sizes=\"auto, (max-width: 250px) 100vw, 250px\" \/><\/h3>\n<p style=\"text-align: center;\"><a class=\"submit\" href=\"https:\/\/www.djm.nl\/de\/produkte\/8608-2\/\">Weiterlesen<\/a><\/p>\n<\/div>\n<\/div><\/div><div id=\"panel-1214-1-0-2\" class=\"so-panel widget widget_sow-editor\" data-index=\"4\" ><div class=\"so-widget-sow-editor so-widget-sow-editor-base\">\n<div class=\"siteorigin-widget-tinymce textwidget\">\n\t<h3 style=\"text-align: center;\">Toucan<img loading=\"lazy\" decoding=\"async\" class=\"wp-image-7268 size-custom-size-250 aligncenter\" src=\"https:\/\/www.djm.nl\/wp-content\/uploads\/2021\/12\/Toucan-rond-250x250.png\" alt=\"\" width=\"250\" height=\"250\" srcset=\"https:\/\/www.djm.nl\/wp-content\/uploads\/2021\/12\/Toucan-rond-250x250.png 250w, https:\/\/www.djm.nl\/wp-content\/uploads\/2021\/12\/Toucan-rond-1024x1018.png 1024w, https:\/\/www.djm.nl\/wp-content\/uploads\/2021\/12\/Toucan-rond-150x150.png 150w, https:\/\/www.djm.nl\/wp-content\/uploads\/2021\/12\/Toucan-rond-768x764.png 768w, https:\/\/www.djm.nl\/wp-content\/uploads\/2021\/12\/Toucan-rond-200x200.png 200w, https:\/\/www.djm.nl\/wp-content\/uploads\/2021\/12\/Toucan-rond.png 1030w\" sizes=\"auto, (max-width: 250px) 100vw, 250px\" \/><\/h3>\n<p style=\"text-align: center;\"><a class=\"submit\" href=\"https:\/\/www.djm.nl\/de\/produkte\/toucan\/\">Weiterlesen<\/a><\/p>\n<\/div>\n<\/div><\/div><div id=\"panel-1214-1-0-3\" class=\"so-panel widget widget_sow-editor panel-last-child\" data-index=\"5\" ><div class=\"so-widget-sow-editor so-widget-sow-editor-base\">\n<div class=\"siteorigin-widget-tinymce textwidget\">\n\t<h3 style=\"text-align: center;\">Sparrow<img loading=\"lazy\" decoding=\"async\" class=\"aligncenter wp-image-7244 size-custom-size-250\" style=\"font-size: 16px;\" src=\"https:\/\/www.djm.nl\/wp-content\/uploads\/2021\/12\/Sparrow-image-rond-250x250.png\" alt=\"\" width=\"250\" height=\"250\" srcset=\"https:\/\/www.djm.nl\/wp-content\/uploads\/2021\/12\/Sparrow-image-rond-250x250.png 250w, https:\/\/www.djm.nl\/wp-content\/uploads\/2021\/12\/Sparrow-image-rond-300x300.png 300w, https:\/\/www.djm.nl\/wp-content\/uploads\/2021\/12\/Sparrow-image-rond-150x150.png 150w, https:\/\/www.djm.nl\/wp-content\/uploads\/2021\/12\/Sparrow-image-rond-768x766.png 768w, https:\/\/www.djm.nl\/wp-content\/uploads\/2021\/12\/Sparrow-image-rond-200x200.png 200w, https:\/\/www.djm.nl\/wp-content\/uploads\/2021\/12\/Sparrow-image-rond.png 1023w\" sizes=\"auto, (max-width: 250px) 100vw, 250px\" \/><\/h3>\n<p style=\"text-align: center;\"><a class=\"submit\" href=\"https:\/\/www.djm.nl\/de\/produkte\/sparrow\/\">Weiterlesen<\/a><\/p>\n<\/div>\n<\/div><\/div><\/div><div id=\"pgc-1214-1-1\"  class=\"panel-grid-cell\" ><div id=\"panel-1214-1-1-0\" class=\"so-panel widget widget_sow-editor panel-first-child\" data-index=\"6\" ><div class=\"so-widget-sow-editor so-widget-sow-editor-base\">\n<div class=\"siteorigin-widget-tinymce textwidget\">\n\t<h3 style=\"text-align: center;\">Ultra WB<img loading=\"lazy\" decoding=\"async\" class=\"wp-image-13002 size-custom-size-250 aligncenter\" src=\"https:\/\/www.djm.nl\/wp-content\/uploads\/2024\/01\/UltraTransp-250x250.png\" alt=\"\" width=\"250\" height=\"250\" srcset=\"https:\/\/www.djm.nl\/wp-content\/uploads\/2024\/01\/UltraTransp-250x250.png 250w, https:\/\/www.djm.nl\/wp-content\/uploads\/2024\/01\/UltraTransp-300x300.png 300w, https:\/\/www.djm.nl\/wp-content\/uploads\/2024\/01\/UltraTransp-150x150.png 150w, https:\/\/www.djm.nl\/wp-content\/uploads\/2024\/01\/UltraTransp-768x768.png 768w, https:\/\/www.djm.nl\/wp-content\/uploads\/2024\/01\/UltraTransp-200x200.png 200w, https:\/\/www.djm.nl\/wp-content\/uploads\/2024\/01\/UltraTransp.png 829w\" sizes=\"auto, (max-width: 250px) 100vw, 250px\" \/><\/h3>\n<p style=\"text-align: center;\"><a class=\"submit\" href=\"https:\/\/www.djm.nl\/de\/produkte\/ultra-wb\/\">Weiterlesen<\/a><\/p>\n<\/div>\n<\/div><\/div><div id=\"panel-1214-1-1-1\" class=\"so-panel widget widget_sow-editor\" data-index=\"7\" ><div class=\"so-widget-sow-editor so-widget-sow-editor-base\">\n<div class=\"siteorigin-widget-tinymce textwidget\">\n\t<h3 style=\"text-align: center;\">Ultra WB High-Definition<img loading=\"lazy\" decoding=\"async\" class=\"aligncenter wp-image-7277 size-custom-size-250\" src=\"https:\/\/www.djm.nl\/wp-content\/uploads\/2021\/12\/Ultra-HD-250x250.png\" alt=\"\" width=\"250\" height=\"250\" srcset=\"https:\/\/www.djm.nl\/wp-content\/uploads\/2021\/12\/Ultra-HD-250x250.png 250w, https:\/\/www.djm.nl\/wp-content\/uploads\/2021\/12\/Ultra-HD-300x300.png 300w, https:\/\/www.djm.nl\/wp-content\/uploads\/2021\/12\/Ultra-HD-1024x1024.png 1024w, https:\/\/www.djm.nl\/wp-content\/uploads\/2021\/12\/Ultra-HD-150x150.png 150w, https:\/\/www.djm.nl\/wp-content\/uploads\/2021\/12\/Ultra-HD-768x768.png 768w, https:\/\/www.djm.nl\/wp-content\/uploads\/2021\/12\/Ultra-HD-1536x1536.png 1536w, https:\/\/www.djm.nl\/wp-content\/uploads\/2021\/12\/Ultra-HD-2048x2048.png 2048w, https:\/\/www.djm.nl\/wp-content\/uploads\/2021\/12\/Ultra-HD-200x200.png 200w\" sizes=\"auto, (max-width: 250px) 100vw, 250px\" \/><\/h3>\n<p style=\"text-align: center;\"><a class=\"submit\" href=\"https:\/\/www.djm.nl\/de\/produkte\/ultra-high-definition\/\">Weiterlesen<\/a><\/p>\n<\/div>\n<\/div><\/div><div id=\"panel-1214-1-1-2\" class=\"so-panel widget widget_sow-editor\" data-index=\"8\" ><div class=\"so-widget-sow-editor so-widget-sow-editor-base\">\n<div class=\"siteorigin-widget-tinymce textwidget\">\n\t<h3 style=\"text-align: center;\">HP monochrom<img loading=\"lazy\" decoding=\"async\" class=\"aligncenter wp-image-7263 size-custom-size-250\" src=\"https:\/\/www.djm.nl\/wp-content\/uploads\/2021\/12\/print-module-rond-250x250.png\" alt=\"\" width=\"250\" height=\"250\" srcset=\"https:\/\/www.djm.nl\/wp-content\/uploads\/2021\/12\/print-module-rond-250x250.png 250w, https:\/\/www.djm.nl\/wp-content\/uploads\/2021\/12\/print-module-rond-300x300.png 300w, https:\/\/www.djm.nl\/wp-content\/uploads\/2021\/12\/print-module-rond-1021x1024.png 1021w, https:\/\/www.djm.nl\/wp-content\/uploads\/2021\/12\/print-module-rond-150x150.png 150w, https:\/\/www.djm.nl\/wp-content\/uploads\/2021\/12\/print-module-rond-768x771.png 768w, https:\/\/www.djm.nl\/wp-content\/uploads\/2021\/12\/print-module-rond-200x200.png 200w, https:\/\/www.djm.nl\/wp-content\/uploads\/2021\/12\/print-module-rond.png 1171w\" sizes=\"auto, (max-width: 250px) 100vw, 250px\" \/><\/h3>\n<p style=\"text-align: center;\"><a class=\"submit\" href=\"https:\/\/www.djm.nl\/de\/produkte\/hp-monochrome-m500-m800-druckmodule\/\">Weiterlesen<\/a><\/p>\n<\/div>\n<\/div><\/div><div id=\"panel-1214-1-1-3\" class=\"so-panel widget widget_sow-editor panel-last-child\" data-index=\"9\" ><div class=\"so-widget-sow-editor so-widget-sow-editor-base\">\n<div class=\"siteorigin-widget-tinymce textwidget\">\n\t<h3 style=\"text-align: center;\">OctiPus Controller-Software<img loading=\"lazy\" decoding=\"async\" class=\"aligncenter wp-image-12754 size-custom-size-250\" src=\"https:\/\/www.djm.nl\/wp-content\/uploads\/2024\/01\/controller-250x247.png\" alt=\"\" width=\"250\" height=\"247\" srcset=\"https:\/\/www.djm.nl\/wp-content\/uploads\/2024\/01\/controller-250x247.png 250w, https:\/\/www.djm.nl\/wp-content\/uploads\/2024\/01\/controller-300x296.png 300w, https:\/\/www.djm.nl\/wp-content\/uploads\/2024\/01\/controller-1024x1012.png 1024w, https:\/\/www.djm.nl\/wp-content\/uploads\/2024\/01\/controller-768x759.png 768w, https:\/\/www.djm.nl\/wp-content\/uploads\/2024\/01\/controller-200x198.png 200w, https:\/\/www.djm.nl\/wp-content\/uploads\/2024\/01\/controller-150x148.png 150w, https:\/\/www.djm.nl\/wp-content\/uploads\/2024\/01\/controller.png 1271w\" sizes=\"auto, (max-width: 250px) 100vw, 250px\" \/><\/h3>\n<p style=\"text-align: center;\"><a class=\"submit\" href=\"https:\/\/www.djm.nl\/de\/produkte\/controller-software\/\">Weiterlesen<\/a><\/p>\n<\/div>\n<\/div><\/div><\/div><div id=\"pgc-1214-1-2\"  class=\"panel-grid-cell\" ><div id=\"panel-1214-1-2-0\" class=\"so-panel widget widget_sow-editor panel-first-child\" data-index=\"10\" ><div class=\"so-widget-sow-editor so-widget-sow-editor-base\"><h3 class=\"widget-title\"> <\/h3>\n<div class=\"siteorigin-widget-tinymce textwidget\">\n\t<h3 style=\"text-align: center;\">Ultra UV<img loading=\"lazy\" decoding=\"async\" class=\"wp-image-13002 size-custom-size-250 aligncenter\" src=\"https:\/\/www.djm.nl\/wp-content\/uploads\/2024\/01\/UltraTransp-250x250.png\" alt=\"\" width=\"250\" height=\"250\" srcset=\"https:\/\/www.djm.nl\/wp-content\/uploads\/2024\/01\/UltraTransp-250x250.png 250w, https:\/\/www.djm.nl\/wp-content\/uploads\/2024\/01\/UltraTransp-300x300.png 300w, https:\/\/www.djm.nl\/wp-content\/uploads\/2024\/01\/UltraTransp-150x150.png 150w, https:\/\/www.djm.nl\/wp-content\/uploads\/2024\/01\/UltraTransp-768x768.png 768w, https:\/\/www.djm.nl\/wp-content\/uploads\/2024\/01\/UltraTransp-200x200.png 200w, https:\/\/www.djm.nl\/wp-content\/uploads\/2024\/01\/UltraTransp.png 829w\" sizes=\"auto, (max-width: 250px) 100vw, 250px\" \/><\/h3>\n<p style=\"text-align: center;\"><a class=\"submit\" href=\"https:\/\/www.djm.nl\/de\/ultra-uv\/\">Weiterlesen<\/a><\/p>\n<\/div>\n<\/div><\/div><div id=\"panel-1214-1-2-1\" class=\"so-panel widget widget_sow-editor\" data-index=\"11\" ><div class=\"so-widget-sow-editor so-widget-sow-editor-base\">\n<div class=\"siteorigin-widget-tinymce textwidget\">\n\t<h3 style=\"text-align: center;\">Samba WB\/UV<img loading=\"lazy\" decoding=\"async\" class=\"aligncenter wp-image-7291 size-custom-size-250\" src=\"https:\/\/www.djm.nl\/wp-content\/uploads\/2021\/12\/Samba-244x250.png\" alt=\"\" width=\"244\" height=\"250\" srcset=\"https:\/\/www.djm.nl\/wp-content\/uploads\/2021\/12\/Samba-244x250.png 244w, https:\/\/www.djm.nl\/wp-content\/uploads\/2021\/12\/Samba-292x300.png 292w, https:\/\/www.djm.nl\/wp-content\/uploads\/2021\/12\/Samba-998x1024.png 998w, https:\/\/www.djm.nl\/wp-content\/uploads\/2021\/12\/Samba-768x788.png 768w, https:\/\/www.djm.nl\/wp-content\/uploads\/2021\/12\/Samba-195x200.png 195w, https:\/\/www.djm.nl\/wp-content\/uploads\/2021\/12\/Samba-146x150.png 146w, https:\/\/www.djm.nl\/wp-content\/uploads\/2021\/12\/Samba.png 1268w\" sizes=\"auto, (max-width: 244px) 100vw, 244px\" \/><\/h3>\n<p style=\"text-align: center;\"><a class=\"submit\" href=\"https:\/\/www.djm.nl\/de\/samba\/\">Weiterlesen<\/a><\/p>\n<\/div>\n<\/div><\/div><div id=\"panel-1214-1-2-2\" class=\"so-panel widget widget_sow-editor\" data-index=\"12\" ><div class=\"so-widget-sow-editor so-widget-sow-editor-base\">\n<div class=\"siteorigin-widget-tinymce textwidget\">\n\t<h3 style=\"text-align: center;\">HP color<img loading=\"lazy\" decoding=\"async\" class=\"wp-image-7263 size-custom-size-250 aligncenter\" src=\"https:\/\/www.djm.nl\/wp-content\/uploads\/2021\/12\/print-module-rond-250x250.png\" alt=\"\" width=\"250\" height=\"250\" srcset=\"https:\/\/www.djm.nl\/wp-content\/uploads\/2021\/12\/print-module-rond-250x250.png 250w, https:\/\/www.djm.nl\/wp-content\/uploads\/2021\/12\/print-module-rond-300x300.png 300w, https:\/\/www.djm.nl\/wp-content\/uploads\/2021\/12\/print-module-rond-1021x1024.png 1021w, https:\/\/www.djm.nl\/wp-content\/uploads\/2021\/12\/print-module-rond-150x150.png 150w, https:\/\/www.djm.nl\/wp-content\/uploads\/2021\/12\/print-module-rond-768x771.png 768w, https:\/\/www.djm.nl\/wp-content\/uploads\/2021\/12\/print-module-rond-200x200.png 200w, https:\/\/www.djm.nl\/wp-content\/uploads\/2021\/12\/print-module-rond.png 1171w\" sizes=\"auto, (max-width: 250px) 100vw, 250px\" \/><\/h3>\n<p style=\"text-align: center;\"><a class=\"submit\" href=\"https:\/\/www.djm.nl\/de\/hp-color\/\">Weiterlesen<\/a><\/p>\n<\/div>\n<\/div><\/div><div id=\"panel-1214-1-2-3\" class=\"so-panel widget widget_sow-editor panel-last-child\" data-index=\"13\" ><div class=\"so-widget-sow-editor so-widget-sow-editor-base\">\n<div class=\"siteorigin-widget-tinymce textwidget\">\n\t<h3 style=\"text-align: center;\">Systemkomponenten<img loading=\"lazy\" decoding=\"async\" class=\"aligncenter wp-image-13014 size-custom-size-250\" src=\"https:\/\/www.djm.nl\/wp-content\/uploads\/2024\/01\/CircTransp-250x250.png\" alt=\"\" width=\"250\" height=\"250\" srcset=\"https:\/\/www.djm.nl\/wp-content\/uploads\/2024\/01\/CircTransp-250x250.png 250w, https:\/\/www.djm.nl\/wp-content\/uploads\/2024\/01\/CircTransp-300x300.png 300w, https:\/\/www.djm.nl\/wp-content\/uploads\/2024\/01\/CircTransp-150x150.png 150w, https:\/\/www.djm.nl\/wp-content\/uploads\/2024\/01\/CircTransp-200x200.png 200w, https:\/\/www.djm.nl\/wp-content\/uploads\/2024\/01\/CircTransp.png 762w\" sizes=\"auto, (max-width: 250px) 100vw, 250px\" \/><\/h3>\n<p style=\"text-align: center;\"><a class=\"submit\" href=\"https:\/\/www.djm.nl\/de\/systemkomponente\/\">Weiterlesen<\/a><\/p>\n<\/div>\n<\/div><\/div><\/div><\/div><div id=\"pg-1214-2\"  class=\"panel-grid panel-no-style\" ><div id=\"pgc-1214-2-0\"  class=\"panel-grid-cell\" ><div id=\"panel-1214-2-0-0\" class=\"so-panel widget widget_sow-cta panel-first-child panel-last-child\" data-index=\"14\" ><div class=\"so-widget-sow-cta so-widget-sow-cta-default-4208922e6c26-1214\"><div class=\"sow-cta-base\">\n\n\t<div class=\"sow-cta-wrapper\">\n\n\t\t<div class=\"sow-cta-text\">\n\t\t\t<h4 class=\"sow-cta-title\">Sie m\u00f6chten weitere Informationen zu einer oder mehreren L\u00f6sungen?<\/h4>\n\t\t\t<h5 class=\"sow-cta-subtitle\">Kontaktieren Sie uns, wir erz\u00e4hlen Ihnen gerne alles dar\u00fcber!<\/h5>\n\t\t<\/div>\n\n\t\t<div class=\"so-widget-sow-button so-widget-sow-button-atom-b4f6b6b19f96\"><div class=\"ow-button-base ow-button-align-center\">\n\t<a href=\"mailto:sales@djm.nl\" class=\"ow-icon-placement-left ow-button-hover\" \t\t>\n\t\t<span>\n\t\t\t\n\t\t\tmehr infos\t\t<\/span>\n\t<\/a>\n<\/div>\n<\/div>\n\t<\/div>\n\n<\/div>\n<\/div><\/div><\/div><\/div><\/div>","protected":false},"excerpt":{"rendered":"<p>Ein breites Portfolio mit dem Ansatz \u201eBeste L\u00f6sung f\u00fcr jede Anwendung\u201c Tintenstrahldruck ist die Technologie zum Drucken mit variablen Daten und hat einen enormen Einfluss auf verschiedene M\u00e4rkte, Produktionsprozesse und Anwendungen. Variable Daten werden f\u00fcr den Druck verwendet, z. B. Tracking-Codes, Personalisierung, Sprachumstellung, Adressierung etc. Dar\u00fcber hinaus besteht eine zunehmende Nachfrage nach Produktion in kleinen [&hellip;]<\/p>\n","protected":false},"author":9,"featured_media":5944,"parent":0,"menu_order":0,"comment_status":"closed","ping_status":"closed","template":"","meta":{"footnotes":""},"class_list":["post-1214","page","type-page","status-publish","has-post-thumbnail","hentry"],"_links":{"self":[{"href":"https:\/\/www.djm.nl\/de\/wp-json\/wp\/v2\/pages\/1214","targetHints":{"allow":["GET"]}}],"collection":[{"href":"https:\/\/www.djm.nl\/de\/wp-json\/wp\/v2\/pages"}],"about":[{"href":"https:\/\/www.djm.nl\/de\/wp-json\/wp\/v2\/types\/page"}],"author":[{"embeddable":true,"href":"https:\/\/www.djm.nl\/de\/wp-json\/wp\/v2\/users\/9"}],"replies":[{"embeddable":true,"href":"https:\/\/www.djm.nl\/de\/wp-json\/wp\/v2\/comments?post=1214"}],"version-history":[{"count":60,"href":"https:\/\/www.djm.nl\/de\/wp-json\/wp\/v2\/pages\/1214\/revisions"}],"predecessor-version":[{"id":13669,"href":"https:\/\/www.djm.nl\/de\/wp-json\/wp\/v2\/pages\/1214\/revisions\/13669"}],"wp:featuredmedia":[{"embeddable":true,"href":"https:\/\/www.djm.nl\/de\/wp-json\/wp\/v2\/media\/5944"}],"wp:attachment":[{"href":"https:\/\/www.djm.nl\/de\/wp-json\/wp\/v2\/media?parent=1214"}],"curies":[{"name":"wp","href":"https:\/\/api.w.org\/{rel}","templated":true}]}}