{"id":1200,"date":"2018-02-18T23:41:57","date_gmt":"2018-02-18T22:41:57","guid":{"rendered":"https:\/\/www.djm.nl\/market-segments\/"},"modified":"2024-01-17T13:20:49","modified_gmt":"2024-01-17T12:20:49","slug":"marktbereich","status":"publish","type":"page","link":"https:\/\/www.djm.nl\/de\/marktbereich\/","title":{"rendered":"Marktbereich"},"content":{"rendered":"<div id=\"pl-1200\"  class=\"panel-layout\" ><div id=\"pg-1200-0\"  class=\"panel-grid panel-no-style\" ><div id=\"pgc-1200-0-0\"  class=\"panel-grid-cell\" ><div id=\"panel-1200-0-0-0\" class=\"so-panel widget widget_sow-editor panel-first-child panel-last-child\" data-index=\"0\" ><div class=\"so-widget-sow-editor so-widget-sow-editor-base\">\n<div class=\"siteorigin-widget-tinymce textwidget\">\n\t<h1>Ihr Marktsegment 'personalived'<\/h1>\n<p>Druckauftr\u00e4ge gibt es in einer Vielzahl. Sie brauchen eine Inkjet-Technologie, die zur Rentabilit\u00e4t beitr\u00e4gt.<\/p>\n<p>DJM entwickelt Inkjet-L\u00f6sungen, die den Produktionsmerkmalen Ihres Marktsegments entsprechen. DJM verf\u00fcgt \u00fcber ein breites Portfolio an industriellen Inkjet-L\u00f6sungen f\u00fcr Branchen wie: Verpackung (Wellpappe und flexible), Codierung und Inspektion, Direktmailing, Treueprogramme, Lotterie &amp; Gl\u00fccksspiel, Etikettierung und Adressierung.<\/p>\n<\/div>\n<\/div><\/div><\/div><\/div><div id=\"pg-1200-1\"  class=\"panel-grid panel-has-style\" ><div class=\"zebra markets panel-row-style panel-row-style-for-1200-1\" ><div id=\"pgc-1200-1-0\"  class=\"panel-grid-cell\" ><div id=\"panel-1200-1-0-0\" class=\"so-panel widget widget_sow-editor panel-first-child\" data-index=\"1\" ><div class=\"so-widget-sow-editor so-widget-sow-editor-base\">\n<div class=\"siteorigin-widget-tinymce textwidget\">\n\t<h2><img loading=\"lazy\" decoding=\"async\" class=\"alignright wp-image-2591 size-custom-size-200\" src=\"https:\/\/www.djm.nl\/wp-content\/uploads\/2018\/08\/market-segments-packaging-1000-200x200.jpg\" alt=\"\" width=\"200\" height=\"200\" srcset=\"https:\/\/www.djm.nl\/wp-content\/uploads\/2018\/08\/market-segments-packaging-1000-200x200.jpg 200w, https:\/\/www.djm.nl\/wp-content\/uploads\/2018\/08\/market-segments-packaging-1000-150x150.jpg 150w, https:\/\/www.djm.nl\/wp-content\/uploads\/2018\/08\/market-segments-packaging-1000-300x300.jpg 300w, https:\/\/www.djm.nl\/wp-content\/uploads\/2018\/08\/market-segments-packaging-1000-768x768.jpg 768w, https:\/\/www.djm.nl\/wp-content\/uploads\/2018\/08\/market-segments-packaging-1000-250x250.jpg 250w, https:\/\/www.djm.nl\/wp-content\/uploads\/2018\/08\/market-segments-packaging-1000.jpg 1000w\" sizes=\"auto, (max-width: 200px) 100vw, 200px\" \/><\/h2>\n<h2>Verpackung<\/h2>\n<p>Der erste Eindruck z\u00e4hlt \u2013 Und deswegen ist eine ansprechende Verpackung im Handel von gr\u00f6\u00dfter Bedeutung, wenn Sie ihre Verkaufszahlen steigern wollen.Unsere Tintenstrahldruck-Technologien wurden daf\u00fcr entwickelt, Verpackungen zu optimieren, da sie viel zum gesch\u00e4ftlichen Wert beitragen. Durch DJM\u2019s Technik wird variabler Datendruck f\u00fcr Verpackungsunternehmen zug\u00e4nglich.<\/p>\n<\/div>\n<\/div><\/div><div id=\"panel-1200-1-0-1\" class=\"so-panel widget widget_sow-editor\" data-index=\"2\" ><div class=\"so-widget-sow-editor so-widget-sow-editor-base\">\n<div class=\"siteorigin-widget-tinymce textwidget\">\n\t<h2><img loading=\"lazy\" decoding=\"async\" class=\"alignleft wp-image-643 size-custom-size-200\" src=\"https:\/\/www.djm.nl\/wp-content\/uploads\/2018\/02\/DJM_coding-200x200.jpg\" alt=\"\" width=\"200\" height=\"200\" srcset=\"https:\/\/www.djm.nl\/wp-content\/uploads\/2018\/02\/DJM_coding-200x200.jpg 200w, https:\/\/www.djm.nl\/wp-content\/uploads\/2018\/02\/DJM_coding-150x150.jpg 150w, https:\/\/www.djm.nl\/wp-content\/uploads\/2018\/02\/DJM_coding-300x300.jpg 300w, https:\/\/www.djm.nl\/wp-content\/uploads\/2018\/02\/DJM_coding-768x768.jpg 768w, https:\/\/www.djm.nl\/wp-content\/uploads\/2018\/02\/DJM_coding-250x250.jpg 250w, https:\/\/www.djm.nl\/wp-content\/uploads\/2018\/02\/DJM_coding.jpg 1024w\" sizes=\"auto, (max-width: 200px) 100vw, 200px\" \/>Kodierung and markieren<\/h2>\n<p>Die Kodierung und Kennzeichnung Ihrer Verpackungen bieten Sicherheit und Durchsichtigkeit f\u00fcr Ihre Kunden. Wir unternehmen genaue Analysen des Verpackungsmaterials, um f\u00fcr Sie und Ihre Kunden eine stabile Qualit\u00e4t zu erhalten.<\/p>\n<p>DJM bietet ihnen Beratungsgespr\u00e4che mit unseren Experten an. Dies Hilft uns, die perfekte L\u00f6sung f\u00fcr das kodieren und kennzeichnen ihrer Produkte zu finden. Langfristige High-Tech Datenverarbeitungstechniken.<\/p>\n<\/div>\n<\/div><\/div><div id=\"panel-1200-1-0-2\" class=\"so-panel widget widget_sow-editor\" data-index=\"3\" ><div class=\"so-widget-sow-editor so-widget-sow-editor-base\">\n<div class=\"siteorigin-widget-tinymce textwidget\">\n\t<h2>Flexibele Verpackung<strong><img loading=\"lazy\" decoding=\"async\" class=\"alignright wp-image-4878 size-custom-size-200\" src=\"https:\/\/www.djm.nl\/wp-content\/uploads\/2019\/06\/23539307780_33f0924b5c_b-200x200.png\" alt=\"\" width=\"200\" height=\"200\" srcset=\"https:\/\/www.djm.nl\/wp-content\/uploads\/2019\/06\/23539307780_33f0924b5c_b-200x200.png 200w, https:\/\/www.djm.nl\/wp-content\/uploads\/2019\/06\/23539307780_33f0924b5c_b-150x150.png 150w, https:\/\/www.djm.nl\/wp-content\/uploads\/2019\/06\/23539307780_33f0924b5c_b-300x300.png 300w, https:\/\/www.djm.nl\/wp-content\/uploads\/2019\/06\/23539307780_33f0924b5c_b-250x250.png 250w, https:\/\/www.djm.nl\/wp-content\/uploads\/2019\/06\/23539307780_33f0924b5c_b.png 394w\" sizes=\"auto, (max-width: 200px) 100vw, 200px\" \/><\/strong><\/h2>\n<p>Als eines der am schnellsten wachsenden Segmente der Verpackungsindustrie kombinieren flexible Verpackungen die besten Qualit\u00e4ten von Kunststoff, Folie, Papier und Aluminiumfolie, um ein breites Spektrum an Schutzeigenschaften bei minimalem Materialeinsatz zu bieten. Flexible Verpackungen sind aufgrund ihrer Kosteneffizienz und Bequemlichkeit schnell zu einer beliebten Wahl bei Verbrauchern und Konsumg\u00fcterherstellern geworden. Die L\u00f6sungen von DJM sind jetzt auch eine gute Wahl, um variable Daten auf flexible Verpackungen zu drucken.<\/p>\n<\/div>\n<\/div><\/div><div id=\"panel-1200-1-0-3\" class=\"so-panel widget widget_sow-editor\" data-index=\"4\" ><div class=\"so-widget-sow-editor so-widget-sow-editor-base\">\n<div class=\"siteorigin-widget-tinymce textwidget\">\n\t<h2><img loading=\"lazy\" decoding=\"async\" class=\"alignright wp-image-12958 size-custom-size-250\" src=\"https:\/\/www.djm.nl\/wp-content\/uploads\/2024\/01\/Square-LoremIpsum-250x250.jpg\" alt=\"\" width=\"250\" height=\"250\" srcset=\"https:\/\/www.djm.nl\/wp-content\/uploads\/2024\/01\/Square-LoremIpsum-250x250.jpg 250w, https:\/\/www.djm.nl\/wp-content\/uploads\/2024\/01\/Square-LoremIpsum-300x300.jpg 300w, https:\/\/www.djm.nl\/wp-content\/uploads\/2024\/01\/Square-LoremIpsum-1024x1024.jpg 1024w, https:\/\/www.djm.nl\/wp-content\/uploads\/2024\/01\/Square-LoremIpsum-150x150.jpg 150w, https:\/\/www.djm.nl\/wp-content\/uploads\/2024\/01\/Square-LoremIpsum-768x768.jpg 768w, https:\/\/www.djm.nl\/wp-content\/uploads\/2024\/01\/Square-LoremIpsum-1536x1536.jpg 1536w, https:\/\/www.djm.nl\/wp-content\/uploads\/2024\/01\/Square-LoremIpsum-200x200.jpg 200w, https:\/\/www.djm.nl\/wp-content\/uploads\/2024\/01\/Square-LoremIpsum.jpg 1554w\" sizes=\"auto, (max-width: 250px) 100vw, 250px\" \/><\/h2>\n<h2>Buchdruck<\/h2>\n<p>Passen Sie sich dem On-Demand-Buchdruck an und stellen Sie es zur richtigen Zeit, am richtigen Ort, in der richtigen Qualit\u00e4t und zum richtigen Preis bereit. Speziell f\u00fcr Buchdrucker und Verlage hat DJM Tintenstrahldruckl\u00f6sungen in Schwarzwei\u00df und Vollfarbe entwickelt und basiert auf den neuesten High-Definition-Druckk\u00f6pfen. Reduzieren Sie Ihre End-to-End-Lieferkettenkosten mit den Buchdruckl\u00f6sungen von DJM.<\/p>\n<\/div>\n<\/div><\/div><div id=\"panel-1200-1-0-4\" class=\"so-panel widget widget_sow-editor\" data-index=\"5\" ><div class=\"so-widget-sow-editor so-widget-sow-editor-base\">\n<div class=\"siteorigin-widget-tinymce textwidget\">\n\t<h2><img loading=\"lazy\" decoding=\"async\" class=\"alignleft wp-image-2573 size-custom-size-200\" src=\"https:\/\/www.djm.nl\/wp-content\/uploads\/2018\/08\/market-segments-direct-mailing-1000-200x200.jpg\" alt=\"\" width=\"200\" height=\"200\" srcset=\"https:\/\/www.djm.nl\/wp-content\/uploads\/2018\/08\/market-segments-direct-mailing-1000-200x200.jpg 200w, https:\/\/www.djm.nl\/wp-content\/uploads\/2018\/08\/market-segments-direct-mailing-1000-150x150.jpg 150w, https:\/\/www.djm.nl\/wp-content\/uploads\/2018\/08\/market-segments-direct-mailing-1000-300x300.jpg 300w, https:\/\/www.djm.nl\/wp-content\/uploads\/2018\/08\/market-segments-direct-mailing-1000-768x768.jpg 768w, https:\/\/www.djm.nl\/wp-content\/uploads\/2018\/08\/market-segments-direct-mailing-1000-250x250.jpg 250w, https:\/\/www.djm.nl\/wp-content\/uploads\/2018\/08\/market-segments-direct-mailing-1000.jpg 1000w\" sizes=\"auto, (max-width: 200px) 100vw, 200px\" \/>Direct mail<\/h2>\n<p>\u00dcbersetzen Sie f\u00fcr Ihre Kunden digitale Kampagnen in den Ausdruck hochpersonalisierter und au\u00dfergew\u00f6hnliche Direct Mail. Unser Fachwissen im Bereich Tintenstrahldruck macht es m\u00f6glich, mithilfe verschiedener Druckk\u00f6pfe und Tinten auf eine Vielfalt von Substraten zu drucken.<\/p>\n<\/div>\n<\/div><\/div><div id=\"panel-1200-1-0-5\" class=\"so-panel widget widget_sow-editor\" data-index=\"6\" ><div class=\"so-widget-sow-editor so-widget-sow-editor-base\">\n<div class=\"siteorigin-widget-tinymce textwidget\">\n\t<h2>Umschlagdruck<img loading=\"lazy\" decoding=\"async\" class=\"alignright wp-image-2576 size-custom-size-250\" src=\"https:\/\/www.djm.nl\/wp-content\/uploads\/2018\/08\/market-segments-envelop-printing-1000-250x250.png\" alt=\"\" width=\"250\" height=\"250\" srcset=\"https:\/\/www.djm.nl\/wp-content\/uploads\/2018\/08\/market-segments-envelop-printing-1000-250x250.png 250w, https:\/\/www.djm.nl\/wp-content\/uploads\/2018\/08\/market-segments-envelop-printing-1000-150x150.png 150w, https:\/\/www.djm.nl\/wp-content\/uploads\/2018\/08\/market-segments-envelop-printing-1000-300x300.png 300w, https:\/\/www.djm.nl\/wp-content\/uploads\/2018\/08\/market-segments-envelop-printing-1000-768x768.png 768w, https:\/\/www.djm.nl\/wp-content\/uploads\/2018\/08\/market-segments-envelop-printing-1000-200x200.png 200w, https:\/\/www.djm.nl\/wp-content\/uploads\/2018\/08\/market-segments-envelop-printing-1000.png 1000w\" sizes=\"auto, (max-width: 250px) 100vw, 250px\" \/><\/h2>\n<p>Werten Sie Ihr Mailing mit gezielten Werbebotschaften auf Umschl\u00e4gen auf. Das Mailing wird mehr Verbraucher ansprechen und Angebote in neue Gesch\u00e4ftsm\u00f6glichkeiten umwandeln. Unsere Vollfarb-Inkjet-L\u00f6sungen lassen sich leicht integrieren, um einen optimierten Workflow mit gro\u00dfer Flexibilit\u00e4t zu schaffen.<\/p>\n<\/div>\n<\/div><\/div><div id=\"panel-1200-1-0-6\" class=\"so-panel widget widget_sow-editor\" data-index=\"7\" ><div class=\"so-widget-sow-editor so-widget-sow-editor-base\">\n<div class=\"siteorigin-widget-tinymce textwidget\">\n\t<h2><img loading=\"lazy\" decoding=\"async\" class=\"wp-image-12867 size-medium alignright\" src=\"https:\/\/www.djm.nl\/wp-content\/uploads\/2024\/01\/DJM_self_mailers-300x300.png\" alt=\"\" width=\"300\" height=\"300\" srcset=\"https:\/\/www.djm.nl\/wp-content\/uploads\/2024\/01\/DJM_self_mailers-300x300.png 300w, https:\/\/www.djm.nl\/wp-content\/uploads\/2024\/01\/DJM_self_mailers-150x150.png 150w, https:\/\/www.djm.nl\/wp-content\/uploads\/2024\/01\/DJM_self_mailers-768x768.png 768w, https:\/\/www.djm.nl\/wp-content\/uploads\/2024\/01\/DJM_self_mailers-200x200.png 200w, https:\/\/www.djm.nl\/wp-content\/uploads\/2024\/01\/DJM_self_mailers-250x250.png 250w, https:\/\/www.djm.nl\/wp-content\/uploads\/2024\/01\/DJM_self_mailers.png 1024w\" sizes=\"auto, (max-width: 300px) 100vw, 300px\" \/>Self Mailer<\/h2>\n<p>Sorgen Sie f\u00fcr bezahlbare Selfmailer mit effizienter und bedarfsgerechter Personalisierung. DJM setzt f\u00fcr Ihr Ziel gekonnt Tintenstrahldruckk\u00f6pfe ein. Unsere Drucktechnologien k\u00f6nnen alles \u2013 von monochromen Adressen bis hin zu Grafiken in fullcolor.<\/p>\n<\/div>\n<\/div><\/div><div id=\"panel-1200-1-0-7\" class=\"so-panel widget widget_sow-editor\" data-index=\"8\" ><div class=\"so-widget-sow-editor so-widget-sow-editor-base\">\n<div class=\"siteorigin-widget-tinymce textwidget\">\n\t<h2><img loading=\"lazy\" decoding=\"async\" class=\"alignnone wp-image-12877 size-custom-size-250\" src=\"https:\/\/www.djm.nl\/wp-content\/uploads\/2024\/01\/market-segments-loyalty-1000-250x250.jpg\" alt=\"\" width=\"250\" height=\"250\" srcset=\"https:\/\/www.djm.nl\/wp-content\/uploads\/2024\/01\/market-segments-loyalty-1000-250x250.jpg 250w, https:\/\/www.djm.nl\/wp-content\/uploads\/2024\/01\/market-segments-loyalty-1000-300x300.jpg 300w, https:\/\/www.djm.nl\/wp-content\/uploads\/2024\/01\/market-segments-loyalty-1000-150x150.jpg 150w, https:\/\/www.djm.nl\/wp-content\/uploads\/2024\/01\/market-segments-loyalty-1000-768x768.jpg 768w, https:\/\/www.djm.nl\/wp-content\/uploads\/2024\/01\/market-segments-loyalty-1000-200x200.jpg 200w, https:\/\/www.djm.nl\/wp-content\/uploads\/2024\/01\/market-segments-loyalty-1000.jpg 1000w\" sizes=\"auto, (max-width: 250px) 100vw, 250px\" \/><\/h2>\n<h2>Loyalit\u00e4tsprogramme<\/h2>\n<p>Realisieren Sie mit unserer Tintenstrahldruck-Technik \u00a0kreative und personalisierte Loyalit\u00e4tsprogramme f\u00fcr Ihre Kunden. DJM\u2019s Tintenstrahldruck-L\u00f6sungen geben Ihnen die M\u00f6glichkeit, einzigartig und flexibel zu drucken. Schnell und zuverl\u00e4ssig. Variabler Datendruck vom feinsten.<\/p>\n<\/div>\n<\/div><\/div><div id=\"panel-1200-1-0-8\" class=\"so-panel widget widget_sow-editor\" data-index=\"9\" ><div class=\"so-widget-sow-editor so-widget-sow-editor-base\">\n<div class=\"siteorigin-widget-tinymce textwidget\">\n\t<h2><img loading=\"lazy\" decoding=\"async\" class=\"alignnone wp-image-12906 size-custom-size-250\" src=\"https:\/\/www.djm.nl\/wp-content\/uploads\/2024\/01\/market-segments-lottery-1000-250x250.jpg\" alt=\"\" width=\"250\" height=\"250\" srcset=\"https:\/\/www.djm.nl\/wp-content\/uploads\/2024\/01\/market-segments-lottery-1000-250x250.jpg 250w, https:\/\/www.djm.nl\/wp-content\/uploads\/2024\/01\/market-segments-lottery-1000-300x300.jpg 300w, https:\/\/www.djm.nl\/wp-content\/uploads\/2024\/01\/market-segments-lottery-1000-150x150.jpg 150w, https:\/\/www.djm.nl\/wp-content\/uploads\/2024\/01\/market-segments-lottery-1000-768x768.jpg 768w, https:\/\/www.djm.nl\/wp-content\/uploads\/2024\/01\/market-segments-lottery-1000-200x200.jpg 200w, https:\/\/www.djm.nl\/wp-content\/uploads\/2024\/01\/market-segments-lottery-1000.jpg 1000w\" sizes=\"auto, (max-width: 250px) 100vw, 250px\" \/><\/h2>\n<h2>Lotterien und Gewinnspiele<\/h2>\n<p>Ihren Kunden originale Tickets anbieten zu k\u00f6nnen ist von gr\u00f6\u00dfter Wichtigkeit, wenn es ums Parken, \u00d6ffentliche Verkehrsmittel, Veranstaltungen und Lotterien geht. Um die Sicherheit dieser Dokumente zu garantieren, werden spezielle Substrate, Tinten, Mikro-Text und variable Daten ben\u00f6tigt. DJM\u2019s gro\u00dfe Vielfalt in der Tintenstrahldruck-Technik wird mit den richtigen Druckertinten ausgestattet um eine passende L\u00f6sung f\u00fcr jeden Bereich zur Verf\u00fcgung stellen zu k\u00f6nnen.<\/p>\n<\/div>\n<\/div><\/div><div id=\"panel-1200-1-0-9\" class=\"so-panel widget widget_sow-editor\" data-index=\"10\" ><div class=\"so-widget-sow-editor so-widget-sow-editor-base\">\n<div class=\"siteorigin-widget-tinymce textwidget\">\n\t<h2><img loading=\"lazy\" decoding=\"async\" class=\"alignnone wp-image-12893 size-custom-size-250\" src=\"https:\/\/www.djm.nl\/wp-content\/uploads\/2024\/01\/market-segments-labeling-1000-250x250.jpg\" alt=\"\" width=\"250\" height=\"250\" srcset=\"https:\/\/www.djm.nl\/wp-content\/uploads\/2024\/01\/market-segments-labeling-1000-250x250.jpg 250w, https:\/\/www.djm.nl\/wp-content\/uploads\/2024\/01\/market-segments-labeling-1000-300x300.jpg 300w, https:\/\/www.djm.nl\/wp-content\/uploads\/2024\/01\/market-segments-labeling-1000-150x150.jpg 150w, https:\/\/www.djm.nl\/wp-content\/uploads\/2024\/01\/market-segments-labeling-1000-768x768.jpg 768w, https:\/\/www.djm.nl\/wp-content\/uploads\/2024\/01\/market-segments-labeling-1000-200x200.jpg 200w, https:\/\/www.djm.nl\/wp-content\/uploads\/2024\/01\/market-segments-labeling-1000.jpg 1000w\" sizes=\"auto, (max-width: 250px) 100vw, 250px\" \/>Labeln<\/h2>\n<p>Es werden neuerdings immer mehr Variationen f\u00fcr das Labeln ben\u00f6tigt. Unsere L\u00f6sungen helfen Ihnen, Ihre Produkte schneller zu vermarkten und komplexe und aufregende Label M\u00f6glichkeiten f\u00fcr Ihre Kunden zu finden.<\/p>\n<\/div>\n<\/div><\/div><div id=\"panel-1200-1-0-10\" class=\"so-panel widget widget_sow-editor panel-last-child\" data-index=\"11\" ><div class=\"so-widget-sow-editor so-widget-sow-editor-base\">\n<div class=\"siteorigin-widget-tinymce textwidget\">\n\t<h2>Adressieren<img loading=\"lazy\" decoding=\"async\" class=\"alignright wp-image-12888 size-custom-size-250\" src=\"https:\/\/www.djm.nl\/wp-content\/uploads\/2024\/01\/market-segments-adressing-1000-250x250.png\" alt=\"\" width=\"250\" height=\"250\" srcset=\"https:\/\/www.djm.nl\/wp-content\/uploads\/2024\/01\/market-segments-adressing-1000-250x250.png 250w, https:\/\/www.djm.nl\/wp-content\/uploads\/2024\/01\/market-segments-adressing-1000-300x300.png 300w, https:\/\/www.djm.nl\/wp-content\/uploads\/2024\/01\/market-segments-adressing-1000-150x150.png 150w, https:\/\/www.djm.nl\/wp-content\/uploads\/2024\/01\/market-segments-adressing-1000-768x768.png 768w, https:\/\/www.djm.nl\/wp-content\/uploads\/2024\/01\/market-segments-adressing-1000-200x200.png 200w, https:\/\/www.djm.nl\/wp-content\/uploads\/2024\/01\/market-segments-adressing-1000.png 1000w\" sizes=\"auto, (max-width: 250px) 100vw, 250px\" \/><\/h2>\n<p>Sie m\u00f6chten Ihren Kunden zeigen, dass eine Adresse mehr sein kann? - Egal ob monochrom, 2-farbig oder das volle Farbspektrum. DJM\u2019s L\u00f6sungen beweisen, dass die komplette Oberfl\u00e4che eines Couverts verwendet werden kann. Bilder und personalisierte Mitteilungen \u2013 in hoher Qualit\u00e4t und Geschwindigkeit gedruckt, um das Interesse Ihres Kunden zu wecken.<\/p>\n<\/div>\n<\/div><\/div><\/div><\/div><\/div><div id=\"pg-1200-2\"  class=\"panel-grid panel-no-style\" ><div id=\"pgc-1200-2-0\"  class=\"panel-grid-cell\" ><div id=\"panel-1200-2-0-0\" class=\"so-panel widget widget_sow-cta panel-first-child panel-last-child\" data-index=\"12\" ><div class=\"so-widget-sow-cta so-widget-sow-cta-default-4208922e6c26-1200\"><div class=\"sow-cta-base\">\n\n\t<div class=\"sow-cta-wrapper\">\n\n\t\t<div class=\"sow-cta-text\">\n\t\t\t<h4 class=\"sow-cta-title\">Kontaktieren Sie uns<\/h4>\n\t\t\t<h5 class=\"sow-cta-subtitle\">Inspirierte Inkjet-Drucktechnologie Personalived von DJM. Direct Mailing-Kampagnen, Lotto &amp; Gaming, Treueprogramme, Verpackungen und vieles mehr. Unser angesehenes Inkjet-Know-how l\u00e4sst Druckereien wachsen. Sprechen wir einander... telefonisch,  oder noch besser: ein pers\u00f6nliches treffen!<\/h5>\n\t\t<\/div>\n\n\t\t<div class=\"so-widget-sow-button so-widget-sow-button-atom-b4f6b6b19f96\"><div class=\"ow-button-base ow-button-align-center\">\n\t<a href=\"mailto:sales@djm.nl\" class=\"ow-icon-placement-left ow-button-hover\" \t\t>\n\t\t<span>\n\t\t\t\n\t\t\tkontaktiere uns\t\t<\/span>\n\t<\/a>\n<\/div>\n<\/div>\n\t<\/div>\n\n<\/div>\n<\/div><\/div><\/div><\/div><\/div>","protected":false},"excerpt":{"rendered":"<p>Ihr Marktsegment &#8218;personalived&#8216; Druckauftr\u00e4ge gibt es in einer Vielzahl. Sie brauchen eine Inkjet-Technologie, die zur Rentabilit\u00e4t beitr\u00e4gt. DJM entwickelt Inkjet-L\u00f6sungen, die den Produktionsmerkmalen Ihres Marktsegments entsprechen. DJM verf\u00fcgt \u00fcber ein breites Portfolio an industriellen Inkjet-L\u00f6sungen f\u00fcr Branchen wie: Verpackung (Wellpappe und flexible), Codierung und Inspektion, Direktmailing, Treueprogramme, Lotterie &amp; Gl\u00fccksspiel, Etikettierung und Adressierung. Verpackung Der [&hellip;]<\/p>\n","protected":false},"author":9,"featured_media":0,"parent":0,"menu_order":0,"comment_status":"closed","ping_status":"closed","template":"","meta":{"footnotes":""},"class_list":["post-1200","page","type-page","status-publish","hentry"],"_links":{"self":[{"href":"https:\/\/www.djm.nl\/de\/wp-json\/wp\/v2\/pages\/1200","targetHints":{"allow":["GET"]}}],"collection":[{"href":"https:\/\/www.djm.nl\/de\/wp-json\/wp\/v2\/pages"}],"about":[{"href":"https:\/\/www.djm.nl\/de\/wp-json\/wp\/v2\/types\/page"}],"author":[{"embeddable":true,"href":"https:\/\/www.djm.nl\/de\/wp-json\/wp\/v2\/users\/9"}],"replies":[{"embeddable":true,"href":"https:\/\/www.djm.nl\/de\/wp-json\/wp\/v2\/comments?post=1200"}],"version-history":[{"count":52,"href":"https:\/\/www.djm.nl\/de\/wp-json\/wp\/v2\/pages\/1200\/revisions"}],"predecessor-version":[{"id":12962,"href":"https:\/\/www.djm.nl\/de\/wp-json\/wp\/v2\/pages\/1200\/revisions\/12962"}],"wp:attachment":[{"href":"https:\/\/www.djm.nl\/de\/wp-json\/wp\/v2\/media?parent=1200"}],"curies":[{"name":"wp","href":"https:\/\/api.w.org\/{rel}","templated":true}]}}