{"id":1194,"date":"2018-02-08T15:22:46","date_gmt":"2018-02-08T14:22:46","guid":{"rendered":"https:\/\/www.djm.nl\/home\/welcome\/"},"modified":"2018-03-26T15:50:19","modified_gmt":"2018-03-26T14:50:19","slug":"wilkommen","status":"publish","type":"page","link":"https:\/\/www.djm.nl\/de\/home\/wilkommen\/","title":{"rendered":"Willkommen in unserer  'personalived' Inkjet-Welt"},"content":{"rendered":"<div id=\"pl-1194\"  class=\"panel-layout\" ><div id=\"pg-1194-0\"  class=\"panel-grid panel-no-style\" ><div id=\"pgc-1194-0-0\"  class=\"panel-grid-cell\" ><div id=\"panel-1194-0-0-0\" class=\"so-panel widget widget_sow-editor panel-first-child\" data-index=\"0\" ><div class=\"so-widget-sow-editor so-widget-sow-editor-base\">\n<div class=\"siteorigin-widget-tinymce textwidget\">\n\t<h1>Willkommen in unserer 'Personalived' Inkjet-Welt<br \/><img loading=\"lazy\" decoding=\"async\" class=\"alignright wp-image-606 size-custom-size-250\" src=\"https:\/\/www.djm.nl\/wp-content\/uploads\/2018\/02\/DJM-inkjet-solutions-250x250.jpg\" alt=\"\" width=\"250\" height=\"250\" srcset=\"https:\/\/www.djm.nl\/wp-content\/uploads\/2018\/02\/DJM-inkjet-solutions-250x250.jpg 250w, https:\/\/www.djm.nl\/wp-content\/uploads\/2018\/02\/DJM-inkjet-solutions-150x150.jpg 150w, https:\/\/www.djm.nl\/wp-content\/uploads\/2018\/02\/DJM-inkjet-solutions-300x300.jpg 300w, https:\/\/www.djm.nl\/wp-content\/uploads\/2018\/02\/DJM-inkjet-solutions-768x768.jpg 768w, https:\/\/www.djm.nl\/wp-content\/uploads\/2018\/02\/DJM-inkjet-solutions-200x200.jpg 200w, https:\/\/www.djm.nl\/wp-content\/uploads\/2018\/02\/DJM-inkjet-solutions.jpg 945w\" sizes=\"auto, (max-width: 250px) 100vw, 250px\" \/><\/h1>\n<p>Der Grafikmarkt entwickelt sich weiter und zeigt sich deutlich in Trends wie Hybridkommunikation, Versionierung und Direct-mail. Als Druckdienstleister haben Sie viele Herausforderungen, z. B. kurze Produktionslaufzeiten und sinkende Durchlaufzeiten. F\u00fcr Ihren anhaltenden Erfolg ist es wichtig, neue Technologien zu implementieren, um Produktivit\u00e4t und Flexibilit\u00e4t zu verbessern und gleichzeitig Kosten zu sparen<\/p>\n<p>Wir entwickeln und liefern eine Reihe von Inkjet-Druckl\u00f6sungen basierend auf der neuesten Technologie, um Ihre anspruchsvollen variablen Datendruckanwendungen zu verbessern. Erstellen von High-End-Inkjet-Hardware- und Softwarel\u00f6sungen, um Ihre Kundenanforderungen zu erf\u00fcllen. Bringen Sie Ihre Unternehmensziele zum Leben.<\/p>\n<h2>Going the extra mile<\/h2>\n<p>Im aktuellen und zuk\u00fcnftigen Druckmarkt spielt\u00a0Inkjet eine wichtige Rolle bei einem gezielten Endverbraucher-Ansatz.\u00a0<\/p>\n<p><img loading=\"lazy\" decoding=\"async\" class=\"wp-image-496 size-custom-size-250 alignright\" src=\"https:\/\/www.djm.nl\/wp-content\/uploads\/2018\/02\/Welcome-DJM-250x250.png\" alt=\"\" width=\"250\" height=\"250\" \/><\/p>\n<p>Bei der Kundenbindung, aber auch bei der Kundensicherheit. Unsere Inkjet-L\u00f6sungen helfen Ihnen und Ihren Kunden, unverwechselbare Produkte f\u00fcr individuelle Bed\u00fcrfnisse zu entwickeln.<br \/>Als Ihr zuverl\u00e4ssiger Gesch\u00e4ftspartner nehmen wir gerne den pers\u00f6nlichen Ansatz. Gehen Sie die extra Meile. Wir sind stolz auf die besten industriellen Inkjet-L\u00f6sungen.<\/p>\n<p>Ihre Tintenstrahltr\u00e4ume - Personalived.\u00a0<\/p>\n<p>&nbsp;<\/p>\n<\/div>\n<\/div><\/div><div id=\"panel-1194-0-0-1\" class=\"so-panel widget widget_sow-cta panel-last-child\" data-index=\"1\" ><div class=\"so-widget-sow-cta so-widget-sow-cta-default-4208922e6c26-1194\"><div class=\"sow-cta-base\">\n\n\t<div class=\"sow-cta-wrapper\">\n\n\t\t<div class=\"sow-cta-text\">\n\t\t\t<h4 class=\"sow-cta-title\">Suchen Sie nach der besten Erg\u00e4nzung f\u00fcr Ihre digitalen Druckauftr\u00e4ge?<\/h4>\n\t\t\t<h5 class=\"sow-cta-subtitle\">Inkjet bedeutet digitale Freiheit. DJM stellt sicher eine Inkjet-L\u00f6sung zur Verf\u00fcgung, die sowohl Ihren Unternehmen als auch den Bed\u00fcrfnissen Ihrer Kunden entspricht.<\/h5>\n\t\t<\/div>\n\n\t\t<div class=\"so-widget-sow-button so-widget-sow-button-atom-b4f6b6b19f96\"><div class=\"ow-button-base ow-button-align-center\">\n\t<a href=\"\" class=\"ow-icon-placement-left ow-button-hover\" \t\t>\n\t\t<span>\n\t\t\t\n\t\t\tKontaktieren Sie uns\t\t<\/span>\n\t<\/a>\n<\/div>\n<\/div>\n\t<\/div>\n\n<\/div>\n<\/div><\/div><\/div><\/div><\/div>","protected":false},"excerpt":{"rendered":"<p>Der Grafikmarkt entwickelt sich weiter und zeigt sich deutlich in Trends wie Hybridkommunikation, Versionierung und Direct-mail. Als Druckdienstleister haben Sie viele Herausforderungen, z. B. kurze Produktionslaufzeiten und sinkende Durchlaufzeiten. F\u00fcr Ihren anhaltenden Erfolg ist es wichtig, neue Technologien zu implementieren, um Produktivit\u00e4t und Flexibilit\u00e4t zu verbessern und gleichzeitig Kosten zu sparen<\/p>\n","protected":false},"author":4,"featured_media":2432,"parent":1192,"menu_order":1,"comment_status":"closed","ping_status":"closed","template":"","meta":{"footnotes":""},"class_list":["post-1194","page","type-page","status-publish","has-post-thumbnail","hentry"],"_links":{"self":[{"href":"https:\/\/www.djm.nl\/de\/wp-json\/wp\/v2\/pages\/1194","targetHints":{"allow":["GET"]}}],"collection":[{"href":"https:\/\/www.djm.nl\/de\/wp-json\/wp\/v2\/pages"}],"about":[{"href":"https:\/\/www.djm.nl\/de\/wp-json\/wp\/v2\/types\/page"}],"author":[{"embeddable":true,"href":"https:\/\/www.djm.nl\/de\/wp-json\/wp\/v2\/users\/4"}],"replies":[{"embeddable":true,"href":"https:\/\/www.djm.nl\/de\/wp-json\/wp\/v2\/comments?post=1194"}],"version-history":[{"count":4,"href":"https:\/\/www.djm.nl\/de\/wp-json\/wp\/v2\/pages\/1194\/revisions"}],"predecessor-version":[{"id":1199,"href":"https:\/\/www.djm.nl\/de\/wp-json\/wp\/v2\/pages\/1194\/revisions\/1199"}],"up":[{"embeddable":true,"href":"https:\/\/www.djm.nl\/de\/wp-json\/wp\/v2\/pages\/1192"}],"wp:featuredmedia":[{"embeddable":true,"href":"https:\/\/www.djm.nl\/de\/wp-json\/wp\/v2\/media\/2432"}],"wp:attachment":[{"href":"https:\/\/www.djm.nl\/de\/wp-json\/wp\/v2\/media?parent=1194"}],"curies":[{"name":"wp","href":"https:\/\/api.w.org\/{rel}","templated":true}]}}