{"id":1192,"date":"2018-02-07T15:47:10","date_gmt":"2018-02-07T14:47:10","guid":{"rendered":"https:\/\/www.djm.nl\/home\/"},"modified":"2024-05-23T16:58:41","modified_gmt":"2024-05-23T15:58:41","slug":"home","status":"publish","type":"page","link":"https:\/\/www.djm.nl\/de\/","title":{"rendered":"Home"},"content":{"rendered":"<div id=\"pl-gb1192-6a03d11e4ce19\"  class=\"panel-layout\" ><div id=\"pg-gb1192-6a03d11e4ce19-0\"  class=\"panel-grid panel-no-style\" ><div id=\"pgc-gb1192-6a03d11e4ce19-0-0\"  class=\"panel-grid-cell\" ><div id=\"panel-gb1192-6a03d11e4ce19-0-0-0\" class=\"so-panel widget widget_sow-editor panel-first-child panel-last-child\" data-index=\"0\" ><div class=\"so-widget-sow-editor so-widget-sow-editor-base\">\n<div class=\"siteorigin-widget-tinymce textwidget\">\n\t<h2>Zuverl\u00e4ssiger Partner f\u00fcr industrielle Inkjet Systeme<\/h2>\n<p>Sie m\u00f6chten einen zuver\u00e4ssigen, engagierten und qualifizierten Businesspartner der seine Versprechen h\u00e4lt? Mit \u00fcber mehr als 30 Jahren Erfahrung treiben wir Inkjet Technologien ans Limit. F\u00fchrende Druck-Industrien haben sich f\u00fcr DJM entschieden, da sie unsere pers\u00f6nlichen Ans\u00e4tze und unsere solide Technik sch\u00e4tzen. Unser Ziel ist es, Sie mit den besten Inkjet Systemen mit hochqualitativen variablen Daten-output und verbesserter Effizienz auszustatten.<\/p>\n<h2>Ihre digitalen Tr\u00e4ume \u201cpersonalived\u201d<\/h2>\n<p>Treffen sie die wachsenden Forderungen personalisierter Kommunikation im Druck durch Inkjet L\u00f6sungen. Helfen Sie Ihren Kunden, Kundenloyalit\u00e4t aufzubauen und sich besser zu vermarkten. Ihre Klienten m\u00fcssen die M\u00f6glichkeit bekommen, sich mit Ihren Kunden ausseinanderzusetzen und zu verbinden. DJM\u2019s industrielle Druckerhardware und -Software f\u00fcr professionellen Industriedruck personalisiert die Anspr\u00fcche Ihrer Kunden.<\/p>\n<h2>Flexibler industrieller Inkjet Druck<\/h2>\n<p>Ein digitales Druck-System das nur dem Standart entspricht, kann sich nicht Ihrem Workflow anpassen. Wir investieren Zeit, M\u00fche und finanzielle Mittel um f\u00fcr Sie das zuverl\u00e4ssigste Drucksystem auf dem Markt herzustellen. Als respektierter Partner bringen wir Drop on Demand Technologien von High Tech Firmen wie Hewlett Packard und Fujifilm Dimatix aufs n\u00e4chste Level. Unseren modularen Ans\u00e4tze kombiniert diese Technologien mit unserer Benutzerfreundlichen hybridkontrollierenden Software, um Ihnen eine grosse Vielfalt an Druckl\u00f6sungen und ultimative Flexibilit\u00e4t bieten zu k\u00f6nnen.<\/p>\n<\/div>\n<\/div><\/div><\/div><\/div><\/div>\n\n\n<style>\r\n\r\n#wpsm_counter_b_row_12509 .wpsm_counterbox\r\n{\r\n\ttext-align:center;\r\n\tmargin-top:50px;\r\n\tmargin-bottom:50px;\r\n}\r\n#wpsm_counter_b_row_12509 .wpsm_counterbox .wpsm_count-icon{\r\n\tdisplay:block;\r\n\tmargin-top:20px;\r\n\tpadding-top:0px;\r\n\tpadding-bottom:0px;\r\n\tmargin-bottom:0px;\r\n\tmargin:0 auto;\r\n}\r\n#wpsm_counter_b_row_12509 .wpsm_counterbox .wpsm_count-icon i{\r\n\tfont-size:68px;\r\n\tcolor:#042f70;\r\n}\r\n#wpsm_counter_b_row_12509 .wpsm_counterbox .wpsm_number{\r\n\tfont-size:55px;\r\n\tfont-weight:400;\r\n\tcolor:#e57936;\r\n\tfont-family:'Arial Black';\r\n\tletter-spacing:2px;\r\n\tmargin-top:20px;\r\n\tline-height: 1.3em;\r\n\tpadding-top:0px;\r\n\tpadding-bottom:0px;\r\n\tmargin-bottom:0px;\r\n}\r\n#wpsm_counter_b_row_12509 .wpsm_counterbox .wpsm_count-title{\r\n    font-size:30px;\r\n\tfont-weight:bolder;\r\n\tfont-family:'Arial Black';\r\n\tletter-spacing:2px;\r\n    color: #0c0c0c;\r\n\tfont-weight:400;\r\n\tmargin-top:20px;\r\n\tpadding-top:0px;\r\n\tpadding-bottom:0px;\r\n\tmargin-bottom:0px;\r\n\tline-height: 1.3em;\r\n}\r\n\r\n<\/style> \r\n\t\t \r\n\t\t\r\n\t\t<style>\r\n\t\t#wpsm_counter_b_row_12509\t\t\t{\r\n\t\t\t\t\r\n\t\t\t\tposition:relative;\r\n\t\t\t\twidth:100%;\r\n\t\t\t\toverflow:hidden;\r\n\t\t\t\ttext-align:center;\r\n\t\t\t}\r\n\t\t\t \r\n\t\t\t#wpsm_counter_b_row_12509 .wpsm_row{\r\n\t\t\toverflow:hidden;\r\n\t\t\tdisplay:block;\r\n\t\t\twidth:100%;\r\n\t\t\t} \r\n\t\t\t \r\n\t\t\t#wpsm_counter_b_row_12509 .wpsm_row{\r\n\t\t\toverflow:visible;\r\n\t\t\t} \r\n\t\t\t \r\n\t\t\t#wpsm_counter_b_row_12509 .wpsm_counterbox .wpsm_count-title{\r\n\t\t\tmin-height:56px;\r\n\t\t\t}}\r\n\t\t\t \r\n\t\t<\/style>\r\n\t\t\r\n\t\t<div class=\"wpsm_counter_b_row\" id=\"wpsm_counter_b_row_12509\">\r\n\t\t\t<div>\r\n\t\t\t\t<div class=\"wpsm_row\">\r\n\t\t\r\n\t\t\t\t\t\t<div class=\"wpsm_col-md-4 wpsm_col-sm-6\">\r\n\t\t\t\t\t<div class=\"wpsm_counterbox\">\r\n\t\t\t\t\t\t \r\n\t\t\t\t\t\t<div class=\"wpsm_count-icon\"><i #042f70 class=\"fa fa-globe\"><\/i><\/div>\r\n\t\t\t\t\t\t\t\t\t\t\t\t<div class=\"wpsm_number\" style=\"#e57936\" >\r\n\t\t\t\t\t\t   <span class=\"counter\">28\t\t\t\t\t\t   <\/span>\r\n\t\t\t\t\t\t    \r\n\t\t\t\t\t    <\/div>\r\n\t\t\t\t\t\t<h3 class=\"wpsm_count-title\" #0c0c0c> L\u00e4nder<\/h3>\r\n\t\t\t\t\t\t \r\n\t\t\t\t\t<\/div>\r\n\t\t\t\t<\/div>\r\n\t\t\t\t\t\t\t\t\t<div class=\"wpsm_col-md-4 wpsm_col-sm-6\">\r\n\t\t\t\t\t<div class=\"wpsm_counterbox\">\r\n\t\t\t\t\t\t \r\n\t\t\t\t\t\t<div class=\"wpsm_count-icon\"><i #042f70 class=\"fa fa-check\"><\/i><\/div>\r\n\t\t\t\t\t\t\t\t\t\t\t\t<div class=\"wpsm_number\" style=\"#e57936\" >\r\n\t\t\t\t\t\t   <span class=\"counter\">308\t\t\t\t\t\t   <\/span>\r\n\t\t\t\t\t\t    \r\n\t\t\t\t\t    <\/div>\r\n\t\t\t\t\t\t<h3 class=\"wpsm_count-title\" #0c0c0c> Installations<\/h3>\r\n\t\t\t\t\t\t \r\n\t\t\t\t\t<\/div>\r\n\t\t\t\t<\/div>\r\n\t\t\t\t\t\t\t\t\t<div class=\"wpsm_col-md-4 wpsm_col-sm-6\">\r\n\t\t\t\t\t<div class=\"wpsm_counterbox\">\r\n\t\t\t\t\t\t \r\n\t\t\t\t\t\t<div class=\"wpsm_count-icon\"><i #042f70 class=\"fa fa-percent\"><\/i><\/div>\r\n\t\t\t\t\t\t\t\t\t\t\t\t<div class=\"wpsm_number\" style=\"#e57936\" >\r\n\t\t\t\t\t\t   <span class=\"counter\">99\t\t\t\t\t\t   <\/span>\r\n\t\t\t\t\t\t    \r\n\t\t\t\t\t    <\/div>\r\n\t\t\t\t\t\t<h3 class=\"wpsm_count-title\" #0c0c0c> Uptime<\/h3>\r\n\t\t\t\t\t\t \r\n\t\t\t\t\t<\/div>\r\n\t\t\t\t<\/div>\r\n\t\t\t\t\t\t<\/div>\r\n\t\t\t<div class=\"wpsm_row\">\r\n\t\t\t\t\t\t\r\n\t\t\t<\/div>\t\t\t\t<\/div>\r\n\t\t<\/div>\r\n\t\t\r\n\t\n","protected":false},"excerpt":{"rendered":"","protected":false},"author":9,"featured_media":0,"parent":0,"menu_order":0,"comment_status":"closed","ping_status":"closed","template":"","meta":{"footnotes":""},"class_list":["post-1192","page","type-page","status-publish","hentry"],"_links":{"self":[{"href":"https:\/\/www.djm.nl\/de\/wp-json\/wp\/v2\/pages\/1192","targetHints":{"allow":["GET"]}}],"collection":[{"href":"https:\/\/www.djm.nl\/de\/wp-json\/wp\/v2\/pages"}],"about":[{"href":"https:\/\/www.djm.nl\/de\/wp-json\/wp\/v2\/types\/page"}],"author":[{"embeddable":true,"href":"https:\/\/www.djm.nl\/de\/wp-json\/wp\/v2\/users\/9"}],"replies":[{"embeddable":true,"href":"https:\/\/www.djm.nl\/de\/wp-json\/wp\/v2\/comments?post=1192"}],"version-history":[{"count":7,"href":"https:\/\/www.djm.nl\/de\/wp-json\/wp\/v2\/pages\/1192\/revisions"}],"predecessor-version":[{"id":13689,"href":"https:\/\/www.djm.nl\/de\/wp-json\/wp\/v2\/pages\/1192\/revisions\/13689"}],"wp:attachment":[{"href":"https:\/\/www.djm.nl\/de\/wp-json\/wp\/v2\/media?parent=1192"}],"curies":[{"name":"wp","href":"https:\/\/api.w.org\/{rel}","templated":true}]}}