{"id":1189,"date":"2017-12-25T11:30:43","date_gmt":"2017-12-25T11:30:43","guid":{"rendered":"https:\/\/www.djm.nl\/contact\/"},"modified":"2025-02-04T08:16:45","modified_gmt":"2025-02-04T07:16:45","slug":"contact","status":"publish","type":"page","link":"https:\/\/www.djm.nl\/de\/contact\/","title":{"rendered":"Kontakt Informationen"},"content":{"rendered":"<div id=\"pl-1189\"  class=\"panel-layout\" ><div id=\"pg-1189-0\"  class=\"panel-grid panel-no-style\" ><div id=\"pgc-1189-0-0\"  class=\"panel-grid-cell\" ><div id=\"panel-1189-0-0-0\" class=\"so-panel widget widget_sow-editor panel-first-child panel-last-child\" data-index=\"0\" ><div class=\"so-widget-sow-editor so-widget-sow-editor-base\">\n<div class=\"siteorigin-widget-tinymce textwidget\">\n\t<p>Kontaktieren Sie uns f\u00fcr erh\u00f6hte Druckm\u00f6glichkeiten. F\u00fcllen Sie das Formular aus, um weitere Informationen zu industriellen Tintenstrahll\u00f6sungen zu erhalten und Ihre Druckanforderungen zu ermitteln.<\/p>\n<h3><strong>DJM BV<\/strong><strong><img loading=\"lazy\" decoding=\"async\" class=\"alignright wp-image-7489\" src=\"https:\/\/www.djm.nl\/wp-content\/uploads\/2021\/12\/LinkedIn-post-kopie-250x131.png\" alt=\"\" width=\"500\" height=\"262\" srcset=\"https:\/\/www.djm.nl\/wp-content\/uploads\/2021\/12\/LinkedIn-post-kopie-250x131.png 250w, https:\/\/www.djm.nl\/wp-content\/uploads\/2021\/12\/LinkedIn-post-kopie-300x157.png 300w, https:\/\/www.djm.nl\/wp-content\/uploads\/2021\/12\/LinkedIn-post-kopie-1024x536.png 1024w, https:\/\/www.djm.nl\/wp-content\/uploads\/2021\/12\/LinkedIn-post-kopie-768x402.png 768w, https:\/\/www.djm.nl\/wp-content\/uploads\/2021\/12\/LinkedIn-post-kopie-200x105.png 200w, https:\/\/www.djm.nl\/wp-content\/uploads\/2021\/12\/LinkedIn-post-kopie-150x79.png 150w, https:\/\/www.djm.nl\/wp-content\/uploads\/2021\/12\/LinkedIn-post-kopie.png 1200w\" sizes=\"auto, (max-width: 500px) 100vw, 500px\" \/><\/strong><\/h3>\n<p><strong>Besucheradresse:<br \/>\n<\/strong>Nobelstraat 38<br \/>\n3846 CG HARDERWIJK<br \/>\nNiederlande<br \/>\nPhone: +31 341 43 70 00<br \/>\nEmail:\u00a0<a href=\"mailto:info@djm.nl\">info@djm.nl<\/a><\/p>\n<p><strong>Technischer Support:<\/strong><br \/>\n<a href=\"mailto:support@djm.nl\">support@djm.nl\u00a0<\/a><\/p>\n<p><strong>Konsumg\u00fcter und Ersatzteile<\/strong>:<br \/>\n<a href=\"mailto:Purchase@djm.nl\">Purchase@djm.nl<\/a><\/p>\n<hr style=\"margin: 1em 0;\" \/>\n<p>Deutsche\u00a0Bank: IBAN NL53DEUT0400906546<br \/>\nUST-IdNr.: NL 820417269.B01<br \/>\nHandelskammer: 08189241<\/p>\n<p>Bei all unseren Angeboten und Vertr\u00e4gen gelten die Allgemeinen Gesch\u00e4ftsbedingungen, die am 16. November 1999 von der Handelskammer in Apeldoorn, Niederlande, unter der Nummer 2219 hinterlegt wurden .\u00a0\u00a0<strong><u>Bitte lesen Sie unsere allgemeinen Gesch\u00e4ftsbedingungen.<\/u><\/strong><\/p>\n<\/div>\n<\/div><\/div><\/div><\/div><div id=\"pg-1189-1\"  class=\"panel-grid panel-no-style\" ><div id=\"pgc-1189-1-0\"  class=\"panel-grid-cell\" ><div id=\"panel-1189-1-0-0\" class=\"so-panel widget widget_text panel-first-child panel-last-child\" data-index=\"1\" >\t\t\t<div class=\"textwidget\">\n<div class=\"wpcf7 no-js\" id=\"wpcf7-f12791-o1\" lang=\"en-US\" dir=\"ltr\" data-wpcf7-id=\"12791\">\n<div class=\"screen-reader-response\"><p role=\"status\" aria-live=\"polite\" aria-atomic=\"true\"><\/p> <ul><\/ul><\/div>\n<form action=\"\/de\/wp-json\/wp\/v2\/pages\/1189#wpcf7-f12791-o1\" method=\"post\" class=\"wpcf7-form init\" aria-label=\"Contact form\" novalidate=\"novalidate\" data-status=\"init\">\n<fieldset class=\"hidden-fields-container\"><input type=\"hidden\" name=\"_wpcf7\" value=\"12791\" \/><input type=\"hidden\" name=\"_wpcf7_version\" value=\"6.1.5\" \/><input type=\"hidden\" name=\"_wpcf7_locale\" value=\"en_US\" \/><input type=\"hidden\" name=\"_wpcf7_unit_tag\" value=\"wpcf7-f12791-o1\" \/><input type=\"hidden\" name=\"_wpcf7_container_post\" value=\"0\" \/><input type=\"hidden\" name=\"_wpcf7_posted_data_hash\" value=\"\" \/><input type=\"hidden\" name=\"_wpcf7_recaptcha_response\" value=\"\" \/>\n<\/fieldset>\n<p><label> Firma (erforderlich)<br \/>\n<span class=\"wpcf7-form-control-wrap\" data-name=\"your-company\"><input size=\"40\" maxlength=\"400\" class=\"wpcf7-form-control wpcf7-text wpcf7-validates-as-required\" aria-required=\"true\" aria-invalid=\"false\" value=\"\" type=\"text\" name=\"your-company\" \/><\/span> <\/label>\n<\/p>\n<p><label> Name (erforderlich)<br \/>\n<span class=\"wpcf7-form-control-wrap\" data-name=\"your-name\"><input size=\"40\" maxlength=\"400\" class=\"wpcf7-form-control wpcf7-text wpcf7-validates-as-required\" aria-required=\"true\" aria-invalid=\"false\" value=\"\" type=\"text\" name=\"your-name\" \/><\/span> <\/label>\n<\/p>\n<p><label> E-Mail-Adresse (erforderlich)<br \/>\n<span class=\"wpcf7-form-control-wrap\" data-name=\"your-email\"><input size=\"40\" maxlength=\"400\" class=\"wpcf7-form-control wpcf7-email wpcf7-validates-as-required wpcf7-text wpcf7-validates-as-email\" aria-required=\"true\" aria-invalid=\"false\" value=\"\" type=\"email\" name=\"your-email\" \/><\/span> <\/label>\n<\/p>\n<p><label> Telefonnummer (erforderlich)<br \/>\n<span class=\"wpcf7-form-control-wrap\" data-name=\"your-phone\"><input size=\"40\" maxlength=\"400\" class=\"wpcf7-form-control wpcf7-text wpcf7-validates-as-required\" aria-required=\"true\" aria-invalid=\"false\" value=\"\" type=\"text\" name=\"your-phone\" \/><\/span> <\/label>\n<\/p>\n<p><label> Land (erforderlich)<br \/>\n<span class=\"wpcf7-form-control-wrap\" data-name=\"your-country\"><input size=\"40\" maxlength=\"400\" class=\"wpcf7-form-control wpcf7-text wpcf7-validates-as-required\" aria-required=\"true\" aria-invalid=\"false\" value=\"\" type=\"text\" name=\"your-country\" \/><\/span> <\/label>\n<\/p>\n<p><label> URL<br \/>\n<span class=\"wpcf7-form-control-wrap\" data-name=\"your-url\"><input size=\"40\" maxlength=\"400\" class=\"wpcf7-form-control wpcf7-text\" aria-invalid=\"false\" value=\"\" type=\"text\" name=\"your-url\" \/><\/span> <\/label>\n<\/p>\n<p><label> Arbeitsbeschreibung<br \/>\n<span class=\"wpcf7-form-control-wrap\" data-name=\"your-job-description\"><input size=\"40\" maxlength=\"400\" class=\"wpcf7-form-control wpcf7-text\" aria-invalid=\"false\" value=\"\" type=\"text\" name=\"your-job-description\" \/><\/span> <\/label>\n<\/p>\n<p><label> Interessen <\/label><br \/>\n<span class=\"wpcf7-form-control-wrap\" data-name=\"checkbox-Interessen\"><span class=\"wpcf7-form-control wpcf7-checkbox\"><span class=\"wpcf7-list-item first\"><input type=\"checkbox\" name=\"checkbox-Interessen[]\" value=\"Inkjet drucken\" \/><span class=\"wpcf7-list-item-label\">Inkjet drucken<\/span><\/span><span class=\"wpcf7-list-item\"><input type=\"checkbox\" name=\"checkbox-Interessen[]\" value=\"Schwarz-Weiss\" \/><span class=\"wpcf7-list-item-label\">Schwarz-Weiss<\/span><\/span><span class=\"wpcf7-list-item\"><input type=\"checkbox\" name=\"checkbox-Interessen[]\" value=\"Sonderfarbe\" \/><span class=\"wpcf7-list-item-label\">Sonderfarbe<\/span><\/span><span class=\"wpcf7-list-item last\"><input type=\"checkbox\" name=\"checkbox-Interessen[]\" value=\"Volle Farbe\" \/><span class=\"wpcf7-list-item-label\">Volle Farbe<\/span><\/span><\/span><\/span>\n<\/p>\n<p><label> Marktsegment <\/label><br \/>\n<span class=\"wpcf7-form-control-wrap\" data-name=\"checkbox-applications\"><span class=\"wpcf7-form-control wpcf7-checkbox\"><span class=\"wpcf7-list-item first\"><input type=\"checkbox\" name=\"checkbox-applications[]\" value=\"Lotterie und Bingo\" \/><span class=\"wpcf7-list-item-label\">Lotterie und Bingo<\/span><\/span><span class=\"wpcf7-list-item\"><input type=\"checkbox\" name=\"checkbox-applications[]\" value=\"Zahlen und Barcodes\" \/><span class=\"wpcf7-list-item-label\">Zahlen und Barcodes<\/span><\/span><span class=\"wpcf7-list-item\"><input type=\"checkbox\" name=\"checkbox-applications[]\" value=\"Personalisierung\" \/><span class=\"wpcf7-list-item-label\">Personalisierung<\/span><\/span><span class=\"wpcf7-list-item\"><input type=\"checkbox\" name=\"checkbox-applications[]\" value=\"Verpackung\" \/><span class=\"wpcf7-list-item-label\">Verpackung<\/span><\/span><span class=\"wpcf7-list-item\"><input type=\"checkbox\" name=\"checkbox-applications[]\" value=\"Variabler Datendruck\" \/><span class=\"wpcf7-list-item-label\">Variabler Datendruck<\/span><\/span><span class=\"wpcf7-list-item last\"><input type=\"checkbox\" name=\"checkbox-applications[]\" value=\"Anderes Interesse\" \/><span class=\"wpcf7-list-item-label\">Anderes Interesse<\/span><\/span><\/span><\/span>\n<\/p>\n<p><label> Nachricht<br \/>\n<span class=\"wpcf7-form-control-wrap\" data-name=\"your-message\"><textarea cols=\"40\" rows=\"10\" maxlength=\"2000\" class=\"wpcf7-form-control wpcf7-textarea\" aria-invalid=\"false\" name=\"your-message\"><\/textarea><\/span> <\/label>\n<\/p>\n<p><input class=\"wpcf7-form-control wpcf7-submit has-spinner\" type=\"submit\" value=\"Schicken\" \/>\n<\/p><div class=\"wpcf7-response-output\" aria-hidden=\"true\"><\/div>\n<\/form>\n<\/div>\n\n<\/div>\n\t\t<\/div><\/div><div id=\"pgc-1189-1-1\"  class=\"panel-grid-cell\" ><div id=\"panel-1189-1-1-0\" class=\"widget_text so-panel widget widget_custom_html panel-first-child panel-last-child\" data-index=\"2\" ><div class=\"textwidget custom-html-widget\"><iframe id=\"contact-map\" src=\"https:\/\/www.google.com\/maps\/embed?pb=!1m18!1m12!1m3!1d38979.309107600646!2d5.611409515275861!3d52.36666975523419!2m3!1f0!2f0!3f0!3m2!1i1024!2i768!4f13.1!3m3!1m2!1s0x47c63247b5d43685%3A0xc0a3c7ba4ec1f404!2sNobelstraat+38%2C+3846+CG+Harderwijk!5e0!3m2!1sen!2snl!4v1513980977516\" frameborder=\"0\" style=\"border:0; width: 100%; height: calc(100vw\/2);\" allowfullscreen><\/iframe><\/div><\/div><\/div><\/div><\/div>","protected":false},"excerpt":{"rendered":"<p>Kontaktieren Sie uns f\u00fcr erh\u00f6hte Druckm\u00f6glichkeiten. F\u00fcllen Sie das Formular aus, um weitere Informationen zu industriellen Tintenstrahll\u00f6sungen zu erhalten und Ihre Druckanforderungen zu ermitteln. DJM BV Besucheradresse: Nobelstraat 38 3846 CG HARDERWIJK Niederlande Phone: +31 341 43 70 00 Email:\u00a0info@djm.nl Technischer Support: support@djm.nl\u00a0 Konsumg\u00fcter und Ersatzteile: Purchase@djm.nl Deutsche\u00a0Bank: IBAN NL53DEUT0400906546 UST-IdNr.: NL 820417269.B01 Handelskammer: 08189241 [&hellip;]<\/p>\n","protected":false},"author":9,"featured_media":0,"parent":0,"menu_order":0,"comment_status":"closed","ping_status":"closed","template":"","meta":{"footnotes":""},"class_list":["post-1189","page","type-page","status-publish","hentry"],"_links":{"self":[{"href":"https:\/\/www.djm.nl\/de\/wp-json\/wp\/v2\/pages\/1189","targetHints":{"allow":["GET"]}}],"collection":[{"href":"https:\/\/www.djm.nl\/de\/wp-json\/wp\/v2\/pages"}],"about":[{"href":"https:\/\/www.djm.nl\/de\/wp-json\/wp\/v2\/types\/page"}],"author":[{"embeddable":true,"href":"https:\/\/www.djm.nl\/de\/wp-json\/wp\/v2\/users\/9"}],"replies":[{"embeddable":true,"href":"https:\/\/www.djm.nl\/de\/wp-json\/wp\/v2\/comments?post=1189"}],"version-history":[{"count":19,"href":"https:\/\/www.djm.nl\/de\/wp-json\/wp\/v2\/pages\/1189\/revisions"}],"predecessor-version":[{"id":14044,"href":"https:\/\/www.djm.nl\/de\/wp-json\/wp\/v2\/pages\/1189\/revisions\/14044"}],"wp:attachment":[{"href":"https:\/\/www.djm.nl\/de\/wp-json\/wp\/v2\/media?parent=1189"}],"curies":[{"name":"wp","href":"https:\/\/api.w.org\/{rel}","templated":true}]}}