{"id":1159,"date":"2018-02-07T16:41:59","date_gmt":"2018-02-07T15:41:59","guid":{"rendered":"https:\/\/www.djm.nl\/djm-inkjet-solutions\/"},"modified":"2024-01-18T12:12:24","modified_gmt":"2024-01-18T11:12:24","slug":"djm-inkjet-solutions","status":"publish","type":"page","link":"https:\/\/www.djm.nl\/de\/djm-inkjet-solutions\/","title":{"rendered":"About us"},"content":{"rendered":"<div id=\"pl-1159\"  class=\"panel-layout\" ><div id=\"pg-1159-0\"  class=\"panel-grid panel-no-style\" ><div id=\"pgc-1159-0-0\"  class=\"panel-grid-cell\" ><div id=\"panel-1159-0-0-0\" class=\"so-panel widget widget_sow-editor panel-first-child\" data-index=\"0\" ><div class=\"so-widget-sow-editor so-widget-sow-editor-base\">\n<div class=\"siteorigin-widget-tinymce textwidget\">\n\t<h2>Treffen Sie die 'leidenschaftlichen Innovatoren nachhaltiger Inkjet-L\u00f6sungen'<\/h2>\n<p>Indem wir aufgeschlossen auf alle Kundenanforderungen eingehen und aus jedem Projekt lernen, ist dies zu einer Erfahrung von mehr als 28 Jahren mit Inkjet-Druckl\u00f6sungen geworden.<\/p>\n<p>Unser Expertenteam ist leidenschaftlich daran interessiert, die Technologie voranzutreiben und dabei die neueste Technologie von globalen Technologief\u00fchrern anzuwenden. Wir m\u00f6gen es, herausgefordert zu werden und das Maximum aus der Technologie herauszuholen.<\/p>\n<p>Indem wir die Technologie st\u00e4ndig an ihre Grenzen bringen, lernen wir, die Technologie, ihr Verhalten und ihre Grenzen zu verstehen. Durch das Verst\u00e4ndnis all dieser Aspekte verf\u00fcgen wir \u00fcber das Wissen, um an neuen und innovativen Projekten zu arbeiten.<\/p>\n<\/div>\n<\/div><\/div><div id=\"panel-1159-0-0-1\" class=\"so-panel widget widget_sow-editor panel-last-child\" data-index=\"1\" ><div class=\"so-widget-sow-editor so-widget-sow-editor-base\">\n<div class=\"siteorigin-widget-tinymce textwidget\">\n\t<h2>Angetrieben durch technische F\u00fchrung<\/h2>\n<p>Um den Aufwand zu maximieren, mussten wir die Entwicklung selbst in die Hand nehmen. Mit einer Inhouse-Entwicklungsphilosophie verf\u00fcgen wir \u00fcber ein Expertenteam aus den Bereichen Mechatronik, (Treiber-)Elektronik, FPGA-Programmierung, Controller-Softwareentwicklung und -Integration.<\/p>\n<p>Daraus ist ein breites Portfolio an leistungsstarken und zuverl\u00e4ssigen Inkjet-L\u00f6sungen entstanden, die auf den jeweiligen Einsatzzweck skalierbar und von A bis Z durchdacht sind. Das Verst\u00e4ndnis der Einschr\u00e4nkungen er\u00f6ffnet eine Welt voller M\u00f6glichkeiten.<\/p>\n<\/div>\n<\/div><\/div><\/div><\/div><div id=\"pg-1159-1\"  class=\"panel-grid panel-no-style\" ><div id=\"pgc-1159-1-0\"  class=\"panel-grid-cell\" ><div id=\"panel-1159-1-0-0\" class=\"so-panel widget widget_sow-editor panel-first-child panel-last-child\" data-index=\"2\" ><div class=\"so-widget-sow-editor so-widget-sow-editor-base\">\n<div class=\"siteorigin-widget-tinymce textwidget\">\n\t<h2>Verantwortung \u00fcbernehmen durch Umsetzung nachhaltiger Entwicklungsziele<\/h2>\n<p>Die Welt um uns herum ver\u00e4ndert sich in rasantem Tempo, egal ob es um Klima, Infrastruktur, Menschenrechte, Armut oder Chancengleichheit geht.<\/p>\n<p>DJM ist davon \u00fcberzeugt, dass Unternehmen eine gro\u00dfe Verantwortung tragen und einen enormen Beitrag zur Verwirklichung einer besseren Welt leisten k\u00f6nnen.<\/p>\n<p>DJM m\u00f6chte durch eine nachhaltige Entwicklung einen aktiven Beitrag leisten, um die Auswirkungen auf die Umwelt zu minimieren. DJM erreicht dies durch eine aktive Politik zur Reduzierung der CO2-Emissionen. Dar\u00fcber hinaus durch die Entwicklung innovativer Produkte und smarter Services. Dar\u00fcber hinaus m\u00f6chte DJM ein Arbeitgeber sein, bei dem jeder Platz hat und jeder seinen Beitrag zur Gesellschaft leisten kann.<\/p>\n<p>Diese Ma\u00dfnahmen tragen dazu bei, die von den Vereinten Nationen initiierten globalen Ziele f\u00fcr nachhaltige Entwicklung (SDGs) zu erreichen.<\/p>\n<p><strong>DJM hat die verschiedenen Schwerpunktbereiche definiert, die zu uns passen und zu einer gerechteren, ges\u00fcnderen und sichereren Welt f\u00fcr alle beitragen!<\/strong><\/p>\n<p>DJM verfolgt eine aktive Politik, bei der wir uns auf Folgendes konzentrieren:<\/p>\n<ul>\n<li>Innovation<\/li>\n<li>Nachhaltigkeit<\/li>\n<li>Soziales Unternehmertum<\/li>\n<\/ul>\n<\/div>\n<\/div><\/div><\/div><div id=\"pgc-1159-1-1\"  class=\"panel-grid-cell\" ><div id=\"panel-1159-1-1-0\" class=\"so-panel widget widget_sow-editor panel-first-child panel-last-child\" data-index=\"3\" ><div class=\"so-widget-sow-editor so-widget-sow-editor-base\">\n<div class=\"siteorigin-widget-tinymce textwidget\">\n\t<p><img loading=\"lazy\" decoding=\"async\" class=\"alignnone wp-image-8516\" src=\"https:\/\/www.djm.nl\/wp-content\/uploads\/2022\/01\/SDG-2.png\" alt=\"\" width=\"500\" height=\"500\" srcset=\"https:\/\/www.djm.nl\/wp-content\/uploads\/2022\/01\/SDG-2.png 760w, https:\/\/www.djm.nl\/wp-content\/uploads\/2022\/01\/SDG-2-300x300.png 300w, https:\/\/www.djm.nl\/wp-content\/uploads\/2022\/01\/SDG-2-150x150.png 150w, https:\/\/www.djm.nl\/wp-content\/uploads\/2022\/01\/SDG-2-200x200.png 200w, https:\/\/www.djm.nl\/wp-content\/uploads\/2022\/01\/SDG-2-250x250.png 250w\" sizes=\"auto, (max-width: 500px) 100vw, 500px\" \/><\/p>\n<\/div>\n<\/div><\/div><\/div><\/div><div id=\"pg-1159-2\"  class=\"panel-grid panel-no-style\" ><div id=\"pgc-1159-2-0\"  class=\"panel-grid-cell\" ><div id=\"panel-1159-2-0-0\" class=\"so-panel widget widget_sow-editor panel-first-child panel-last-child\" data-index=\"4\" ><div class=\"so-widget-sow-editor so-widget-sow-editor-base\">\n<div class=\"siteorigin-widget-tinymce textwidget\">\n\t<h2>Innovation<\/h2>\n<h3>Nachhaltige Produkte entwickeln<\/h3>\n<p>Der Produktlebenszyklus elektronischer Produkte hat sich in den letzten Jahren enorm verk\u00fcrzt, neue Generationen folgen schneller aufeinander und es entsteht ein M\u00fcllberg.<\/p>\n<p>DJM liefert Produkte mit langer Lebensdauer und Einsatzf\u00e4higkeit. Deshalb ist eine Entwicklungsphilosophie, die gezielt auf den modularen Einsatz von Komponenten, Skalierbarkeit, Nachhaltigkeit und Wiederverwendung setzt, eine M\u00f6glichkeit, diese Komponenten langfristig zu erhalten und Koh\u00e4renz zu praktizieren.<\/p>\n<p>Durch modularen Einsatz von Komponenten, wodurch die Komponenten auch breiter einsetzbar sind. Ein zus\u00e4tzlicher Vorteil besteht darin, dass Systeme eingesetzt werden k\u00f6nnen, bei denen die vorhandene Technologie wiederverwendet wird.<\/p>\n<p>Diese Entwicklung f\u00fchrt zu einer Reduzierung der Altger\u00e4te und f\u00fchrt zu weniger Abfall. Zudem wird weniger Rohmaterial f\u00fcr die Produktion neuer Bauteile ben\u00f6tigt.<\/p>\n<p>&nbsp;<\/p>\n<h2>Nachhaltigkeit<\/h2>\n<h3>Reduzierung der eigenen CO2-Emissionen<\/h3>\n<p>DJM m\u00f6chte seinen \u00f6kologischen Fu\u00dfabdruck durch aktives Energiemanagement reduzieren, indem es kontinuierlich pr\u00fcft, wie der Verbrauch reduziert werden kann. Der erste Schritt wurde durch die Umsetzung verschiedener Ma\u00dfnahmen \u2013 wie der Einf\u00fchrung von LED-Beleuchtung, der Installation eines umfassenden Heiz- und K\u00fchlsystems, das ein optimales Arbeitsklima mit optimiertem Energieverbrauch schafft, und der Reduzierung des Standby-Energieverbrauchs \u2013 getan und hat sich bew\u00e4hrt sofortige Reduzierung des Energieverbrauchs. geliefert. Dar\u00fcber hinaus wurde mit der Elektrifizierung der Fahrzeugflotte begonnen, was den Kraftstoffverbrauch enorm senken wird.<\/p>\n<h3><\/h3>\n<h3>Reduzierung der CO2-Emissionen durch intelligentes Produktdesign<\/h3>\n<p>Zus\u00e4tzlich zur nachhaltigen Entwicklung arbeitet DJM an einer v\u00f6llig neuen Designphilosophie, die auf Einfachheit und optimaler Komponentennutzung basiert.<\/p>\n<p>Bei der Entwicklung der Drucksysteme erfolgt eine sorgf\u00e4ltige Auswahl unter Ber\u00fccksichtigung nachhaltiger und \u00f6kologischer Auswirkungen.<\/p>\n<p>Dar\u00fcber hinaus arbeiten wir nach strengen Richtlinien f\u00fcr den industriellen Einsatz und die Wartungsfreundlichkeit. Dazu geh\u00f6ren das Layout des logischen Druckmoduls, die Position und Zug\u00e4nglichkeit der Komponenten, damit ein Techniker den Service problemlos nutzen kann. Mittels Login-M\u00f6glichkeiten k\u00f6nnen lokale Serviceteams aus der Ferne unterst\u00fctzt werden, sodass die Wartung im eigenen Haus durchgef\u00fchrt werden kann.<\/p>\n<p>Aus diesem Grund arbeitet DJM an 'out of the box'-L\u00f6sungen, bei denen der Endbenutzer die Ausr\u00fcstung einfach selbst installieren kann, unterst\u00fctzt vom 'DJM-Supportcenter'.<\/p>\n<p>Dar\u00fcber hinaus glaubt DJM fest an 'einfach zu wartende' Systeme. Bei der Entwicklung der Systeme erfolgt eine sorgf\u00e4ltige Auswahl anhand der Lebensdauer. DJM hat ein spezielles 'Diagnosetool' entwickelt, um Benutzern weltweit Fernunterst\u00fctzung zu bieten.<\/p>\n<p>Alle diese L\u00f6sungen konzentrieren sich auf die Selbstinstallation und den Service, der von den eigenen Technikern lokaler Techniker durchgef\u00fchrt wird. Dadurch ist in vielen F\u00e4llen ein DJM-Techniker vor Ort nicht mehr notwendig, was weniger Reisen mit dem Auto oder Flugzeug bedeutet.<\/p>\n<h3><\/h3>\n<h3>Abfall reduzieren<\/h3>\n<p>DJM arbeitet eng mit Partnern an der Entwicklung anderer W\u00f6rter, die eine neue und bedarfsgerechte Produktionsweise erm\u00f6glichen. Dadurch kann genau das produziert werden, was ben\u00f6tigt wird, und dies f\u00fchrt zu weniger Abfall, Transport und Lagerung.<\/p>\n<p>Auch hier arbeitet DJM eng mit Markeninhabern zusammen, um Probleme zu l\u00f6sen. Gemeinsam pr\u00fcfen wir aktiv den Einsatz wiederverwertbarer Materialien mit dem Ziel, weniger Abfall zu produzieren und die Umwelt weniger zu belasten.<\/p>\n<\/div>\n<\/div><\/div><\/div><div id=\"pgc-1159-2-1\"  class=\"panel-grid-cell\" ><div id=\"panel-1159-2-1-0\" class=\"so-panel widget widget_sow-editor panel-first-child panel-last-child\" data-index=\"5\" ><div class=\"so-widget-sow-editor so-widget-sow-editor-base\">\n<div class=\"siteorigin-widget-tinymce textwidget\">\n\t<p><img loading=\"lazy\" decoding=\"async\" class=\"alignnone wp-image-9427 size-thumbnail\" src=\"https:\/\/www.djm.nl\/wp-content\/uploads\/2022\/02\/sdg-12-1-150x150.png\" alt=\"\" width=\"150\" height=\"150\" srcset=\"https:\/\/www.djm.nl\/wp-content\/uploads\/2022\/02\/sdg-12-1-150x150.png 150w, https:\/\/www.djm.nl\/wp-content\/uploads\/2022\/02\/sdg-12-1-200x200.png 200w, https:\/\/www.djm.nl\/wp-content\/uploads\/2022\/02\/sdg-12-1.png 225w\" sizes=\"auto, (max-width: 150px) 100vw, 150px\" \/><\/p>\n<\/div>\n<\/div><\/div><\/div><\/div><div id=\"pg-1159-3\"  class=\"panel-grid panel-no-style\" ><div id=\"pgc-1159-3-0\"  class=\"panel-grid-cell\" ><div id=\"panel-1159-3-0-0\" class=\"so-panel widget widget_sow-editor panel-first-child panel-last-child\" data-index=\"6\" ><div class=\"so-widget-sow-editor so-widget-sow-editor-base\">\n<div class=\"siteorigin-widget-tinymce textwidget\">\n\t<h2>Soziales Unternehmertum<\/h2>\n<p>Wir glauben, dass es wichtig ist, eine Welt zu schaffen, in der jeder ohne Ausnahme teilnimmt. Dazu ist es wichtig, dass Ungleichheit beseitigt wird und Chancengleichheit f\u00fcr alle Bev\u00f6lkerungsgruppen gew\u00e4hrleistet wird. Daher muss soziale, wirtschaftliche und politische Inklusion f\u00fcr alle erm\u00f6glicht werden, unabh\u00e4ngig von Alter, Geschlecht, Behinderung, Rasse, ethnischer Zugeh\u00f6rigkeit, Herkunft, Religion oder wirtschaftlichem oder sonstigem Status.<\/p>\n<p>DJM bietet Raum f\u00fcr alle und verfolgt eine Einstellungspolitik, die auf Chancengleichheit basiert, unabh\u00e4ngig von der pers\u00f6nlichen Situation oder den Umst\u00e4nden. Mit besonderem Augenmerk auf den Einzelnen glauben wir, dass wir ein sicheres Arbeitsumfeld schaffen und zur pers\u00f6nlichen Entwicklung und zum Wachstum beitragen k\u00f6nnen.<\/p>\n<p>Hierf\u00fcr funktioniert DJM auch mit '<a href=\"https:\/\/www.djm.nl\/djm-works-together-with-inclusief-groep-on-an-inclusive-labor-market\/#more-8947\">Inclusief Groep<\/a>'.<\/p>\n<p>&nbsp;<\/p>\n<h3><\/h3>\n<\/div>\n<\/div><\/div><\/div><div id=\"pgc-1159-3-1\"  class=\"panel-grid-cell\" ><div id=\"panel-1159-3-1-0\" class=\"so-panel widget widget_sow-editor panel-first-child panel-last-child\" data-index=\"7\" ><div class=\"so-widget-sow-editor so-widget-sow-editor-base\">\n<div class=\"siteorigin-widget-tinymce textwidget\">\n\t<p><img loading=\"lazy\" decoding=\"async\" class=\"alignnone wp-image-9412 size-thumbnail\" src=\"https:\/\/www.djm.nl\/wp-content\/uploads\/2022\/02\/sdg-5-150x150.png\" alt=\"\" width=\"150\" height=\"150\" srcset=\"https:\/\/www.djm.nl\/wp-content\/uploads\/2022\/02\/sdg-5-150x150.png 150w, https:\/\/www.djm.nl\/wp-content\/uploads\/2022\/02\/sdg-5-200x200.png 200w, https:\/\/www.djm.nl\/wp-content\/uploads\/2022\/02\/sdg-5.png 225w\" sizes=\"auto, (max-width: 150px) 100vw, 150px\" \/>.\u00a0 \u00a0 \u00a0 \u00a0<img loading=\"lazy\" decoding=\"async\" class=\"alignnone wp-image-9422 size-thumbnail\" src=\"https:\/\/www.djm.nl\/wp-content\/uploads\/2022\/02\/sdg-10-150x150.png\" alt=\"\" width=\"150\" height=\"150\" srcset=\"https:\/\/www.djm.nl\/wp-content\/uploads\/2022\/02\/sdg-10-150x150.png 150w, https:\/\/www.djm.nl\/wp-content\/uploads\/2022\/02\/sdg-10-200x200.png 200w, https:\/\/www.djm.nl\/wp-content\/uploads\/2022\/02\/sdg-10.png 225w\" sizes=\"auto, (max-width: 150px) 100vw, 150px\" \/><\/p>\n<\/div>\n<\/div><\/div><\/div><\/div><div id=\"pg-1159-4\"  class=\"panel-grid panel-no-style\" ><div id=\"pgc-1159-4-0\"  class=\"panel-grid-cell\" ><div id=\"panel-1159-4-0-0\" class=\"so-panel widget widget_sow-editor panel-first-child panel-last-child\" data-index=\"8\" ><div class=\"so-widget-sow-editor so-widget-sow-editor-base\">\n<div class=\"siteorigin-widget-tinymce textwidget\">\n\t<h2>Kontinuierliche Verbesserung durch ISO 9001<\/h2>\n<p>DJM m\u00f6chte sich kontinuierlich verbessern, dies geschieht durch die Einf\u00fchrung eines Qualit\u00e4tsmanagementsystems nach ISO 9001:2015. Durch die Nutzung und Implementierung dieses Systems wird DJM seine Produkte und Verfahren kontinuierlich verbessern.<\/p>\n<p>Wenn Sie mehr \u00fcber unser Qualit\u00e4tsmanagementsystem ISO 9001:2015 erfahren m\u00f6chten, bitte <a href=\"mailto:info@djm.nl\">Kontaktiere uns<\/a>.<\/p>\n<\/div>\n<\/div><\/div><\/div><\/div><div id=\"pg-1159-5\"  class=\"panel-grid panel-no-style\" ><div id=\"pgc-1159-5-0\"  class=\"panel-grid-cell\" ><div id=\"panel-1159-5-0-0\" class=\"so-panel widget widget_sow-editor panel-first-child panel-last-child\" data-index=\"9\" ><div class=\"so-widget-sow-editor so-widget-sow-editor-base\">\n<div class=\"siteorigin-widget-tinymce textwidget\">\n\t<h2>Zuverl\u00e4ssiger Partner, der weltweit agiert<br \/>\n<img loading=\"lazy\" decoding=\"async\" class=\"alignright wp-image-9478\" src=\"https:\/\/www.djm.nl\/wp-content\/uploads\/2022\/02\/global-installs-JAN22-1024x676.png\" alt=\"\" width=\"600\" height=\"396\" srcset=\"https:\/\/www.djm.nl\/wp-content\/uploads\/2022\/02\/global-installs-JAN22-1024x676.png 1024w, https:\/\/www.djm.nl\/wp-content\/uploads\/2022\/02\/global-installs-JAN22-300x198.png 300w, https:\/\/www.djm.nl\/wp-content\/uploads\/2022\/02\/global-installs-JAN22-768x507.png 768w, https:\/\/www.djm.nl\/wp-content\/uploads\/2022\/02\/global-installs-JAN22-200x132.png 200w, https:\/\/www.djm.nl\/wp-content\/uploads\/2022\/02\/global-installs-JAN22-250x165.png 250w, https:\/\/www.djm.nl\/wp-content\/uploads\/2022\/02\/global-installs-JAN22-150x99.png 150w, https:\/\/www.djm.nl\/wp-content\/uploads\/2022\/02\/global-installs-JAN22.png 1116w\" sizes=\"auto, (max-width: 600px) 100vw, 600px\" \/><\/h2>\n<p>Sie m\u00f6chten, dass Ihr Partner zuverl\u00e4ssig, engagiert, kreativ, innovativ und qualifiziert ist. F\u00fchrende Unternehmen der Druckindustrie auf der ganzen Welt haben sich f\u00fcr Inkjet-L\u00f6sungen an DJM gewandt, weil sie unseren pers\u00f6nlichen Ansatz, solide Technik, Leidenschaft f\u00fcr Technologie und Innovation sch\u00e4tzen.<\/p>\n<p>&nbsp;<\/p>\n<h2>Flexible industrielle Inkjet-L\u00f6sungen<\/h2>\n<p>Unser Ziel ist es, unseren Kunden die leistungsst\u00e4rkste verf\u00fcgbare Inkjet-Druckl\u00f6sung anzubieten.<\/p>\n<p>Deshalb investieren wir all unsere M\u00fche, Zeit und Geld, um die zuverl\u00e4ssigsten Systeme zu entwickeln und zu liefern. Daf\u00fcr arbeiten wir eng mit renommierten Partnern der Drop-on-Demand-Tintenstrahltechnologie wie Kyocera, Fujifilm Dimatix und HP zusammen. Unser modularer Ansatz kombiniert diese Technologien mit benutzerfreundlicher Hybrid-Steuerungssoftware, um Ihnen eine breite Palette an Druckl\u00f6sungen und ultimative Flexibilit\u00e4t zu bieten.<\/p>\n<\/div>\n<\/div><\/div><\/div><\/div><div id=\"pg-1159-6\"  class=\"panel-grid panel-no-style\" ><div id=\"pgc-1159-6-0\"  class=\"panel-grid-cell\" ><div id=\"panel-1159-6-0-0\" class=\"so-panel widget widget_sow-cta panel-first-child panel-last-child\" data-index=\"10\" ><div class=\"so-widget-sow-cta so-widget-sow-cta-default-4208922e6c26-1159\"><div class=\"sow-cta-base\">\n\n\t<div class=\"sow-cta-wrapper\">\n\n\t\t<div class=\"sow-cta-text\">\n\t\t\t<h4 class=\"sow-cta-title\">Interessiert an unserem nachhaltigen Ansatz zur industriellen Inkjet-Entwicklung?<\/h4>\n\t\t\t<h5 class=\"sow-cta-subtitle\">Lassen Sie uns Teil Ihrer Nachhaltigkeitsherausforderungen sein. Wir haben die Technologie und Leidenschaft, um Ihnen zum Erfolg zu verhelfen!<\/h5>\n\t\t<\/div>\n\n\t\t<div class=\"so-widget-sow-button so-widget-sow-button-atom-b4f6b6b19f96\"><div class=\"ow-button-base ow-button-align-center\">\n\t<a href=\"mailto:sales@djm.nl\" class=\"ow-icon-placement-left ow-button-hover\" \t\t>\n\t\t<span>\n\t\t\t\n\t\t\tkontaktiere uns\t\t<\/span>\n\t<\/a>\n<\/div>\n<\/div>\n\t<\/div>\n\n<\/div>\n<\/div><\/div><\/div><\/div><\/div>","protected":false},"excerpt":{"rendered":"<p>Treffen Sie die &#8218;leidenschaftlichen Innovatoren nachhaltiger Inkjet-L\u00f6sungen&#8216; Indem wir aufgeschlossen auf alle Kundenanforderungen eingehen und aus jedem Projekt lernen, ist dies zu einer Erfahrung von mehr als 28 Jahren mit Inkjet-Druckl\u00f6sungen geworden. Unser Expertenteam ist leidenschaftlich daran interessiert, die Technologie voranzutreiben und dabei die neueste Technologie von globalen Technologief\u00fchrern anzuwenden. Wir m\u00f6gen es, herausgefordert zu [&hellip;]<\/p>\n","protected":false},"author":9,"featured_media":0,"parent":0,"menu_order":0,"comment_status":"closed","ping_status":"closed","template":"","meta":{"footnotes":""},"class_list":["post-1159","page","type-page","status-publish","hentry"],"_links":{"self":[{"href":"https:\/\/www.djm.nl\/de\/wp-json\/wp\/v2\/pages\/1159","targetHints":{"allow":["GET"]}}],"collection":[{"href":"https:\/\/www.djm.nl\/de\/wp-json\/wp\/v2\/pages"}],"about":[{"href":"https:\/\/www.djm.nl\/de\/wp-json\/wp\/v2\/types\/page"}],"author":[{"embeddable":true,"href":"https:\/\/www.djm.nl\/de\/wp-json\/wp\/v2\/users\/9"}],"replies":[{"embeddable":true,"href":"https:\/\/www.djm.nl\/de\/wp-json\/wp\/v2\/comments?post=1159"}],"version-history":[{"count":18,"href":"https:\/\/www.djm.nl\/de\/wp-json\/wp\/v2\/pages\/1159\/revisions"}],"predecessor-version":[{"id":13067,"href":"https:\/\/www.djm.nl\/de\/wp-json\/wp\/v2\/pages\/1159\/revisions\/13067"}],"wp:attachment":[{"href":"https:\/\/www.djm.nl\/de\/wp-json\/wp\/v2\/media?parent=1159"}],"curies":[{"name":"wp","href":"https:\/\/api.w.org\/{rel}","templated":true}]}}