{"id":1140,"date":"2018-02-02T15:16:32","date_gmt":"2018-02-02T14:16:32","guid":{"rendered":"https:\/\/www.djm.nl\/cheetah\/"},"modified":"2024-05-23T08:23:24","modified_gmt":"2024-05-23T07:23:24","slug":"ultra-uv","status":"publish","type":"page","link":"https:\/\/www.djm.nl\/de\/ultra-uv\/","title":{"rendered":"Ultra UV"},"content":{"rendered":"<div id=\"pl-1140\"  class=\"panel-layout\" ><div id=\"pg-1140-0\"  class=\"panel-grid panel-no-style\" ><div id=\"pgc-1140-0-0\"  class=\"panel-grid-cell\" ><div id=\"panel-1140-0-0-0\" class=\"so-panel widget widget_sow-editor panel-first-child\" data-index=\"0\" ><div class=\"so-widget-sow-editor so-widget-sow-editor-base\">\n<div class=\"siteorigin-widget-tinymce textwidget\">\n\t<h3>Steigern Sie Ihren Durchsatz und Ihre Betriebszeit f\u00fcr eine h\u00f6here Rentabilit\u00e4t mit der Ultra UV Druckmodultechnologie von DJM<\/h3>\n<h4>Druckkopftechnologie<strong><img loading=\"lazy\" decoding=\"async\" class=\"alignright size-medium wp-image-7284\" src=\"https:\/\/www.djm.nl\/wp-content\/uploads\/2021\/12\/Ultra-HS-298x300.png\" alt=\"\" width=\"298\" height=\"300\" srcset=\"https:\/\/www.djm.nl\/wp-content\/uploads\/2021\/12\/Ultra-HS-298x300.png 298w, https:\/\/www.djm.nl\/wp-content\/uploads\/2021\/12\/Ultra-HS-150x150.png 150w, https:\/\/www.djm.nl\/wp-content\/uploads\/2021\/12\/Ultra-HS-768x774.png 768w, https:\/\/www.djm.nl\/wp-content\/uploads\/2021\/12\/Ultra-HS-200x200.png 200w, https:\/\/www.djm.nl\/wp-content\/uploads\/2021\/12\/Ultra-HS-248x250.png 248w, https:\/\/www.djm.nl\/wp-content\/uploads\/2021\/12\/Ultra-HS.png 797w\" sizes=\"auto, (max-width: 298px) 100vw, 298px\" \/><\/strong><\/h4>\n<p>Die <strong>Ultra UV<\/strong> Druckmodultechnologie verwendet den piezoelektrischen End-Shooter UV Druckkopf mit 600 dpi von Kyocera. Dieser Druckkopf zeichnet sich durch die hervorragende Strahlgeradheit, solide Konstruktion mit einer Stahld\u00fcsenplatte aus. Dar\u00fcber hinaus stehen f\u00fcr das System verschiedenste UV-basierte Farbsets zur Verf\u00fcgung, sodass f\u00fcr jede Anwendung die passende Farbe zur Verf\u00fcgung steht.<\/p>\n<p>Das <strong>Ultra UV<\/strong> Druckmodul kann f\u00fcr eine Vielzahl von Anwendungen verwendet werden. Abh\u00e4ngig von der f\u00fcr die Anwendung erforderlichen Druckaufl\u00f6sung sind Druckgeschwindigkeiten von bis zu 150 Metern pro Minute m\u00f6glich (bei einer Aufl\u00f6sung von 600 x 300 dpi).<\/p>\n<h4>Skalierbarkeit<\/h4>\n<p>Die Druckbreite des <strong>Ultra UV<\/strong> Druckmoduls wird entsprechend den gew\u00fcnschten Anwendungsanforderungen konfiguriert. Das <strong>Ultra UV<\/strong> Druckmodul kann mit einem einzelnen Druckkopf oder mit mehreren Druckk\u00f6pfen konfiguriert werden, die zusammen eine versetzte Druckleiste von bis zu 100 Zoll bilden.<\/p>\n<h4>Wachstumspfad<\/h4>\n<p>Die <strong>Ultra UV<\/strong> Druckmodule wurden f\u00fcr den flexiblen Einsatz entwickelt. Ein Schwarz-Wei\u00df-System kann zu einem Vollfarbsystem oder sogar mit zus\u00e4tzlichen Farben wie OVG oder RGB f\u00fcr einen breiteren Farbbereich erweitert werden. Dies gibt Ihnen die M\u00f6glichkeit, das Drucksystem mit Ihren Gesch\u00e4ftsanforderungen zu erweitern und Ihre Investition zu sch\u00fctzen.<\/p>\n<h4>Flexibler Einsatz<\/h4>\n<p>Die <strong>Ultra UV<\/strong> Druckmodule sind einfach zu integrieren, k\u00f6nnen aber auch als Stand-alone L\u00f6sung verwendet werden. Um das Optimum aus Ihrer Druckkonfiguration in Bezug auf Flexibilit\u00e4t, Effektivit\u00e4t und Wirtschaftlichkeit herauszuholen, setzen wir bei jedem Projekt Prinzipien wie maximale Leistung, Zuverl\u00e4ssigkeit und Benutzerfreundlichkeit um.<\/p>\n<p>Zur \u00dcberpr\u00fcfung von Druckausgaben wie 1D- und 2D-Codes bieten wir Kamerainspektionssysteme an.<\/p>\n<h4>Vorteile und Kostenersparnis<\/h4>\n<p>Die <strong>Ultra UV<\/strong> Druckmodultechnologie bietet viele Vorteile und Kosteneinsparungen, wie z. B. h\u00f6here Betriebszeit, schnellere Einrichtungszeit, hohe Bildqualit\u00e4t, Tintenflexibilit\u00e4t, keine Aufarbeitungskosten und vieles mehr. <a href=\"https:\/\/www.djm.nl\/de\/nutzen-und-kostenersparnis\/\">Weiterlesen<\/a><\/p>\n<h4>Zuverl\u00e4ssiger Partner<\/h4>\n<p>Sie wollen einen zuverl\u00e4ssigen, engagierten und qualifizierten Gesch\u00e4ftspartner. Versprechen und erf\u00fcllen. Bei DJM dreht sich alles um Tintenstrahl. Mit \u00fcber 30 Jahren Erfahrung bringen wir die industrielle Inkjet-Technologie an ihre Grenzen. F\u00fchrende Druckbranchen auf der ganzen Welt haben sich f\u00fcr Inkjet-L\u00f6sungen an DJM gewandt, weil sie unseren pers\u00f6nlichen Ansatz und unsere solide Technik sch\u00e4tzen. Unser Ziel ist es, Ihnen die besten Tintenstrahldruckl\u00f6sungen f\u00fcr eine qualitativ hochwertige variable Datenausgabe und mehr Effizienz anzubieten. <a href=\"https:\/\/www.djm.nl\/de\/unsere-versprechen\/\">Lesen Sie hier unser Versprechen<\/a><\/p>\n<p>&nbsp;<\/p>\n<h4>Ultra UV Vorteile<\/h4>\n<ul>\n<li>Einfach zu integrieren<\/li>\n<li>Hohe Geschwindigkeit - bis zu 150 m\/min<\/li>\n<li>UV-basierte Tintenflexibilit\u00e4t<\/li>\n<li>Skalierbare Breite - bis zu 100 Zoll breit<\/li>\n<li>Kosteneffizient<\/li>\n<\/ul>\n<\/div>\n<\/div><\/div><div id=\"panel-1140-0-0-1\" class=\"so-panel widget widget_sow-cta panel-last-child\" data-index=\"1\" ><div class=\"so-widget-sow-cta so-widget-sow-cta-default-4208922e6c26-1140\"><div class=\"sow-cta-base\">\n\n\t<div class=\"sow-cta-wrapper\">\n\n\t\t<div class=\"sow-cta-text\">\n\t\t\t<h4 class=\"sow-cta-title\">Suchen Sie nach einer vollst\u00e4ndigen UV-basierten Inkjet-Druckl\u00f6sung f\u00fcr Ihre Anwendung?<\/h4>\n\t\t\t<h5 class=\"sow-cta-subtitle\">Suchen Sie nicht weiter, wir k\u00f6nnen Ihnen eine ma\u00dfgeschneiderte L\u00f6sung anbieten, die Ihre Erwartungen \u00fcbertrifft!<\/h5>\n\t\t<\/div>\n\n\t\t<div class=\"so-widget-sow-button so-widget-sow-button-atom-b4f6b6b19f96\"><div class=\"ow-button-base ow-button-align-center\">\n\t<a href=\"mailto:sales@djm.nl\" class=\"ow-icon-placement-left ow-button-hover\" \t\t>\n\t\t<span>\n\t\t\t\n\t\t\tkontaktiere uns\t\t<\/span>\n\t<\/a>\n<\/div>\n<\/div>\n\t<\/div>\n\n<\/div>\n<\/div><\/div><\/div><\/div><\/div>","protected":false},"excerpt":{"rendered":"<p>Steigern Sie Ihren Durchsatz und Ihre Betriebszeit f\u00fcr eine h\u00f6here Rentabilit\u00e4t mit der Ultra UV Druckmodultechnologie von DJM Druckkopftechnologie Die Ultra UV Druckmodultechnologie verwendet den piezoelektrischen End-Shooter UV Druckkopf mit 600 dpi von Kyocera. Dieser Druckkopf zeichnet sich durch die hervorragende Strahlgeradheit, solide Konstruktion mit einer Stahld\u00fcsenplatte aus. Dar\u00fcber hinaus stehen f\u00fcr das System verschiedenste [&hellip;]<\/p>\n","protected":false},"author":9,"featured_media":0,"parent":0,"menu_order":0,"comment_status":"closed","ping_status":"closed","template":"","meta":{"footnotes":""},"class_list":["post-1140","page","type-page","status-publish","hentry"],"_links":{"self":[{"href":"https:\/\/www.djm.nl\/de\/wp-json\/wp\/v2\/pages\/1140","targetHints":{"allow":["GET"]}}],"collection":[{"href":"https:\/\/www.djm.nl\/de\/wp-json\/wp\/v2\/pages"}],"about":[{"href":"https:\/\/www.djm.nl\/de\/wp-json\/wp\/v2\/types\/page"}],"author":[{"embeddable":true,"href":"https:\/\/www.djm.nl\/de\/wp-json\/wp\/v2\/users\/9"}],"replies":[{"embeddable":true,"href":"https:\/\/www.djm.nl\/de\/wp-json\/wp\/v2\/comments?post=1140"}],"version-history":[{"count":34,"href":"https:\/\/www.djm.nl\/de\/wp-json\/wp\/v2\/pages\/1140\/revisions"}],"predecessor-version":[{"id":13551,"href":"https:\/\/www.djm.nl\/de\/wp-json\/wp\/v2\/pages\/1140\/revisions\/13551"}],"wp:attachment":[{"href":"https:\/\/www.djm.nl\/de\/wp-json\/wp\/v2\/media?parent=1140"}],"curies":[{"name":"wp","href":"https:\/\/api.w.org\/{rel}","templated":true}]}}