{"id":1134,"date":"2018-02-01T22:53:54","date_gmt":"2018-02-01T21:53:54","guid":{"rendered":"https:\/\/www.djm.nl\/kameleon\/"},"modified":"2024-05-23T10:02:58","modified_gmt":"2024-05-23T09:02:58","slug":"controller-software","status":"publish","type":"page","link":"https:\/\/www.djm.nl\/de\/produkte\/controller-software\/","title":{"rendered":"Controller Software"},"content":{"rendered":"<div id=\"pl-1134\"  class=\"panel-layout\" ><div id=\"pg-1134-0\"  class=\"panel-grid panel-no-style\" ><div id=\"pgc-1134-0-0\"  class=\"panel-grid-cell\" ><div id=\"panel-1134-0-0-0\" class=\"so-panel widget widget_sow-editor panel-first-child\" data-index=\"0\" ><div class=\"so-widget-sow-editor so-widget-sow-editor-base\">\n<div class=\"siteorigin-widget-tinymce textwidget\">\n\t<div id=\"panel-4663-0-0-0\" class=\"so-panel widget widget_sow-editor panel-first-child\" data-index=\"0\">\n<div class=\"so-widget-sow-editor so-widget-sow-editor-base\">\n<div class=\"siteorigin-widget-tinymce textwidget\">\n<h3>Als Druckdienstleister sind Sie stets bestrebt, Ihren Workflow zu rationalisieren, um f\u00fcr Ihre Kunden einen schnellen Weg zum Markt zu realisieren. Wie w\u00e4re es, mit unserer benutzerfreundlichen Inkjet-Druckcontroller-Software Betriebs- und Schulungszeit zu sparen?<\/h3>\n<h4>Ihr Workflow personalisiert<\/h4>\n<div id=\"attachment_12754\" style=\"width: 310px\" class=\"wp-caption alignright\"><img aria-describedby=\"caption-attachment-12754\" loading=\"lazy\" decoding=\"async\" class=\"wp-image-12754 size-medium\" src=\"https:\/\/www.djm.nl\/wp-content\/uploads\/2024\/01\/controller-300x296.png\" alt=\"\" width=\"300\" height=\"296\" srcset=\"https:\/\/www.djm.nl\/wp-content\/uploads\/2024\/01\/controller-300x296.png 300w, https:\/\/www.djm.nl\/wp-content\/uploads\/2024\/01\/controller-1024x1012.png 1024w, https:\/\/www.djm.nl\/wp-content\/uploads\/2024\/01\/controller-768x759.png 768w, https:\/\/www.djm.nl\/wp-content\/uploads\/2024\/01\/controller-200x198.png 200w, https:\/\/www.djm.nl\/wp-content\/uploads\/2024\/01\/controller-250x247.png 250w, https:\/\/www.djm.nl\/wp-content\/uploads\/2024\/01\/controller-150x148.png 150w, https:\/\/www.djm.nl\/wp-content\/uploads\/2024\/01\/controller.png 1271w\" sizes=\"auto, (max-width: 300px) 100vw, 300px\" \/><p id=\"caption-attachment-12754\" class=\"wp-caption-text\">DJM Data Station mit OctiPus controller<\/p><\/div>\n<p>Die Softwareplattform des DJM<strong> OctiPus Controllers<\/strong> ist flexibel, anpassungsf\u00e4hig und unabh\u00e4ngig von der Inkjet-Technologie. Mit unserer Echtzeit-Ripping-Philosophie steuert und kombiniert es verschiedene Inkjet-Drucktechnologien unabh\u00e4ngig oder mehrere Systeme in Harmonie. Es verf\u00fcgt \u00fcber eine intuitive, symbolgesteuerte und effiziente Benutzeroberfl\u00e4che. Die einfachen, klaren und konsistenten Qualit\u00e4ten machen die Inkjet-Druckverwaltungssoftware einfach zu bedienen und zu \u00fcbernehmen. So bleibt Ihrem Bedienpersonal Zeit, etwas zu bewirken.<\/p>\n<h4>Einfach zu bedienen, modular und on-the-fly<\/h4>\n<p>Steuerungssoftware muss eine nachhaltige Investition sein. Sie stellen sicher, dass die Anwendung st\u00e4ndig aktualisiert wird, um den aktuellen und zuk\u00fcnftigen Inkjet-Technologien gerecht zu werden. Und da Vorstellungskraft in verschiedenen Formaten vorliegt, hilft Ihnen die Softwareplattform, auf spezifische Kundenbed\u00fcrfnisse einzugehen. Seine hybriden Eigenschaften machen es kompatibel mit Ihrem Front-End-System f\u00fcr die m\u00fchelose Verarbeitung verschiedener Datenstr\u00f6me und -formate.<\/p>\n<h4>Flexible Dateneingabe<\/h4>\n<p>Die DJM <strong>OctiPus Controller<\/strong> Softwareplattform unterst\u00fctzt eine Vielzahl von Datenformaten wie PDF, IJDPS, CSV, TIFF, BMP, was Ihnen die Flexibilit\u00e4t gibt, Jobs ohne zeitaufw\u00e4ndige Vorbereitung auszuf\u00fchren.<\/p>\n<h4>Modularer Ansatz<\/h4>\n<p>Die Plattform erm\u00f6glicht es Ihnen, das richtige Modul f\u00fcr Ihren Druckauftrag auszuw\u00e4hlen.<\/p>\n<h4>Designer<\/h4>\n<p>Pr\u00e4zise und attraktive Druckauftr\u00e4ge sind ein absolutes Muss, der auftragsspezifische Layoutersteller stellt sicher, dass Sie die Nachfrage erf\u00fcllen k\u00f6nnen. W\u00e4hlen Sie aus der umfangreichen Schriftarten- und Barcode-Bibliothek und importieren Sie Ihre Daten einfach aus einer CSV-Datei. Druckauftr\u00e4ge f\u00fcr Barcodes, Adressierung und Etikettierung werden gem\u00e4\u00df Ihrem ma\u00dfgeschneiderten Layout erstellt.<\/p>\n<h4>Read &amp; Print<\/h4>\n<p>Die Datenintegrit\u00e4t ist f\u00fcr Ihren Kunden wichtig, um das Vertrauen der Kunden zu gewinnen und zu bewahren. Wenn ein Druckauftrag mit einem vorgedruckten Auftrag \u00fcbereinstimmen muss, ist das Read &amp; Print-Modul die richtige Wahl. Durch Scannen eines Barcodes auf dem vorgedruckten Dokument druckt die Software das passende Dokument.<\/p>\n<h4>Drucken von Dateien<\/h4>\n<p>Kein Bildaufwand. Drucken Sie einen Ordner mit Bilddateien in verschiedenen Erweiterungen in einem Druckauftrag. Funktioniert auch Standalone.<\/p>\n<h4>Master-Slave<\/h4>\n<p>Einfache Steuerung mehrerer Drucker? Master-Slave ist eine Schnittstelle, um mehrere Druckk\u00f6pfe einzurichten und Ihre Druckanwendung mit nur einem Tastendruck zu starten. Immer sachte.<\/p>\n<h4>Benutzerdefinierte Schnittstellen<\/h4>\n<p>Wir bieten ma\u00dfgeschneiderte Schnittstellenoptionen f\u00fcr L\u00f6sungspartner. Dadurch wird sichergestellt, dass unsere Inkjet-Drucktechnologie f\u00fcr maximale Leistung und optimale Benutzerfreundlichkeit optimal integriert ist.<\/p>\n<p>&nbsp;<\/p>\n<h4>Vorteile des DJM-Controllers<\/h4>\n<ul>\n<li>Hybrid<\/li>\n<li>Benutzerfreundlich<\/li>\n<li>Inkjet-Technologie unabh\u00e4ngig<\/li>\n<li>Zeitersparnis<\/li>\n<\/ul>\n<\/div>\n<\/div>\n<\/div>\n<\/div>\n<\/div><\/div><div id=\"panel-1134-0-0-1\" class=\"so-panel widget widget_sow-cta panel-last-child\" data-index=\"1\" ><div class=\"so-widget-sow-cta so-widget-sow-cta-default-4208922e6c26-1134\"><div class=\"sow-cta-base\">\n\n\t<div class=\"sow-cta-wrapper\">\n\n\t\t<div class=\"sow-cta-text\">\n\t\t\t<h4 class=\"sow-cta-title\">Suchen Sie nach einer hochmodernen Software-Controller-Plattform, die Ihr Inkjet-Drucksystem an seine Grenzen bringt?<\/h4>\n\t\t\t<h5 class=\"sow-cta-subtitle\">Suchen Sie nicht weiter, wir k\u00f6nnen Ihnen eine ma\u00dfgeschneiderte L\u00f6sung anbieten, die Ihre Erwartungen \u00fcbertrifft!<\/h5>\n\t\t<\/div>\n\n\t\t<div class=\"so-widget-sow-button so-widget-sow-button-atom-b4f6b6b19f96\"><div class=\"ow-button-base ow-button-align-center\">\n\t<a href=\"mailto:sales@djm.nl\" class=\"ow-icon-placement-left ow-button-hover\" \t\t>\n\t\t<span>\n\t\t\t\n\t\t\tkontaktiere uns\t\t<\/span>\n\t<\/a>\n<\/div>\n<\/div>\n\t<\/div>\n\n<\/div>\n<\/div><\/div><\/div><\/div><\/div>","protected":false},"excerpt":{"rendered":"<p>Als Druckdienstleister sind Sie stets bestrebt, Ihren Workflow zu rationalisieren, um f\u00fcr Ihre Kunden einen schnellen Weg zum Markt zu realisieren. Wie w\u00e4re es, mit unserer benutzerfreundlichen Inkjet-Druckcontroller-Software Betriebs- und Schulungszeit zu sparen? Ihr Workflow personalisiert Die Softwareplattform des DJM OctiPus Controllers ist flexibel, anpassungsf\u00e4hig und unabh\u00e4ngig von der Inkjet-Technologie. Mit unserer Echtzeit-Ripping-Philosophie steuert und [&hellip;]<\/p>\n","protected":false},"author":9,"featured_media":0,"parent":1214,"menu_order":0,"comment_status":"closed","ping_status":"closed","template":"","meta":{"footnotes":""},"class_list":["post-1134","page","type-page","status-publish","hentry"],"_links":{"self":[{"href":"https:\/\/www.djm.nl\/de\/wp-json\/wp\/v2\/pages\/1134","targetHints":{"allow":["GET"]}}],"collection":[{"href":"https:\/\/www.djm.nl\/de\/wp-json\/wp\/v2\/pages"}],"about":[{"href":"https:\/\/www.djm.nl\/de\/wp-json\/wp\/v2\/types\/page"}],"author":[{"embeddable":true,"href":"https:\/\/www.djm.nl\/de\/wp-json\/wp\/v2\/users\/9"}],"replies":[{"embeddable":true,"href":"https:\/\/www.djm.nl\/de\/wp-json\/wp\/v2\/comments?post=1134"}],"version-history":[{"count":27,"href":"https:\/\/www.djm.nl\/de\/wp-json\/wp\/v2\/pages\/1134\/revisions"}],"predecessor-version":[{"id":13607,"href":"https:\/\/www.djm.nl\/de\/wp-json\/wp\/v2\/pages\/1134\/revisions\/13607"}],"up":[{"embeddable":true,"href":"https:\/\/www.djm.nl\/de\/wp-json\/wp\/v2\/pages\/1214"}],"wp:attachment":[{"href":"https:\/\/www.djm.nl\/de\/wp-json\/wp\/v2\/media?parent=1134"}],"curies":[{"name":"wp","href":"https:\/\/api.w.org\/{rel}","templated":true}]}}